{"id":861,"date":"2017-05-27T09:11:40","date_gmt":"2017-05-27T09:11:40","guid":{"rendered":"http:\/\/gorniknr.pl\/pl\/?page_id=861"},"modified":"2017-07-04T09:13:57","modified_gmt":"2017-07-04T09:13:57","slug":"walne-zgromadzenie-2017","status":"publish","type":"page","link":"https:\/\/gorniknr.pl\/nr\/walne-zgromadzenie-2017\/","title":{"rendered":"Walne Zgromadzenie 2017"},"content":{"rendered":"<ol>\n<li><a href=\"https:\/\/gorniknr.pl\/nr\/wp-content\/uploads\/2017\/05\/gornik1.pdf\">Zawiadomienie<\/a><\/li>\n<li><a href=\"https:\/\/gorniknr.pl\/nr\/wp-content\/uploads\/2017\/05\/SP90017070410240.pdf\">Protok\u00f3\u0142 z Walnego Zgromadzenia<\/a><\/li>\n<li><a href=\"https:\/\/gorniknr.pl\/nr\/wp-content\/uploads\/2017\/05\/SP90017070410130regul.pdf\">Regulamin obrad WZCZ<\/a><\/li>\n<li><a href=\"https:\/\/gorniknr.pl\/nr\/wp-content\/uploads\/2017\/05\/Dok1.pdf\">Sprawozdanie Zarz\u0105du z realizacji wniosk\u00f3w przyj\u0119tych na WZCZ w dniu 25.06.2016r.<\/a><\/li>\n<li><a href=\"https:\/\/gorniknr.pl\/nr\/wp-content\/uploads\/2017\/05\/SP90017052710050.pdf\">Sprawozdanie Zarz\u0105du za 2016r.<\/a><\/li>\n<li><a href=\"https:\/\/gorniknr.pl\/nr\/wp-content\/uploads\/2017\/05\/sprawozdanie_finansowe_za_2016.pdf\">Sprawozdanie Finansowe za 2016r.<\/a><\/li>\n<li><a href=\"https:\/\/gorniknr.pl\/nr\/wp-content\/uploads\/2017\/05\/sprawozdanie_RN_za_2016.pdf\">Sprawozdanie Rady Nadzorczej za 2016r.<\/a><\/li>\n<li><a href=\"https:\/\/gorniknr.pl\/nr\/wp-content\/uploads\/2017\/05\/sprawozdanie_z_zalecen_polustracyjnych.pdf\">Sprawozdanie z zalece\u0144 polustracyjnych<\/a><\/li>\n<li><a href=\"https:\/\/gorniknr.pl\/nr\/wp-content\/uploads\/2017\/05\/wykaz_uchwal_do_podjecia_2017.pdf\">Wykaz podj\u0119tych uchwa\u0142:<\/a><br \/>\n<a href=\"https:\/\/gorniknr.pl\/nr\/wp-content\/uploads\/2017\/05\/SP90017070410280_0001.pdf\">Uchwa\u0142a nr 01\/2017<br \/>\n<\/a><a href=\"https:\/\/gorniknr.pl\/nr\/wp-content\/uploads\/2017\/05\/SP90017070410280_0002.pdf\">Uchwa\u0142a nr 02\/2017<\/a><a href=\"https:\/\/gorniknr.pl\/nr\/wp-content\/uploads\/2017\/05\/SP90017070410280_0001.pdf\"><br \/>\n<\/a><a href=\"https:\/\/gorniknr.pl\/nr\/wp-content\/uploads\/2017\/05\/SP90017070410280_0003.pdf\">Uchwa\u0142a nr 03\/2017<\/a><a href=\"https:\/\/gorniknr.pl\/nr\/wp-content\/uploads\/2017\/05\/SP90017070410280_0001.pdf\"><br \/>\n<\/a><a href=\"https:\/\/gorniknr.pl\/nr\/wp-content\/uploads\/2017\/05\/SP90017070410280_0004.pdf\">Uchwa\u0142a nr 04\/2017<\/a><a href=\"https:\/\/gorniknr.pl\/nr\/wp-content\/uploads\/2017\/05\/SP90017070410280_0001.pdf\"><br \/>\n<\/a><a href=\"https:\/\/gorniknr.pl\/nr\/wp-content\/uploads\/2017\/05\/SP90017070410280_0005.pdf\">Uchwa\u0142a nr 05\/2017<\/a><a href=\"https:\/\/gorniknr.pl\/nr\/wp-content\/uploads\/2017\/05\/SP90017070410280_0001.pdf\"><br \/>\n<\/a><a href=\"https:\/\/gorniknr.pl\/nr\/wp-content\/uploads\/2017\/05\/SP90017070410280_0006.pdf\">Uchwa\u0142a nr 06\/2017<\/a><a href=\"https:\/\/gorniknr.pl\/nr\/wp-content\/uploads\/2017\/05\/SP90017070410280_0001.pdf\"><br \/>\n<\/a><a href=\"https:\/\/gorniknr.pl\/nr\/wp-content\/uploads\/2017\/05\/SP90017070410280_0007.pdf\">Uchwa\u0142a nr 07\/2017<\/a><a href=\"https:\/\/gorniknr.pl\/nr\/wp-content\/uploads\/2017\/05\/SP90017070410280_0001.pdf\"><br \/>\n<\/a><a href=\"https:\/\/gorniknr.pl\/nr\/wp-content\/uploads\/2017\/05\/SP90017070410280_0008.pdf\">Uchwa\u0142a nr 08\/2017<\/a><a href=\"https:\/\/gorniknr.pl\/nr\/wp-content\/uploads\/2017\/05\/SP90017070410280_0001.pdf\"><br \/>\n<\/a><a href=\"https:\/\/gorniknr.pl\/nr\/wp-content\/uploads\/2017\/05\/SP90017070410280_0009.pdf\">Uchwa\u0142a nr 09\/2017<\/a><a href=\"https:\/\/gorniknr.pl\/nr\/wp-content\/uploads\/2017\/05\/SP90017070410280_0001.pdf\"><br \/>\n<\/a><a href=\"https:\/\/gorniknr.pl\/nr\/wp-content\/uploads\/2017\/05\/SP90017070410280_0010.pdf\">Uchwa\u0142a nr 10\/2017<br \/>\n<\/a><a href=\"https:\/\/gorniknr.pl\/nr\/wp-content\/uploads\/2017\/05\/SP90017070410280_0011.pdf\">Uchwa\u0142a nr 11\/2017<\/a><a href=\"https:\/\/gorniknr.pl\/nr\/wp-content\/uploads\/2017\/05\/SP90017070410280_0010.pdf\"><br \/>\n<\/a><a href=\"https:\/\/gorniknr.pl\/nr\/wp-content\/uploads\/2017\/05\/SP90017070410280_0012.pdf\">Uchwa\u0142a nr 12\/2017<\/a><a href=\"https:\/\/gorniknr.pl\/nr\/wp-content\/uploads\/2017\/05\/SP90017070410280_0010.pdf\"><br \/>\n<\/a><a href=\"https:\/\/gorniknr.pl\/nr\/wp-content\/uploads\/2017\/05\/SP90017070410280_0013.pdf\">Uchwa\u0142a nr 13\/2017<\/a><a href=\"https:\/\/gorniknr.pl\/nr\/wp-content\/uploads\/2017\/05\/SP90017070410280_0010.pdf\"><br \/>\n<\/a><a href=\"https:\/\/gorniknr.pl\/nr\/wp-content\/uploads\/2017\/05\/SP90017070410280_0014.pdf\">Uchwa\u0142a nr 14\/2017<\/a><a href=\"https:\/\/gorniknr.pl\/nr\/wp-content\/uploads\/2017\/05\/SP90017070410280_0010.pdf\"><br \/>\n<\/a><a href=\"https:\/\/gorniknr.pl\/nr\/wp-content\/uploads\/2017\/05\/SP90017070410280_0015.pdf\">Uchwa\u0142a nr 15\/2017<\/a><a href=\"https:\/\/gorniknr.pl\/nr\/wp-content\/uploads\/2017\/05\/SP90017070410280_0010.pdf\"><br \/>\n<\/a><a href=\"https:\/\/gorniknr.pl\/nr\/wp-content\/uploads\/2017\/05\/SP90017070410280_0016.pdf\">Uchwa\u0142a nr 16\/2017<\/a><a href=\"https:\/\/gorniknr.pl\/nr\/wp-content\/uploads\/2017\/05\/SP90017070410280_0010.pdf\"><br \/>\n<\/a><a href=\"https:\/\/gorniknr.pl\/nr\/wp-content\/uploads\/2017\/05\/SP90017070410280_0017.pdf\">Uchwa\u0142a nr 17\/2017<\/a><a href=\"https:\/\/gorniknr.pl\/nr\/wp-content\/uploads\/2017\/05\/SP90017070410280_0010.pdf\"><br \/>\n<\/a><a href=\"https:\/\/gorniknr.pl\/nr\/wp-content\/uploads\/2017\/05\/SP90017070410280_0018.pdf\">Uchwa\u0142a nr 18\/2017<\/a><a href=\"https:\/\/gorniknr.pl\/nr\/wp-content\/uploads\/2017\/05\/SP90017070410280_0010.pdf\"><br \/>\n<\/a><a href=\"https:\/\/gorniknr.pl\/nr\/wp-content\/uploads\/2017\/05\/SP90017070410280_0019.pdf\">Uchwa\u0142a nr 19\/2017<\/a><\/li>\n<\/ol>\n","protected":false},"excerpt":{"rendered":"<p>Zawiadomienie Protok\u00f3\u0142 z Walnego Zgromadzenia Regulamin obrad WZCZ Sprawozdanie Zarz\u0105du z realizacji wniosk\u00f3w przyj\u0119tych na WZCZ w dniu 25.06.2016r. Sprawozdanie Zarz\u0105du za 2016r. Sprawozdanie Finansowe za 2016r. Sprawozdanie Rady Nadzorczej za 2016r. Sprawozdanie z zalece\u0144 polustracyjnych Wykaz podj\u0119tych uchwa\u0142: Uchwa\u0142a nr 01\/2017 Uchwa\u0142a nr 02\/2017 Uchwa\u0142a nr 03\/2017 Uchwa\u0142a nr 04\/2017 Uchwa\u0142a nr 05\/2017 Uchwa\u0142a [&hellip;]<\/p>\n","protected":false},"author":1001004,"featured_media":0,"parent":0,"menu_order":0,"comment_status":"closed","ping_status":"closed","template":"","meta":{"_et_pb_use_builder":"","_et_pb_old_content":"","_et_gb_content_width":"","footnotes":""},"class_list":["post-861","page","type-page","status-publish","hentry"],"_links":{"self":[{"href":"https:\/\/gorniknr.pl\/nr\/wp-json\/wp\/v2\/pages\/861","targetHints":{"allow":["GET"]}}],"collection":[{"href":"https:\/\/gorniknr.pl\/nr\/wp-json\/wp\/v2\/pages"}],"about":[{"href":"https:\/\/gorniknr.pl\/nr\/wp-json\/wp\/v2\/types\/page"}],"author":[{"embeddable":true,"href":"https:\/\/gorniknr.pl\/nr\/wp-json\/wp\/v2\/users\/1001004"}],"replies":[{"embeddable":true,"href":"https:\/\/gorniknr.pl\/nr\/wp-json\/wp\/v2\/comments?post=861"}],"version-history":[{"count":5,"href":"https:\/\/gorniknr.pl\/nr\/wp-json\/wp\/v2\/pages\/861\/revisions"}],"predecessor-version":[{"id":930,"href":"https:\/\/gorniknr.pl\/nr\/wp-json\/wp\/v2\/pages\/861\/revisions\/930"}],"wp:attachment":[{"href":"https:\/\/gorniknr.pl\/nr\/wp-json\/wp\/v2\/media?parent=861"}],"curies":[{"name":"wp","href":"https:\/\/api.w.org\/{rel}","templated":true}]}}