{"id":716,"date":"2016-06-09T13:28:06","date_gmt":"2016-06-09T13:28:06","guid":{"rendered":"http:\/\/gorniknr.pl\/pl\/?page_id=716"},"modified":"2016-09-05T10:11:54","modified_gmt":"2016-09-05T10:11:54","slug":"walne-zgromadzenie-2016","status":"publish","type":"page","link":"https:\/\/gorniknr.pl\/nr\/walne-zgromadzenie-2016\/","title":{"rendered":"Walne Zgromadzenie 2016"},"content":{"rendered":"<ul>\n<li><a href=\"https:\/\/gorniknr.pl\/nr\/ogloszenie\/\">Zawiadomienie o Walnym Zgromadzeniu.<\/a><\/li>\n<li><a href=\"https:\/\/gorniknr.pl\/nr\/wp-content\/uploads\/2016\/06\/Regulamin-obrad-WZCz-2016..pdf\">Regulamin obrad WZCz 2016.<\/a><\/li>\n<li><a href=\"https:\/\/gorniknr.pl\/nr\/wp-content\/uploads\/2016\/06\/Sprawozdanie-Zarz\u0105du-za-2015r..pdf\">Sprawozdanie Zarz\u0105du za 2015r.<\/a><\/li>\n<li><a href=\"https:\/\/gorniknr.pl\/nr\/wp-content\/uploads\/2016\/06\/Sprawozdanie-finansowe-za-2015r.pdf\">Sprawozdanie finansowe za 2015r.<\/a><\/li>\n<li><a href=\"https:\/\/gorniknr.pl\/nr\/wp-content\/uploads\/2016\/06\/Sprawozdanie-Rady-Nadzorczej-za-2015r..pdf\">Sprawozdanie Rady Nadzorczej za 2015r.<\/a><\/li>\n<li><a href=\"https:\/\/gorniknr.pl\/nr\/wp-content\/uploads\/2016\/06\/Wnioski-z-WZCz.pdf\">Wnioski podj\u0119te na WZCZ w 2015 r i ich realizacja<\/a><a href=\"https:\/\/gorniknr.pl\/nr\/wp-content\/uploads\/2016\/06\/Sprawozdanie-Zarz\u0105du-za-2015r..pdf\">.<\/a><\/li>\n<li><a href=\"https:\/\/gorniknr.pl\/nr\/wp-content\/uploads\/2016\/06\/Zalecenia-polustracyjne.pdf\">Sprawozdanie Zarz\u0105du z realizacji wniosk\u00f3w polustracyjnych za lata 2010-2012<\/a><\/li>\n<li><a href=\"https:\/\/gorniknr.pl\/nr\/wp-content\/uploads\/2016\/06\/protokol_wzcz2016.pdf\">Protok\u00f3\u0142 z WZCz z dnia 25.06.2016.<\/a><\/li>\n<li><a href=\"https:\/\/gorniknr.pl\/nr\/wp-content\/uploads\/2016\/06\/wykaz_uchwal.pdf\">Wykaz podj\u0119tych uchwa\u0142.<\/a><\/li>\n<\/ul>\n","protected":false},"excerpt":{"rendered":"<p>Zawiadomienie o Walnym Zgromadzeniu. Regulamin obrad WZCz 2016. Sprawozdanie Zarz\u0105du za 2015r. Sprawozdanie finansowe za 2015r. Sprawozdanie Rady Nadzorczej za 2015r. Wnioski podj\u0119te na WZCZ w 2015 r i ich realizacja. Sprawozdanie Zarz\u0105du z realizacji wniosk\u00f3w polustracyjnych za lata 2010-2012 Protok\u00f3\u0142 z WZCz z dnia 25.06.2016. Wykaz podj\u0119tych uchwa\u0142.<\/p>\n","protected":false},"author":1001004,"featured_media":0,"parent":0,"menu_order":0,"comment_status":"closed","ping_status":"closed","template":"","meta":{"_et_pb_use_builder":"","_et_pb_old_content":"","_et_gb_content_width":"","footnotes":""},"class_list":["post-716","page","type-page","status-publish","hentry"],"_links":{"self":[{"href":"https:\/\/gorniknr.pl\/nr\/wp-json\/wp\/v2\/pages\/716","targetHints":{"allow":["GET"]}}],"collection":[{"href":"https:\/\/gorniknr.pl\/nr\/wp-json\/wp\/v2\/pages"}],"about":[{"href":"https:\/\/gorniknr.pl\/nr\/wp-json\/wp\/v2\/types\/page"}],"author":[{"embeddable":true,"href":"https:\/\/gorniknr.pl\/nr\/wp-json\/wp\/v2\/users\/1001004"}],"replies":[{"embeddable":true,"href":"https:\/\/gorniknr.pl\/nr\/wp-json\/wp\/v2\/comments?post=716"}],"version-history":[{"count":26,"href":"https:\/\/gorniknr.pl\/nr\/wp-json\/wp\/v2\/pages\/716\/revisions"}],"predecessor-version":[{"id":820,"href":"https:\/\/gorniknr.pl\/nr\/wp-json\/wp\/v2\/pages\/716\/revisions\/820"}],"wp:attachment":[{"href":"https:\/\/gorniknr.pl\/nr\/wp-json\/wp\/v2\/media?parent=716"}],"curies":[{"name":"wp","href":"https:\/\/api.w.org\/{rel}","templated":true}]}}