{"id":3331,"date":"2025-07-02T11:43:46","date_gmt":"2025-07-02T09:43:46","guid":{"rendered":"https:\/\/gorniknr.pl\/nr\/?page_id=3331"},"modified":"2025-07-02T11:43:47","modified_gmt":"2025-07-02T09:43:47","slug":"przetarg-na-wezly-w-p-14","status":"publish","type":"page","link":"https:\/\/gorniknr.pl\/nr\/przetarg-na-wezly-w-p-14\/","title":{"rendered":"Przetarg na w\u0119z\u0142y W.P 14"},"content":{"rendered":"\n<div class=\"wp-block-columns is-layout-flex wp-container-core-columns-is-layout-9d6595d7 wp-block-columns-is-layout-flex\">\n<div class=\"wp-block-column is-layout-flow wp-block-column-is-layout-flow\">\n<p><a href=\"https:\/\/gorniknr.pl\/nr\/wp-content\/uploads\/2025\/07\/przetarg-wezly-w.p-14.pdf\">przetarg w\u0119z\u0142y w.p 14<\/a><br><a href=\"https:\/\/gorniknr.pl\/nr\/wp-content\/uploads\/2025\/07\/SIWZ-zalacznik-1-formularz-ofertowy-6.pdf\">SIWZ &#8211; za\u0142\u0105cznik 1 &#8211; formularz ofertowy<\/a><br><a href=\"https:\/\/gorniknr.pl\/nr\/wp-content\/uploads\/2025\/07\/wezel-14-przedmiar.pdf\">w\u0119ze\u0142 14 przedmiar<\/a><br><a href=\"https:\/\/gorniknr.pl\/nr\/wp-content\/uploads\/2025\/07\/WP-14-DT.pdf\">WP 14 DT<\/a><br><a href=\"https:\/\/gorniknr.pl\/nr\/wp-content\/uploads\/2025\/07\/wzor-umowy-6.pdf\">wz\u00f3r umowy<\/a><\/p>\n<\/div>\n\n\n\n<div class=\"wp-block-column is-layout-flow wp-block-column-is-layout-flow\">\n<p><a href=\"https:\/\/gorniknr.pl\/nr\/wp-content\/uploads\/2025\/07\/1.WP14.pdf\">1.WP14<\/a><br><a href=\"https:\/\/gorniknr.pl\/nr\/wp-content\/uploads\/2025\/07\/2.WP-14.pdf\">2.WP 14<\/a><br><a href=\"https:\/\/gorniknr.pl\/nr\/wp-content\/uploads\/2025\/07\/3.WP-14.pdf\">3.WP 14<\/a><br><a href=\"https:\/\/gorniknr.pl\/nr\/wp-content\/uploads\/2025\/07\/4.WP-14.pdf\">4.WP 14<\/a><br><a href=\"https:\/\/gorniknr.pl\/nr\/wp-content\/uploads\/2025\/07\/5.WP-14.pdf\">5.WP 14<\/a><\/p>\n<\/div>\n\n\n\n<div class=\"wp-block-column is-layout-flow wp-block-column-is-layout-flow\">\n<p><a href=\"https:\/\/gorniknr.pl\/nr\/wp-content\/uploads\/2025\/07\/6.WP-14.pdf\">6.WP 14<\/a><br><a href=\"https:\/\/gorniknr.pl\/nr\/wp-content\/uploads\/2025\/07\/7.WP-14.pdf\">7.WP 14<\/a><br><a href=\"https:\/\/gorniknr.pl\/nr\/wp-content\/uploads\/2025\/07\/8.WP-14.pdf\">8.WP 14<\/a><br><a href=\"https:\/\/gorniknr.pl\/nr\/wp-content\/uploads\/2025\/07\/9.WP-14.pdf\">9.WP 14<\/a><br><a href=\"https:\/\/gorniknr.pl\/nr\/wp-content\/uploads\/2025\/07\/10.WP-14.pdf\">10.WP 14<\/a><br><a href=\"https:\/\/gorniknr.pl\/nr\/wp-content\/uploads\/2025\/07\/OT-WP-14-KONIEC.pdf\">OT WP 14 KONIEC<\/a><\/p>\n<\/div>\n<\/div>\n\n\n\n<figure class=\"wp-block-gallery has-nested-images columns-default is-cropped wp-block-gallery-1 is-layout-flex wp-block-gallery-is-layout-flex\">\n<figure class=\"wp-block-image size-large\"><a href=\"https:\/\/gorniknr.pl\/nr\/wp-content\/uploads\/2025\/07\/20250115_134506.webp\"><img loading=\"lazy\" decoding=\"async\" width=\"1024\" height=\"462\" data-id=\"3333\" src=\"https:\/\/gorniknr.pl\/nr\/wp-content\/uploads\/2025\/07\/20250115_134506-1024x462.webp\" alt=\"\" class=\"wp-image-3333\" srcset=\"https:\/\/gorniknr.pl\/nr\/wp-content\/uploads\/2025\/07\/20250115_134506-980x442.webp 980w, https:\/\/gorniknr.pl\/nr\/wp-content\/uploads\/2025\/07\/20250115_134506-480x216.webp 480w\" sizes=\"(min-width: 0px) and (max-width: 480px) 480px, (min-width: 481px) and (max-width: 980px) 980px, (min-width: 981px) 1024px, 100vw\" \/><\/a><\/figure>\n\n\n\n<figure class=\"wp-block-image size-large\"><a href=\"https:\/\/gorniknr.pl\/nr\/wp-content\/uploads\/2025\/07\/20250115_135232.webp\"><img loading=\"lazy\" decoding=\"async\" width=\"462\" height=\"1024\" data-id=\"3334\" src=\"https:\/\/gorniknr.pl\/nr\/wp-content\/uploads\/2025\/07\/20250115_135232-462x1024.webp\" alt=\"\" class=\"wp-image-3334\"\/><\/a><\/figure>\n\n\n\n<figure class=\"wp-block-image size-large\"><a href=\"https:\/\/gorniknr.pl\/nr\/wp-content\/uploads\/2025\/07\/20250115_135240.webp\"><img loading=\"lazy\" decoding=\"async\" width=\"462\" height=\"1024\" data-id=\"3335\" src=\"https:\/\/gorniknr.pl\/nr\/wp-content\/uploads\/2025\/07\/20250115_135240-462x1024.webp\" alt=\"\" class=\"wp-image-3335\"\/><\/a><\/figure>\n\n\n\n<figure class=\"wp-block-image size-large\"><a href=\"https:\/\/gorniknr.pl\/nr\/wp-content\/uploads\/2025\/07\/20250115_135247.webp\"><img loading=\"lazy\" decoding=\"async\" width=\"462\" height=\"1024\" data-id=\"3336\" src=\"https:\/\/gorniknr.pl\/nr\/wp-content\/uploads\/2025\/07\/20250115_135247-462x1024.webp\" alt=\"\" class=\"wp-image-3336\"\/><\/a><\/figure>\n\n\n\n<figure class=\"wp-block-image size-large\"><a href=\"https:\/\/gorniknr.pl\/nr\/wp-content\/uploads\/2025\/07\/20250115_135305.webp\"><img loading=\"lazy\" decoding=\"async\" width=\"462\" height=\"1024\" data-id=\"3351\" src=\"https:\/\/gorniknr.pl\/nr\/wp-content\/uploads\/2025\/07\/20250115_135305-462x1024.webp\" alt=\"\" class=\"wp-image-3351\"\/><\/a><\/figure>\n\n\n\n<figure class=\"wp-block-image size-large\"><a href=\"https:\/\/gorniknr.pl\/nr\/wp-content\/uploads\/2025\/07\/20250115_135309.webp\"><img loading=\"lazy\" decoding=\"async\" width=\"1024\" height=\"462\" data-id=\"3338\" src=\"https:\/\/gorniknr.pl\/nr\/wp-content\/uploads\/2025\/07\/20250115_135309-1024x462.webp\" alt=\"\" class=\"wp-image-3338\" srcset=\"https:\/\/gorniknr.pl\/nr\/wp-content\/uploads\/2025\/07\/20250115_135309-980x442.webp 980w, https:\/\/gorniknr.pl\/nr\/wp-content\/uploads\/2025\/07\/20250115_135309-480x216.webp 480w\" sizes=\"(min-width: 0px) and (max-width: 480px) 480px, (min-width: 481px) and (max-width: 980px) 980px, (min-width: 981px) 1024px, 100vw\" \/><\/a><\/figure>\n\n\n\n<figure class=\"wp-block-image size-large\"><a href=\"https:\/\/gorniknr.pl\/nr\/wp-content\/uploads\/2025\/07\/20250115_135313.webp\"><img loading=\"lazy\" decoding=\"async\" width=\"1024\" height=\"462\" data-id=\"3337\" src=\"https:\/\/gorniknr.pl\/nr\/wp-content\/uploads\/2025\/07\/20250115_135313-1024x462.webp\" alt=\"\" class=\"wp-image-3337\" srcset=\"https:\/\/gorniknr.pl\/nr\/wp-content\/uploads\/2025\/07\/20250115_135313-980x442.webp 980w, https:\/\/gorniknr.pl\/nr\/wp-content\/uploads\/2025\/07\/20250115_135313-480x216.webp 480w\" sizes=\"(min-width: 0px) and (max-width: 480px) 480px, (min-width: 481px) and (max-width: 980px) 980px, (min-width: 981px) 1024px, 100vw\" \/><\/a><\/figure>\n\n\n\n<figure class=\"wp-block-image size-large\"><a href=\"https:\/\/gorniknr.pl\/nr\/wp-content\/uploads\/2025\/07\/20250115_135318.webp\"><img loading=\"lazy\" decoding=\"async\" width=\"1024\" height=\"462\" data-id=\"3342\" src=\"https:\/\/gorniknr.pl\/nr\/wp-content\/uploads\/2025\/07\/20250115_135318-1024x462.webp\" alt=\"\" class=\"wp-image-3342\" srcset=\"https:\/\/gorniknr.pl\/nr\/wp-content\/uploads\/2025\/07\/20250115_135318-980x442.webp 980w, https:\/\/gorniknr.pl\/nr\/wp-content\/uploads\/2025\/07\/20250115_135318-480x216.webp 480w\" sizes=\"(min-width: 0px) and (max-width: 480px) 480px, (min-width: 481px) and (max-width: 980px) 980px, (min-width: 981px) 1024px, 100vw\" \/><\/a><\/figure>\n\n\n\n<figure class=\"wp-block-image size-large\"><a href=\"https:\/\/gorniknr.pl\/nr\/wp-content\/uploads\/2025\/07\/20250115_135324.webp\"><img loading=\"lazy\" decoding=\"async\" width=\"1024\" height=\"462\" data-id=\"3340\" src=\"https:\/\/gorniknr.pl\/nr\/wp-content\/uploads\/2025\/07\/20250115_135324-1024x462.webp\" alt=\"\" class=\"wp-image-3340\" srcset=\"https:\/\/gorniknr.pl\/nr\/wp-content\/uploads\/2025\/07\/20250115_135324-980x442.webp 980w, https:\/\/gorniknr.pl\/nr\/wp-content\/uploads\/2025\/07\/20250115_135324-480x216.webp 480w\" sizes=\"(min-width: 0px) and (max-width: 480px) 480px, (min-width: 481px) and (max-width: 980px) 980px, (min-width: 981px) 1024px, 100vw\" \/><\/a><\/figure>\n\n\n\n<figure class=\"wp-block-image size-large\"><a href=\"https:\/\/gorniknr.pl\/nr\/wp-content\/uploads\/2025\/07\/20250115_135329.webp\"><img loading=\"lazy\" decoding=\"async\" width=\"1024\" height=\"462\" data-id=\"3339\" src=\"https:\/\/gorniknr.pl\/nr\/wp-content\/uploads\/2025\/07\/20250115_135329-1024x462.webp\" alt=\"\" class=\"wp-image-3339\" srcset=\"https:\/\/gorniknr.pl\/nr\/wp-content\/uploads\/2025\/07\/20250115_135329-980x442.webp 980w, https:\/\/gorniknr.pl\/nr\/wp-content\/uploads\/2025\/07\/20250115_135329-480x216.webp 480w\" sizes=\"(min-width: 0px) and (max-width: 480px) 480px, (min-width: 481px) and (max-width: 980px) 980px, (min-width: 981px) 1024px, 100vw\" \/><\/a><\/figure>\n\n\n\n<figure class=\"wp-block-image size-large\"><a href=\"https:\/\/gorniknr.pl\/nr\/wp-content\/uploads\/2025\/07\/20250115_135341.webp\"><img loading=\"lazy\" decoding=\"async\" width=\"1024\" height=\"462\" data-id=\"3341\" src=\"https:\/\/gorniknr.pl\/nr\/wp-content\/uploads\/2025\/07\/20250115_135341-1024x462.webp\" alt=\"\" class=\"wp-image-3341\" srcset=\"https:\/\/gorniknr.pl\/nr\/wp-content\/uploads\/2025\/07\/20250115_135341-980x442.webp 980w, https:\/\/gorniknr.pl\/nr\/wp-content\/uploads\/2025\/07\/20250115_135341-480x216.webp 480w\" sizes=\"(min-width: 0px) and (max-width: 480px) 480px, (min-width: 481px) and (max-width: 980px) 980px, (min-width: 981px) 1024px, 100vw\" \/><\/a><\/figure>\n\n\n\n<figure class=\"wp-block-image size-large\"><a href=\"https:\/\/gorniknr.pl\/nr\/wp-content\/uploads\/2025\/07\/20250115_135350.webp\"><img loading=\"lazy\" decoding=\"async\" width=\"1024\" height=\"462\" data-id=\"3355\" src=\"https:\/\/gorniknr.pl\/nr\/wp-content\/uploads\/2025\/07\/20250115_135350-1024x462.webp\" alt=\"\" class=\"wp-image-3355\" srcset=\"https:\/\/gorniknr.pl\/nr\/wp-content\/uploads\/2025\/07\/20250115_135350-980x442.webp 980w, https:\/\/gorniknr.pl\/nr\/wp-content\/uploads\/2025\/07\/20250115_135350-480x216.webp 480w\" sizes=\"(min-width: 0px) and (max-width: 480px) 480px, (min-width: 481px) and (max-width: 980px) 980px, (min-width: 981px) 1024px, 100vw\" \/><\/a><\/figure>\n\n\n\n<figure class=\"wp-block-image size-large\"><a href=\"https:\/\/gorniknr.pl\/nr\/wp-content\/uploads\/2025\/07\/20250115_135635.webp\"><img loading=\"lazy\" decoding=\"async\" width=\"462\" height=\"1024\" data-id=\"3343\" src=\"https:\/\/gorniknr.pl\/nr\/wp-content\/uploads\/2025\/07\/20250115_135635-462x1024.webp\" alt=\"\" class=\"wp-image-3343\"\/><\/a><\/figure>\n\n\n\n<figure class=\"wp-block-image size-large\"><a href=\"https:\/\/gorniknr.pl\/nr\/wp-content\/uploads\/2025\/07\/20250115_135640.webp\"><img loading=\"lazy\" decoding=\"async\" width=\"1024\" height=\"462\" data-id=\"3344\" src=\"https:\/\/gorniknr.pl\/nr\/wp-content\/uploads\/2025\/07\/20250115_135640-1024x462.webp\" alt=\"\" class=\"wp-image-3344\" srcset=\"https:\/\/gorniknr.pl\/nr\/wp-content\/uploads\/2025\/07\/20250115_135640-980x442.webp 980w, https:\/\/gorniknr.pl\/nr\/wp-content\/uploads\/2025\/07\/20250115_135640-480x216.webp 480w\" sizes=\"(min-width: 0px) and (max-width: 480px) 480px, (min-width: 481px) and (max-width: 980px) 980px, (min-width: 981px) 1024px, 100vw\" \/><\/a><\/figure>\n\n\n\n<figure class=\"wp-block-image size-large\"><a href=\"https:\/\/gorniknr.pl\/nr\/wp-content\/uploads\/2025\/07\/20250115_135647.webp\"><img loading=\"lazy\" decoding=\"async\" width=\"1024\" height=\"462\" data-id=\"3345\" src=\"https:\/\/gorniknr.pl\/nr\/wp-content\/uploads\/2025\/07\/20250115_135647-1024x462.webp\" alt=\"\" class=\"wp-image-3345\" srcset=\"https:\/\/gorniknr.pl\/nr\/wp-content\/uploads\/2025\/07\/20250115_135647-980x442.webp 980w, https:\/\/gorniknr.pl\/nr\/wp-content\/uploads\/2025\/07\/20250115_135647-480x216.webp 480w\" sizes=\"(min-width: 0px) and (max-width: 480px) 480px, (min-width: 481px) and (max-width: 980px) 980px, (min-width: 981px) 1024px, 100vw\" \/><\/a><\/figure>\n\n\n\n<figure class=\"wp-block-image size-large\"><a href=\"https:\/\/gorniknr.pl\/nr\/wp-content\/uploads\/2025\/07\/20250115_135652.webp\"><img loading=\"lazy\" decoding=\"async\" width=\"1024\" height=\"462\" data-id=\"3346\" src=\"https:\/\/gorniknr.pl\/nr\/wp-content\/uploads\/2025\/07\/20250115_135652-1024x462.webp\" alt=\"\" class=\"wp-image-3346\" srcset=\"https:\/\/gorniknr.pl\/nr\/wp-content\/uploads\/2025\/07\/20250115_135652-980x442.webp 980w, https:\/\/gorniknr.pl\/nr\/wp-content\/uploads\/2025\/07\/20250115_135652-480x216.webp 480w\" sizes=\"(min-width: 0px) and (max-width: 480px) 480px, (min-width: 481px) and (max-width: 980px) 980px, (min-width: 981px) 1024px, 100vw\" \/><\/a><\/figure>\n\n\n\n<figure class=\"wp-block-image size-large\"><a href=\"https:\/\/gorniknr.pl\/nr\/wp-content\/uploads\/2025\/07\/20250115_135701.webp\"><img loading=\"lazy\" decoding=\"async\" width=\"462\" height=\"1024\" data-id=\"3347\" src=\"https:\/\/gorniknr.pl\/nr\/wp-content\/uploads\/2025\/07\/20250115_135701-462x1024.webp\" alt=\"\" class=\"wp-image-3347\"\/><\/a><\/figure>\n\n\n\n<figure class=\"wp-block-image size-large\"><a href=\"https:\/\/gorniknr.pl\/nr\/wp-content\/uploads\/2025\/07\/20250115_135732.webp\"><img loading=\"lazy\" decoding=\"async\" width=\"462\" height=\"1024\" data-id=\"3348\" src=\"https:\/\/gorniknr.pl\/nr\/wp-content\/uploads\/2025\/07\/20250115_135732-462x1024.webp\" alt=\"\" class=\"wp-image-3348\"\/><\/a><\/figure>\n\n\n\n<figure class=\"wp-block-image size-large\"><a href=\"https:\/\/gorniknr.pl\/nr\/wp-content\/uploads\/2025\/07\/20250127_120122.webp\"><img loading=\"lazy\" decoding=\"async\" width=\"1024\" height=\"461\" data-id=\"3349\" src=\"https:\/\/gorniknr.pl\/nr\/wp-content\/uploads\/2025\/07\/20250127_120122-1024x461.webp\" alt=\"\" class=\"wp-image-3349\" srcset=\"https:\/\/gorniknr.pl\/nr\/wp-content\/uploads\/2025\/07\/20250127_120122-980x442.webp 980w, https:\/\/gorniknr.pl\/nr\/wp-content\/uploads\/2025\/07\/20250127_120122-480x216.webp 480w\" sizes=\"(min-width: 0px) and (max-width: 480px) 480px, (min-width: 481px) and (max-width: 980px) 980px, (min-width: 981px) 1024px, 100vw\" \/><\/a><\/figure>\n\n\n\n<figure class=\"wp-block-image size-large\"><a href=\"https:\/\/gorniknr.pl\/nr\/wp-content\/uploads\/2025\/07\/20250127_120138.webp\"><img loading=\"lazy\" decoding=\"async\" width=\"1024\" height=\"461\" data-id=\"3356\" src=\"https:\/\/gorniknr.pl\/nr\/wp-content\/uploads\/2025\/07\/20250127_120138-1024x461.webp\" alt=\"\" class=\"wp-image-3356\" srcset=\"https:\/\/gorniknr.pl\/nr\/wp-content\/uploads\/2025\/07\/20250127_120138-980x442.webp 980w, https:\/\/gorniknr.pl\/nr\/wp-content\/uploads\/2025\/07\/20250127_120138-480x216.webp 480w\" sizes=\"(min-width: 0px) and (max-width: 480px) 480px, (min-width: 481px) and (max-width: 980px) 980px, (min-width: 981px) 1024px, 100vw\" \/><\/a><\/figure>\n\n\n\n<figure class=\"wp-block-image size-large\"><a href=\"https:\/\/gorniknr.pl\/nr\/wp-content\/uploads\/2025\/07\/20250127_120144.webp\"><img loading=\"lazy\" decoding=\"async\" width=\"1024\" height=\"461\" data-id=\"3350\" src=\"https:\/\/gorniknr.pl\/nr\/wp-content\/uploads\/2025\/07\/20250127_120144-1024x461.webp\" alt=\"\" class=\"wp-image-3350\" srcset=\"https:\/\/gorniknr.pl\/nr\/wp-content\/uploads\/2025\/07\/20250127_120144-980x442.webp 980w, https:\/\/gorniknr.pl\/nr\/wp-content\/uploads\/2025\/07\/20250127_120144-480x216.webp 480w\" sizes=\"(min-width: 0px) and (max-width: 480px) 480px, (min-width: 481px) and (max-width: 980px) 980px, (min-width: 981px) 1024px, 100vw\" \/><\/a><\/figure>\n\n\n\n<figure class=\"wp-block-image size-large\"><a href=\"https:\/\/gorniknr.pl\/nr\/wp-content\/uploads\/2025\/07\/20250127_121020.webp\"><img loading=\"lazy\" decoding=\"async\" width=\"1024\" height=\"461\" data-id=\"3352\" src=\"https:\/\/gorniknr.pl\/nr\/wp-content\/uploads\/2025\/07\/20250127_121020-1024x461.webp\" alt=\"\" class=\"wp-image-3352\" srcset=\"https:\/\/gorniknr.pl\/nr\/wp-content\/uploads\/2025\/07\/20250127_121020-980x442.webp 980w, https:\/\/gorniknr.pl\/nr\/wp-content\/uploads\/2025\/07\/20250127_121020-480x216.webp 480w\" sizes=\"(min-width: 0px) and (max-width: 480px) 480px, (min-width: 481px) and (max-width: 980px) 980px, (min-width: 981px) 1024px, 100vw\" \/><\/a><\/figure>\n\n\n\n<figure class=\"wp-block-image size-large\"><a href=\"https:\/\/gorniknr.pl\/nr\/wp-content\/uploads\/2025\/07\/20250127_121023.webp\"><img loading=\"lazy\" decoding=\"async\" width=\"1024\" height=\"461\" data-id=\"3353\" src=\"https:\/\/gorniknr.pl\/nr\/wp-content\/uploads\/2025\/07\/20250127_121023-1024x461.webp\" alt=\"\" class=\"wp-image-3353\" srcset=\"https:\/\/gorniknr.pl\/nr\/wp-content\/uploads\/2025\/07\/20250127_121023-980x442.webp 980w, https:\/\/gorniknr.pl\/nr\/wp-content\/uploads\/2025\/07\/20250127_121023-480x216.webp 480w\" sizes=\"(min-width: 0px) and (max-width: 480px) 480px, (min-width: 481px) and (max-width: 980px) 980px, (min-width: 981px) 1024px, 100vw\" \/><\/a><\/figure>\n\n\n\n<figure class=\"wp-block-image size-large\"><a href=\"https:\/\/gorniknr.pl\/nr\/wp-content\/uploads\/2025\/07\/20250127_121027.webp\"><img loading=\"lazy\" decoding=\"async\" width=\"1024\" height=\"461\" data-id=\"3354\" src=\"https:\/\/gorniknr.pl\/nr\/wp-content\/uploads\/2025\/07\/20250127_121027-1024x461.webp\" alt=\"\" class=\"wp-image-3354\" srcset=\"https:\/\/gorniknr.pl\/nr\/wp-content\/uploads\/2025\/07\/20250127_121027-980x442.webp 980w, https:\/\/gorniknr.pl\/nr\/wp-content\/uploads\/2025\/07\/20250127_121027-480x216.webp 480w\" sizes=\"(min-width: 0px) and (max-width: 480px) 480px, (min-width: 481px) and (max-width: 980px) 980px, (min-width: 981px) 1024px, 100vw\" \/><\/a><\/figure>\n<\/figure>\n","protected":false},"excerpt":{"rendered":"<p>przetarg w\u0119z\u0142y w.p 14SIWZ &#8211; za\u0142\u0105cznik 1 &#8211; formularz ofertowyw\u0119ze\u0142 14 przedmiarWP 14 DTwz\u00f3r umowy 1.WP142.WP 143.WP 144.WP 145.WP 14 6.WP 147.WP 148.WP 149.WP 1410.WP 14OT WP 14 KONIEC<\/p>\n","protected":false},"author":1001004,"featured_media":0,"parent":0,"menu_order":0,"comment_status":"closed","ping_status":"closed","template":"","meta":{"_et_pb_use_builder":"off","_et_pb_old_content":"","_et_gb_content_width":"","footnotes":""},"class_list":["post-3331","page","type-page","status-publish","hentry"],"_links":{"self":[{"href":"https:\/\/gorniknr.pl\/nr\/wp-json\/wp\/v2\/pages\/3331","targetHints":{"allow":["GET"]}}],"collection":[{"href":"https:\/\/gorniknr.pl\/nr\/wp-json\/wp\/v2\/pages"}],"about":[{"href":"https:\/\/gorniknr.pl\/nr\/wp-json\/wp\/v2\/types\/page"}],"author":[{"embeddable":true,"href":"https:\/\/gorniknr.pl\/nr\/wp-json\/wp\/v2\/users\/1001004"}],"replies":[{"embeddable":true,"href":"https:\/\/gorniknr.pl\/nr\/wp-json\/wp\/v2\/comments?post=3331"}],"version-history":[{"count":2,"href":"https:\/\/gorniknr.pl\/nr\/wp-json\/wp\/v2\/pages\/3331\/revisions"}],"predecessor-version":[{"id":3373,"href":"https:\/\/gorniknr.pl\/nr\/wp-json\/wp\/v2\/pages\/3331\/revisions\/3373"}],"wp:attachment":[{"href":"https:\/\/gorniknr.pl\/nr\/wp-json\/wp\/v2\/media?parent=3331"}],"curies":[{"name":"wp","href":"https:\/\/api.w.org\/{rel}","templated":true}]}}