{"id":3305,"date":"2025-07-02T11:32:23","date_gmt":"2025-07-02T09:32:23","guid":{"rendered":"https:\/\/gorniknr.pl\/nr\/?page_id=3305"},"modified":"2025-07-02T11:32:23","modified_gmt":"2025-07-02T09:32:23","slug":"przetarg-na-wezly-w-p-13","status":"publish","type":"page","link":"https:\/\/gorniknr.pl\/nr\/przetarg-na-wezly-w-p-13\/","title":{"rendered":"Przetarg na w\u0119z\u0142y W.P 13"},"content":{"rendered":"\n<div class=\"wp-block-columns is-layout-flex wp-container-core-columns-is-layout-9d6595d7 wp-block-columns-is-layout-flex\">\n<div class=\"wp-block-column is-layout-flow wp-block-column-is-layout-flow\">\n<p><a href=\"https:\/\/gorniknr.pl\/nr\/wp-content\/uploads\/2025\/07\/przetarg-wezly-w.p-13.pdf\">przetarg w\u0119z\u0142y w.p 13<\/a><br><a href=\"https:\/\/gorniknr.pl\/nr\/wp-content\/uploads\/2025\/07\/SIWZ-zalacznik-1-formularz-ofertowy-5.pdf\">SIWZ &#8211; za\u0142\u0105cznik 1 &#8211; formularz ofertowy<\/a><br><a href=\"https:\/\/gorniknr.pl\/nr\/wp-content\/uploads\/2025\/07\/wezel-13-przedmiar.pdf\">w\u0119ze\u0142 13 przedmiar<\/a><br><a href=\"https:\/\/gorniknr.pl\/nr\/wp-content\/uploads\/2025\/07\/WP-13-DT.pdf\">WP 13 DT<\/a><br><a href=\"https:\/\/gorniknr.pl\/nr\/wp-content\/uploads\/2025\/07\/wzor-umowy-5.pdf\">wz\u00f3r umowy<\/a><\/p>\n<\/div>\n\n\n\n<div class=\"wp-block-column is-layout-flow wp-block-column-is-layout-flow\">\n<p><a href=\"https:\/\/gorniknr.pl\/nr\/wp-content\/uploads\/2025\/07\/1.WP-13.pdf\">1.WP 13<\/a><br><a href=\"https:\/\/gorniknr.pl\/nr\/wp-content\/uploads\/2025\/07\/2.WP-13.pdf\">2.WP 13<\/a><br><a href=\"https:\/\/gorniknr.pl\/nr\/wp-content\/uploads\/2025\/07\/3.WP-13.pdf\">3.WP 13<\/a><br><a href=\"https:\/\/gorniknr.pl\/nr\/wp-content\/uploads\/2025\/07\/4.WP-13.pdf\">4.WP 13<\/a><br><a href=\"https:\/\/gorniknr.pl\/nr\/wp-content\/uploads\/2025\/07\/5.WP-13.pdf\">5.WP 13<\/a><\/p>\n<\/div>\n\n\n\n<div class=\"wp-block-column is-layout-flow wp-block-column-is-layout-flow\">\n<p><a href=\"https:\/\/gorniknr.pl\/nr\/wp-content\/uploads\/2025\/07\/6.WP-13.pdf\">6.WP 13<\/a><br><a href=\"https:\/\/gorniknr.pl\/nr\/wp-content\/uploads\/2025\/07\/7.WP-13.pdf\">7.WP 13<\/a><br><a href=\"https:\/\/gorniknr.pl\/nr\/wp-content\/uploads\/2025\/07\/8.WP-13.pdf\">8.WP 13<\/a><br><a href=\"https:\/\/gorniknr.pl\/nr\/wp-content\/uploads\/2025\/07\/9.WP-13.pdf\">9.WP 13<\/a><br><a href=\"https:\/\/gorniknr.pl\/nr\/wp-content\/uploads\/2025\/07\/OT-WP-13-KONIEC.pdf\">OT WP 13 KONIEC<\/a><\/p>\n<\/div>\n<\/div>\n\n\n\n<figure class=\"wp-block-gallery has-nested-images columns-default is-cropped wp-block-gallery-1 is-layout-flex wp-block-gallery-is-layout-flex\">\n<figure class=\"wp-block-image size-large\"><a href=\"https:\/\/gorniknr.pl\/nr\/wp-content\/uploads\/2025\/07\/20250115_133911.webp\"><img loading=\"lazy\" decoding=\"async\" width=\"1024\" height=\"462\" data-id=\"3310\" src=\"https:\/\/gorniknr.pl\/nr\/wp-content\/uploads\/2025\/07\/20250115_133911-1024x462.webp\" alt=\"\" class=\"wp-image-3310\" srcset=\"https:\/\/gorniknr.pl\/nr\/wp-content\/uploads\/2025\/07\/20250115_133911-980x442.webp 980w, https:\/\/gorniknr.pl\/nr\/wp-content\/uploads\/2025\/07\/20250115_133911-480x216.webp 480w\" sizes=\"(min-width: 0px) and (max-width: 480px) 480px, (min-width: 481px) and (max-width: 980px) 980px, (min-width: 981px) 1024px, 100vw\" \/><\/a><\/figure>\n\n\n\n<figure class=\"wp-block-image size-large\"><a href=\"https:\/\/gorniknr.pl\/nr\/wp-content\/uploads\/2025\/07\/20250115_134256.webp\"><img loading=\"lazy\" decoding=\"async\" width=\"1024\" height=\"462\" data-id=\"3306\" src=\"https:\/\/gorniknr.pl\/nr\/wp-content\/uploads\/2025\/07\/20250115_134256-1024x462.webp\" alt=\"\" class=\"wp-image-3306\" srcset=\"https:\/\/gorniknr.pl\/nr\/wp-content\/uploads\/2025\/07\/20250115_134256-980x442.webp 980w, https:\/\/gorniknr.pl\/nr\/wp-content\/uploads\/2025\/07\/20250115_134256-480x216.webp 480w\" sizes=\"(min-width: 0px) and (max-width: 480px) 480px, (min-width: 481px) and (max-width: 980px) 980px, (min-width: 981px) 1024px, 100vw\" \/><\/a><\/figure>\n\n\n\n<figure class=\"wp-block-image size-large\"><a href=\"https:\/\/gorniknr.pl\/nr\/wp-content\/uploads\/2025\/07\/20250115_134301.webp\"><img loading=\"lazy\" decoding=\"async\" width=\"1024\" height=\"462\" data-id=\"3311\" src=\"https:\/\/gorniknr.pl\/nr\/wp-content\/uploads\/2025\/07\/20250115_134301-1024x462.webp\" alt=\"\" class=\"wp-image-3311\" srcset=\"https:\/\/gorniknr.pl\/nr\/wp-content\/uploads\/2025\/07\/20250115_134301-980x442.webp 980w, https:\/\/gorniknr.pl\/nr\/wp-content\/uploads\/2025\/07\/20250115_134301-480x216.webp 480w\" sizes=\"(min-width: 0px) and (max-width: 480px) 480px, (min-width: 481px) and (max-width: 980px) 980px, (min-width: 981px) 1024px, 100vw\" \/><\/a><\/figure>\n\n\n\n<figure class=\"wp-block-image size-large\"><a href=\"https:\/\/gorniknr.pl\/nr\/wp-content\/uploads\/2025\/07\/20250115_134305.webp\"><img loading=\"lazy\" decoding=\"async\" width=\"1024\" height=\"462\" data-id=\"3309\" src=\"https:\/\/gorniknr.pl\/nr\/wp-content\/uploads\/2025\/07\/20250115_134305-1024x462.webp\" alt=\"\" class=\"wp-image-3309\" srcset=\"https:\/\/gorniknr.pl\/nr\/wp-content\/uploads\/2025\/07\/20250115_134305-980x442.webp 980w, https:\/\/gorniknr.pl\/nr\/wp-content\/uploads\/2025\/07\/20250115_134305-480x216.webp 480w\" sizes=\"(min-width: 0px) and (max-width: 480px) 480px, (min-width: 481px) and (max-width: 980px) 980px, (min-width: 981px) 1024px, 100vw\" \/><\/a><\/figure>\n\n\n\n<figure class=\"wp-block-image size-large\"><a href=\"https:\/\/gorniknr.pl\/nr\/wp-content\/uploads\/2025\/07\/20250115_134310.webp\"><img loading=\"lazy\" decoding=\"async\" width=\"1024\" height=\"462\" data-id=\"3308\" src=\"https:\/\/gorniknr.pl\/nr\/wp-content\/uploads\/2025\/07\/20250115_134310-1024x462.webp\" alt=\"\" class=\"wp-image-3308\" srcset=\"https:\/\/gorniknr.pl\/nr\/wp-content\/uploads\/2025\/07\/20250115_134310-980x442.webp 980w, https:\/\/gorniknr.pl\/nr\/wp-content\/uploads\/2025\/07\/20250115_134310-480x216.webp 480w\" sizes=\"(min-width: 0px) and (max-width: 480px) 480px, (min-width: 481px) and (max-width: 980px) 980px, (min-width: 981px) 1024px, 100vw\" \/><\/a><\/figure>\n\n\n\n<figure class=\"wp-block-image size-large\"><a href=\"https:\/\/gorniknr.pl\/nr\/wp-content\/uploads\/2025\/07\/20250115_134314.webp\"><img loading=\"lazy\" decoding=\"async\" width=\"1024\" height=\"462\" data-id=\"3307\" src=\"https:\/\/gorniknr.pl\/nr\/wp-content\/uploads\/2025\/07\/20250115_134314-1024x462.webp\" alt=\"\" class=\"wp-image-3307\" srcset=\"https:\/\/gorniknr.pl\/nr\/wp-content\/uploads\/2025\/07\/20250115_134314-980x442.webp 980w, https:\/\/gorniknr.pl\/nr\/wp-content\/uploads\/2025\/07\/20250115_134314-480x216.webp 480w\" sizes=\"(min-width: 0px) and (max-width: 480px) 480px, (min-width: 481px) and (max-width: 980px) 980px, (min-width: 981px) 1024px, 100vw\" \/><\/a><\/figure>\n\n\n\n<figure class=\"wp-block-image size-large\"><a href=\"https:\/\/gorniknr.pl\/nr\/wp-content\/uploads\/2025\/07\/20250115_134323.webp\"><img loading=\"lazy\" decoding=\"async\" width=\"462\" height=\"1024\" data-id=\"3312\" src=\"https:\/\/gorniknr.pl\/nr\/wp-content\/uploads\/2025\/07\/20250115_134323-462x1024.webp\" alt=\"\" class=\"wp-image-3312\"\/><\/a><\/figure>\n\n\n\n<figure class=\"wp-block-image size-large\"><a href=\"https:\/\/gorniknr.pl\/nr\/wp-content\/uploads\/2025\/07\/20250115_134327.webp\"><img loading=\"lazy\" decoding=\"async\" width=\"1024\" height=\"462\" data-id=\"3313\" src=\"https:\/\/gorniknr.pl\/nr\/wp-content\/uploads\/2025\/07\/20250115_134327-1024x462.webp\" alt=\"\" class=\"wp-image-3313\" srcset=\"https:\/\/gorniknr.pl\/nr\/wp-content\/uploads\/2025\/07\/20250115_134327-980x442.webp 980w, https:\/\/gorniknr.pl\/nr\/wp-content\/uploads\/2025\/07\/20250115_134327-480x216.webp 480w\" sizes=\"(min-width: 0px) and (max-width: 480px) 480px, (min-width: 481px) and (max-width: 980px) 980px, (min-width: 981px) 1024px, 100vw\" \/><\/a><\/figure>\n<\/figure>\n","protected":false},"excerpt":{"rendered":"<p>przetarg w\u0119z\u0142y w.p 13SIWZ &#8211; za\u0142\u0105cznik 1 &#8211; formularz ofertowyw\u0119ze\u0142 13 przedmiarWP 13 DTwz\u00f3r umowy 1.WP 132.WP 133.WP 134.WP 135.WP 13 6.WP 137.WP 138.WP 139.WP 13OT WP 13 KONIEC<\/p>\n","protected":false},"author":1001004,"featured_media":0,"parent":0,"menu_order":0,"comment_status":"closed","ping_status":"closed","template":"","meta":{"_et_pb_use_builder":"off","_et_pb_old_content":"","_et_gb_content_width":"","footnotes":""},"class_list":["post-3305","page","type-page","status-publish","hentry"],"_links":{"self":[{"href":"https:\/\/gorniknr.pl\/nr\/wp-json\/wp\/v2\/pages\/3305","targetHints":{"allow":["GET"]}}],"collection":[{"href":"https:\/\/gorniknr.pl\/nr\/wp-json\/wp\/v2\/pages"}],"about":[{"href":"https:\/\/gorniknr.pl\/nr\/wp-json\/wp\/v2\/types\/page"}],"author":[{"embeddable":true,"href":"https:\/\/gorniknr.pl\/nr\/wp-json\/wp\/v2\/users\/1001004"}],"replies":[{"embeddable":true,"href":"https:\/\/gorniknr.pl\/nr\/wp-json\/wp\/v2\/comments?post=3305"}],"version-history":[{"count":1,"href":"https:\/\/gorniknr.pl\/nr\/wp-json\/wp\/v2\/pages\/3305\/revisions"}],"predecessor-version":[{"id":3329,"href":"https:\/\/gorniknr.pl\/nr\/wp-json\/wp\/v2\/pages\/3305\/revisions\/3329"}],"wp:attachment":[{"href":"https:\/\/gorniknr.pl\/nr\/wp-json\/wp\/v2\/media?parent=3305"}],"curies":[{"name":"wp","href":"https:\/\/api.w.org\/{rel}","templated":true}]}}