{"id":3239,"date":"2025-07-02T11:15:09","date_gmt":"2025-07-02T09:15:09","guid":{"rendered":"https:\/\/gorniknr.pl\/nr\/?page_id=3239"},"modified":"2025-07-02T11:15:09","modified_gmt":"2025-07-02T09:15:09","slug":"przetarg-na-wezly-w-p-11","status":"publish","type":"page","link":"https:\/\/gorniknr.pl\/nr\/przetarg-na-wezly-w-p-11\/","title":{"rendered":"Przetarg na w\u0119z\u0142y w.p 11"},"content":{"rendered":"\n<div class=\"wp-block-columns is-layout-flex wp-container-core-columns-is-layout-9d6595d7 wp-block-columns-is-layout-flex\">\n<div class=\"wp-block-column is-layout-flow wp-block-column-is-layout-flow\">\n<p><a href=\"https:\/\/gorniknr.pl\/nr\/wp-content\/uploads\/2025\/07\/przetarg-wezly-w.p-11.pdf\">przetarg w\u0119z\u0142y w.p 11<\/a><br><a href=\"https:\/\/gorniknr.pl\/nr\/wp-content\/uploads\/2025\/07\/SIWZ-zalacznik-1-formularz-ofertowy-4.pdf\">SIWZ &#8211; za\u0142\u0105cznik 1 &#8211; formularz ofertowy<\/a><br><a href=\"https:\/\/gorniknr.pl\/nr\/wp-content\/uploads\/2025\/07\/wezel-11-przedmiar.pdf\">w\u0119ze\u0142 11 przedmiar<\/a><br><a href=\"https:\/\/gorniknr.pl\/nr\/wp-content\/uploads\/2025\/07\/WP-11-DT.pdf\">WP 11 DT<\/a><br><a href=\"https:\/\/gorniknr.pl\/nr\/wp-content\/uploads\/2025\/07\/wzor-umowy-4.pdf\">wz\u00f3r umowy<\/a><br><a href=\"https:\/\/gorniknr.pl\/nr\/wp-content\/uploads\/2025\/07\/1.WP-11.pdf\">1.WP 11<\/a><\/p>\n<\/div>\n\n\n\n<div class=\"wp-block-column is-layout-flow wp-block-column-is-layout-flow\">\n<p><a href=\"https:\/\/gorniknr.pl\/nr\/wp-content\/uploads\/2025\/07\/2.WP-11.pdf\">2.WP 11<\/a><br><a href=\"https:\/\/gorniknr.pl\/nr\/wp-content\/uploads\/2025\/07\/3.WP-11.pdf\">3.WP 11<\/a><br><a href=\"https:\/\/gorniknr.pl\/nr\/wp-content\/uploads\/2025\/07\/4.WP-11.pdf\">4.WP 11<\/a><br><a href=\"https:\/\/gorniknr.pl\/nr\/wp-content\/uploads\/2025\/07\/5.WP-11.pdf\">5.WP 11<\/a><br><a href=\"https:\/\/gorniknr.pl\/nr\/wp-content\/uploads\/2025\/07\/6.WP-11.pdf\">6.WP 11<\/a><br><\/p>\n<\/div>\n\n\n\n<div class=\"wp-block-column is-layout-flow wp-block-column-is-layout-flow\">\n<p><a href=\"https:\/\/gorniknr.pl\/nr\/wp-content\/uploads\/2025\/07\/7.WP-11.pdf\">7.WP 11<\/a><br><a href=\"https:\/\/gorniknr.pl\/nr\/wp-content\/uploads\/2025\/07\/8.WP-11.pdf\">8.WP 11<\/a><br><a href=\"https:\/\/gorniknr.pl\/nr\/wp-content\/uploads\/2025\/07\/9.WP-11.pdf\">9.WP 11<\/a><br><a href=\"https:\/\/gorniknr.pl\/nr\/wp-content\/uploads\/2025\/07\/10.WP-11-1.pdf\">10.WP 11<\/a><br><a href=\"https:\/\/gorniknr.pl\/nr\/wp-content\/uploads\/2025\/07\/OT-WP-11-KONIEC.pdf\">OT WP 11 KONIEC<\/a><\/p>\n<\/div>\n<\/div>\n\n\n\n<figure class=\"wp-block-gallery has-nested-images columns-default is-cropped wp-block-gallery-1 is-layout-flex wp-block-gallery-is-layout-flex\">\n<figure class=\"wp-block-image size-large\"><a href=\"https:\/\/gorniknr.pl\/nr\/wp-content\/uploads\/2025\/07\/20250115_132141-1.webp\"><img loading=\"lazy\" decoding=\"async\" width=\"1024\" height=\"461\" data-id=\"3271\" src=\"https:\/\/gorniknr.pl\/nr\/wp-content\/uploads\/2025\/07\/20250115_132141-1-1024x461.webp\" alt=\"\" class=\"wp-image-3271\" srcset=\"https:\/\/gorniknr.pl\/nr\/wp-content\/uploads\/2025\/07\/20250115_132141-1-980x442.webp 980w, https:\/\/gorniknr.pl\/nr\/wp-content\/uploads\/2025\/07\/20250115_132141-1-480x216.webp 480w\" sizes=\"(min-width: 0px) and (max-width: 480px) 480px, (min-width: 481px) and (max-width: 980px) 980px, (min-width: 981px) 1024px, 100vw\" \/><\/a><\/figure>\n\n\n\n<figure class=\"wp-block-image size-large\"><a href=\"https:\/\/gorniknr.pl\/nr\/wp-content\/uploads\/2025\/07\/20250115_132205-1.webp\"><img loading=\"lazy\" decoding=\"async\" width=\"1024\" height=\"461\" data-id=\"3273\" src=\"https:\/\/gorniknr.pl\/nr\/wp-content\/uploads\/2025\/07\/20250115_132205-1-1024x461.webp\" alt=\"\" class=\"wp-image-3273\" srcset=\"https:\/\/gorniknr.pl\/nr\/wp-content\/uploads\/2025\/07\/20250115_132205-1-980x442.webp 980w, https:\/\/gorniknr.pl\/nr\/wp-content\/uploads\/2025\/07\/20250115_132205-1-480x216.webp 480w\" sizes=\"(min-width: 0px) and (max-width: 480px) 480px, (min-width: 481px) and (max-width: 980px) 980px, (min-width: 981px) 1024px, 100vw\" \/><\/a><\/figure>\n\n\n\n<figure class=\"wp-block-image size-large\"><a href=\"https:\/\/gorniknr.pl\/nr\/wp-content\/uploads\/2025\/07\/20250115_132210-1.webp\"><img loading=\"lazy\" decoding=\"async\" width=\"1024\" height=\"461\" data-id=\"3272\" src=\"https:\/\/gorniknr.pl\/nr\/wp-content\/uploads\/2025\/07\/20250115_132210-1-1024x461.webp\" alt=\"\" class=\"wp-image-3272\" srcset=\"https:\/\/gorniknr.pl\/nr\/wp-content\/uploads\/2025\/07\/20250115_132210-1-980x442.webp 980w, https:\/\/gorniknr.pl\/nr\/wp-content\/uploads\/2025\/07\/20250115_132210-1-480x216.webp 480w\" sizes=\"(min-width: 0px) and (max-width: 480px) 480px, (min-width: 481px) and (max-width: 980px) 980px, (min-width: 981px) 1024px, 100vw\" \/><\/a><\/figure>\n\n\n\n<figure class=\"wp-block-image size-large\"><a href=\"https:\/\/gorniknr.pl\/nr\/wp-content\/uploads\/2025\/07\/20250115_132214-1.webp\"><img loading=\"lazy\" decoding=\"async\" width=\"1024\" height=\"461\" data-id=\"3285\" src=\"https:\/\/gorniknr.pl\/nr\/wp-content\/uploads\/2025\/07\/20250115_132214-1-1024x461.webp\" alt=\"\" class=\"wp-image-3285\" srcset=\"https:\/\/gorniknr.pl\/nr\/wp-content\/uploads\/2025\/07\/20250115_132214-1-980x442.webp 980w, https:\/\/gorniknr.pl\/nr\/wp-content\/uploads\/2025\/07\/20250115_132214-1-480x216.webp 480w\" sizes=\"(min-width: 0px) and (max-width: 480px) 480px, (min-width: 481px) and (max-width: 980px) 980px, (min-width: 981px) 1024px, 100vw\" \/><\/a><\/figure>\n\n\n\n<figure class=\"wp-block-image size-large\"><a href=\"https:\/\/gorniknr.pl\/nr\/wp-content\/uploads\/2025\/07\/20250115_132600-1.webp\"><img loading=\"lazy\" decoding=\"async\" width=\"1024\" height=\"461\" data-id=\"3278\" src=\"https:\/\/gorniknr.pl\/nr\/wp-content\/uploads\/2025\/07\/20250115_132600-1-1024x461.webp\" alt=\"\" class=\"wp-image-3278\" srcset=\"https:\/\/gorniknr.pl\/nr\/wp-content\/uploads\/2025\/07\/20250115_132600-1-980x442.webp 980w, https:\/\/gorniknr.pl\/nr\/wp-content\/uploads\/2025\/07\/20250115_132600-1-480x216.webp 480w\" sizes=\"(min-width: 0px) and (max-width: 480px) 480px, (min-width: 481px) and (max-width: 980px) 980px, (min-width: 981px) 1024px, 100vw\" \/><\/a><\/figure>\n\n\n\n<figure class=\"wp-block-image size-large\"><a href=\"https:\/\/gorniknr.pl\/nr\/wp-content\/uploads\/2025\/07\/20250115_132604-1.webp\"><img loading=\"lazy\" decoding=\"async\" width=\"1024\" height=\"461\" data-id=\"3277\" src=\"https:\/\/gorniknr.pl\/nr\/wp-content\/uploads\/2025\/07\/20250115_132604-1-1024x461.webp\" alt=\"\" class=\"wp-image-3277\" srcset=\"https:\/\/gorniknr.pl\/nr\/wp-content\/uploads\/2025\/07\/20250115_132604-1-980x442.webp 980w, https:\/\/gorniknr.pl\/nr\/wp-content\/uploads\/2025\/07\/20250115_132604-1-480x216.webp 480w\" sizes=\"(min-width: 0px) and (max-width: 480px) 480px, (min-width: 481px) and (max-width: 980px) 980px, (min-width: 981px) 1024px, 100vw\" \/><\/a><\/figure>\n\n\n\n<figure class=\"wp-block-image size-large\"><a href=\"https:\/\/gorniknr.pl\/nr\/wp-content\/uploads\/2025\/07\/20250115_132608-1.webp\"><img loading=\"lazy\" decoding=\"async\" width=\"1024\" height=\"461\" data-id=\"3274\" src=\"https:\/\/gorniknr.pl\/nr\/wp-content\/uploads\/2025\/07\/20250115_132608-1-1024x461.webp\" alt=\"\" class=\"wp-image-3274\" srcset=\"https:\/\/gorniknr.pl\/nr\/wp-content\/uploads\/2025\/07\/20250115_132608-1-980x442.webp 980w, https:\/\/gorniknr.pl\/nr\/wp-content\/uploads\/2025\/07\/20250115_132608-1-480x216.webp 480w\" sizes=\"(min-width: 0px) and (max-width: 480px) 480px, (min-width: 481px) and (max-width: 980px) 980px, (min-width: 981px) 1024px, 100vw\" \/><\/a><\/figure>\n\n\n\n<figure class=\"wp-block-image size-large\"><a href=\"https:\/\/gorniknr.pl\/nr\/wp-content\/uploads\/2025\/07\/20250115_132614-1.webp\"><img loading=\"lazy\" decoding=\"async\" width=\"1024\" height=\"461\" data-id=\"3276\" src=\"https:\/\/gorniknr.pl\/nr\/wp-content\/uploads\/2025\/07\/20250115_132614-1-1024x461.webp\" alt=\"\" class=\"wp-image-3276\" srcset=\"https:\/\/gorniknr.pl\/nr\/wp-content\/uploads\/2025\/07\/20250115_132614-1-980x442.webp 980w, https:\/\/gorniknr.pl\/nr\/wp-content\/uploads\/2025\/07\/20250115_132614-1-480x216.webp 480w\" sizes=\"(min-width: 0px) and (max-width: 480px) 480px, (min-width: 481px) and (max-width: 980px) 980px, (min-width: 981px) 1024px, 100vw\" \/><\/a><\/figure>\n\n\n\n<figure class=\"wp-block-image size-large\"><a href=\"https:\/\/gorniknr.pl\/nr\/wp-content\/uploads\/2025\/07\/20250115_132626-1.webp\"><img loading=\"lazy\" decoding=\"async\" width=\"1024\" height=\"461\" data-id=\"3275\" src=\"https:\/\/gorniknr.pl\/nr\/wp-content\/uploads\/2025\/07\/20250115_132626-1-1024x461.webp\" alt=\"\" class=\"wp-image-3275\" srcset=\"https:\/\/gorniknr.pl\/nr\/wp-content\/uploads\/2025\/07\/20250115_132626-1-980x442.webp 980w, https:\/\/gorniknr.pl\/nr\/wp-content\/uploads\/2025\/07\/20250115_132626-1-480x216.webp 480w\" sizes=\"(min-width: 0px) and (max-width: 480px) 480px, (min-width: 481px) and (max-width: 980px) 980px, (min-width: 981px) 1024px, 100vw\" \/><\/a><\/figure>\n\n\n\n<figure class=\"wp-block-image size-large\"><a href=\"https:\/\/gorniknr.pl\/nr\/wp-content\/uploads\/2025\/07\/20250115_132630-1.webp\"><img loading=\"lazy\" decoding=\"async\" width=\"1024\" height=\"461\" data-id=\"3279\" src=\"https:\/\/gorniknr.pl\/nr\/wp-content\/uploads\/2025\/07\/20250115_132630-1-1024x461.webp\" alt=\"\" class=\"wp-image-3279\" srcset=\"https:\/\/gorniknr.pl\/nr\/wp-content\/uploads\/2025\/07\/20250115_132630-1-980x442.webp 980w, https:\/\/gorniknr.pl\/nr\/wp-content\/uploads\/2025\/07\/20250115_132630-1-480x216.webp 480w\" sizes=\"(min-width: 0px) and (max-width: 480px) 480px, (min-width: 481px) and (max-width: 980px) 980px, (min-width: 981px) 1024px, 100vw\" \/><\/a><\/figure>\n\n\n\n<figure class=\"wp-block-image size-large\"><a href=\"https:\/\/gorniknr.pl\/nr\/wp-content\/uploads\/2025\/07\/20250115_132638-1.webp\"><img loading=\"lazy\" decoding=\"async\" width=\"1024\" height=\"461\" data-id=\"3280\" src=\"https:\/\/gorniknr.pl\/nr\/wp-content\/uploads\/2025\/07\/20250115_132638-1-1024x461.webp\" alt=\"\" class=\"wp-image-3280\" srcset=\"https:\/\/gorniknr.pl\/nr\/wp-content\/uploads\/2025\/07\/20250115_132638-1-980x442.webp 980w, https:\/\/gorniknr.pl\/nr\/wp-content\/uploads\/2025\/07\/20250115_132638-1-480x216.webp 480w\" sizes=\"(min-width: 0px) and (max-width: 480px) 480px, (min-width: 481px) and (max-width: 980px) 980px, (min-width: 981px) 1024px, 100vw\" \/><\/a><\/figure>\n\n\n\n<figure class=\"wp-block-image size-large\"><a href=\"https:\/\/gorniknr.pl\/nr\/wp-content\/uploads\/2025\/07\/20250115_132643-1.webp\"><img loading=\"lazy\" decoding=\"async\" width=\"1024\" height=\"461\" data-id=\"3283\" src=\"https:\/\/gorniknr.pl\/nr\/wp-content\/uploads\/2025\/07\/20250115_132643-1-1024x461.webp\" alt=\"\" class=\"wp-image-3283\" srcset=\"https:\/\/gorniknr.pl\/nr\/wp-content\/uploads\/2025\/07\/20250115_132643-1-980x442.webp 980w, https:\/\/gorniknr.pl\/nr\/wp-content\/uploads\/2025\/07\/20250115_132643-1-480x216.webp 480w\" sizes=\"(min-width: 0px) and (max-width: 480px) 480px, (min-width: 481px) and (max-width: 980px) 980px, (min-width: 981px) 1024px, 100vw\" \/><\/a><\/figure>\n\n\n\n<figure class=\"wp-block-image size-large\"><a href=\"https:\/\/gorniknr.pl\/nr\/wp-content\/uploads\/2025\/07\/IMG20241114131704-1.webp\"><img loading=\"lazy\" decoding=\"async\" width=\"576\" height=\"1024\" data-id=\"3282\" src=\"https:\/\/gorniknr.pl\/nr\/wp-content\/uploads\/2025\/07\/IMG20241114131704-1-576x1024.webp\" alt=\"\" class=\"wp-image-3282\" srcset=\"https:\/\/gorniknr.pl\/nr\/wp-content\/uploads\/2025\/07\/IMG20241114131704-1-576x1024.webp 576w, https:\/\/gorniknr.pl\/nr\/wp-content\/uploads\/2025\/07\/IMG20241114131704-1-480x854.webp 480w\" sizes=\"(min-width: 0px) and (max-width: 480px) 480px, (min-width: 481px) 576px, 100vw\" \/><\/a><\/figure>\n\n\n\n<figure class=\"wp-block-image size-large\"><a href=\"https:\/\/gorniknr.pl\/nr\/wp-content\/uploads\/2025\/07\/IMG20241114131714-1.webp\"><img loading=\"lazy\" decoding=\"async\" width=\"576\" height=\"1024\" data-id=\"3281\" src=\"https:\/\/gorniknr.pl\/nr\/wp-content\/uploads\/2025\/07\/IMG20241114131714-1-576x1024.webp\" alt=\"\" class=\"wp-image-3281\" srcset=\"https:\/\/gorniknr.pl\/nr\/wp-content\/uploads\/2025\/07\/IMG20241114131714-1-576x1024.webp 576w, https:\/\/gorniknr.pl\/nr\/wp-content\/uploads\/2025\/07\/IMG20241114131714-1-480x854.webp 480w\" sizes=\"(min-width: 0px) and (max-width: 480px) 480px, (min-width: 481px) 576px, 100vw\" \/><\/a><\/figure>\n\n\n\n<figure class=\"wp-block-image size-large\"><a href=\"https:\/\/gorniknr.pl\/nr\/wp-content\/uploads\/2025\/07\/IMG20241114131724-1.webp\"><img loading=\"lazy\" decoding=\"async\" width=\"576\" height=\"1024\" data-id=\"3284\" src=\"https:\/\/gorniknr.pl\/nr\/wp-content\/uploads\/2025\/07\/IMG20241114131724-1-576x1024.webp\" alt=\"\" class=\"wp-image-3284\" srcset=\"https:\/\/gorniknr.pl\/nr\/wp-content\/uploads\/2025\/07\/IMG20241114131724-1-576x1024.webp 576w, https:\/\/gorniknr.pl\/nr\/wp-content\/uploads\/2025\/07\/IMG20241114131724-1-480x854.webp 480w\" sizes=\"(min-width: 0px) and (max-width: 480px) 480px, (min-width: 481px) 576px, 100vw\" \/><\/a><\/figure>\n<\/figure>\n","protected":false},"excerpt":{"rendered":"<p>przetarg w\u0119z\u0142y w.p 11SIWZ &#8211; za\u0142\u0105cznik 1 &#8211; formularz ofertowyw\u0119ze\u0142 11 przedmiarWP 11 DTwz\u00f3r umowy1.WP 11 2.WP 113.WP 114.WP 115.WP 116.WP 11 7.WP 118.WP 119.WP 1110.WP 11OT WP 11 KONIEC<\/p>\n","protected":false},"author":1001004,"featured_media":0,"parent":0,"menu_order":0,"comment_status":"closed","ping_status":"closed","template":"","meta":{"_et_pb_use_builder":"off","_et_pb_old_content":"","_et_gb_content_width":"","footnotes":""},"class_list":["post-3239","page","type-page","status-publish","hentry"],"_links":{"self":[{"href":"https:\/\/gorniknr.pl\/nr\/wp-json\/wp\/v2\/pages\/3239","targetHints":{"allow":["GET"]}}],"collection":[{"href":"https:\/\/gorniknr.pl\/nr\/wp-json\/wp\/v2\/pages"}],"about":[{"href":"https:\/\/gorniknr.pl\/nr\/wp-json\/wp\/v2\/types\/page"}],"author":[{"embeddable":true,"href":"https:\/\/gorniknr.pl\/nr\/wp-json\/wp\/v2\/users\/1001004"}],"replies":[{"embeddable":true,"href":"https:\/\/gorniknr.pl\/nr\/wp-json\/wp\/v2\/comments?post=3239"}],"version-history":[{"count":1,"href":"https:\/\/gorniknr.pl\/nr\/wp-json\/wp\/v2\/pages\/3239\/revisions"}],"predecessor-version":[{"id":3302,"href":"https:\/\/gorniknr.pl\/nr\/wp-json\/wp\/v2\/pages\/3239\/revisions\/3302"}],"wp:attachment":[{"href":"https:\/\/gorniknr.pl\/nr\/wp-json\/wp\/v2\/media?parent=3239"}],"curies":[{"name":"wp","href":"https:\/\/api.w.org\/{rel}","templated":true}]}}