{"id":3208,"date":"2025-07-02T10:48:35","date_gmt":"2025-07-02T08:48:35","guid":{"rendered":"https:\/\/gorniknr.pl\/nr\/?page_id=3208"},"modified":"2025-07-02T10:48:36","modified_gmt":"2025-07-02T08:48:36","slug":"przetarg-wezly-w-p-10-2","status":"publish","type":"page","link":"https:\/\/gorniknr.pl\/nr\/przetarg-wezly-w-p-10-2\/","title":{"rendered":"przetarg w\u0119z\u0142y w.p 10"},"content":{"rendered":"\n<div class=\"wp-block-columns is-layout-flex wp-container-core-columns-is-layout-9d6595d7 wp-block-columns-is-layout-flex\">\n<div class=\"wp-block-column is-layout-flow wp-block-column-is-layout-flow\">\n<p><a href=\"https:\/\/gorniknr.pl\/nr\/wp-content\/uploads\/2025\/07\/przetarg-wezly-w.p-10.pdf\">przetarg w\u0119z\u0142y w.p 10<\/a><br><a href=\"https:\/\/gorniknr.pl\/nr\/wp-content\/uploads\/2025\/07\/SIWZ-zalacznik-1-formularz-ofertowy-2.pdf\">SIWZ &#8211; za\u0142\u0105cznik 1 &#8211; formularz ofertowy<\/a><br><a href=\"https:\/\/gorniknr.pl\/nr\/wp-content\/uploads\/2025\/07\/wezel-10-przedmiar.pdf\">w\u0119ze\u0142 10 przedmiar<\/a><br><a href=\"https:\/\/gorniknr.pl\/nr\/wp-content\/uploads\/2025\/07\/WP-10-DT.pdf\">WP 10 DT<\/a><br><a href=\"https:\/\/gorniknr.pl\/nr\/wp-content\/uploads\/2025\/07\/wzor-umowy-2.pdf\">wz\u00f3r umowy<\/a><\/p>\n<\/div>\n\n\n\n<div class=\"wp-block-column is-layout-flow wp-block-column-is-layout-flow\">\n<p><a href=\"https:\/\/gorniknr.pl\/nr\/wp-content\/uploads\/2025\/07\/1.WP10.pdf\">1.WP10<\/a><br><a href=\"https:\/\/gorniknr.pl\/nr\/wp-content\/uploads\/2025\/07\/2.WP-10.pdf\">2.WP 10<\/a><br><a href=\"https:\/\/gorniknr.pl\/nr\/wp-content\/uploads\/2025\/07\/3.WP-10.pdf\">3.WP 10<\/a><br><a href=\"https:\/\/gorniknr.pl\/nr\/wp-content\/uploads\/2025\/07\/4.WP-10.pdf\">4.WP 10<\/a><br><a href=\"https:\/\/gorniknr.pl\/nr\/wp-content\/uploads\/2025\/07\/5.WP-10.pdf\">5.WP 10<\/a><br><\/p>\n<\/div>\n\n\n\n<div class=\"wp-block-column is-layout-flow wp-block-column-is-layout-flow\">\n<p><a href=\"https:\/\/gorniknr.pl\/nr\/wp-content\/uploads\/2025\/07\/6.WP-10.pdf\">6.WP 10<\/a><br><a href=\"https:\/\/gorniknr.pl\/nr\/wp-content\/uploads\/2025\/07\/7.WP-10.pdf\">7.WP 10<\/a><br><a href=\"https:\/\/gorniknr.pl\/nr\/wp-content\/uploads\/2025\/07\/8.WP-10.pdf\">8.WP 10<\/a><br><a href=\"https:\/\/gorniknr.pl\/nr\/wp-content\/uploads\/2025\/07\/9.WP-10.pdf\">9.WP 10<\/a><br><a href=\"https:\/\/gorniknr.pl\/nr\/wp-content\/uploads\/2025\/07\/OT-WP-10-KONIEC.pdf\">OT WP 10 KONIEC<\/a><\/p>\n<\/div>\n<\/div>\n\n\n\n<figure class=\"wp-block-gallery has-nested-images columns-default is-cropped wp-block-gallery-1 is-layout-flex wp-block-gallery-is-layout-flex\">\n<figure class=\"wp-block-image size-large\"><a href=\"https:\/\/gorniknr.pl\/nr\/wp-content\/uploads\/2025\/07\/20250115_131136.webp\"><img loading=\"lazy\" decoding=\"async\" width=\"1024\" height=\"461\" data-id=\"3210\" src=\"https:\/\/gorniknr.pl\/nr\/wp-content\/uploads\/2025\/07\/20250115_131136-1024x461.webp\" alt=\"\" class=\"wp-image-3210\" srcset=\"https:\/\/gorniknr.pl\/nr\/wp-content\/uploads\/2025\/07\/20250115_131136-980x442.webp 980w, https:\/\/gorniknr.pl\/nr\/wp-content\/uploads\/2025\/07\/20250115_131136-480x216.webp 480w\" sizes=\"(min-width: 0px) and (max-width: 480px) 480px, (min-width: 481px) and (max-width: 980px) 980px, (min-width: 981px) 1024px, 100vw\" \/><\/a><\/figure>\n\n\n\n<figure class=\"wp-block-image size-large\"><a href=\"https:\/\/gorniknr.pl\/nr\/wp-content\/uploads\/2025\/07\/20250115_131517.webp\"><img loading=\"lazy\" decoding=\"async\" width=\"1024\" height=\"461\" data-id=\"3209\" src=\"https:\/\/gorniknr.pl\/nr\/wp-content\/uploads\/2025\/07\/20250115_131517-1024x461.webp\" alt=\"\" class=\"wp-image-3209\" srcset=\"https:\/\/gorniknr.pl\/nr\/wp-content\/uploads\/2025\/07\/20250115_131517-980x442.webp 980w, https:\/\/gorniknr.pl\/nr\/wp-content\/uploads\/2025\/07\/20250115_131517-480x216.webp 480w\" sizes=\"(min-width: 0px) and (max-width: 480px) 480px, (min-width: 481px) and (max-width: 980px) 980px, (min-width: 981px) 1024px, 100vw\" \/><\/a><\/figure>\n\n\n\n<figure class=\"wp-block-image size-large\"><a href=\"https:\/\/gorniknr.pl\/nr\/wp-content\/uploads\/2025\/07\/20250115_131522.webp\"><img loading=\"lazy\" decoding=\"async\" width=\"1024\" height=\"461\" data-id=\"3212\" src=\"https:\/\/gorniknr.pl\/nr\/wp-content\/uploads\/2025\/07\/20250115_131522-1024x461.webp\" alt=\"\" class=\"wp-image-3212\" srcset=\"https:\/\/gorniknr.pl\/nr\/wp-content\/uploads\/2025\/07\/20250115_131522-980x442.webp 980w, https:\/\/gorniknr.pl\/nr\/wp-content\/uploads\/2025\/07\/20250115_131522-480x216.webp 480w\" sizes=\"(min-width: 0px) and (max-width: 480px) 480px, (min-width: 481px) and (max-width: 980px) 980px, (min-width: 981px) 1024px, 100vw\" \/><\/a><\/figure>\n\n\n\n<figure class=\"wp-block-image size-large\"><a href=\"https:\/\/gorniknr.pl\/nr\/wp-content\/uploads\/2025\/07\/20250115_131528.webp\"><img loading=\"lazy\" decoding=\"async\" width=\"1024\" height=\"461\" data-id=\"3211\" src=\"https:\/\/gorniknr.pl\/nr\/wp-content\/uploads\/2025\/07\/20250115_131528-1024x461.webp\" alt=\"\" class=\"wp-image-3211\" srcset=\"https:\/\/gorniknr.pl\/nr\/wp-content\/uploads\/2025\/07\/20250115_131528-980x442.webp 980w, https:\/\/gorniknr.pl\/nr\/wp-content\/uploads\/2025\/07\/20250115_131528-480x216.webp 480w\" sizes=\"(min-width: 0px) and (max-width: 480px) 480px, (min-width: 481px) and (max-width: 980px) 980px, (min-width: 981px) 1024px, 100vw\" \/><\/a><\/figure>\n\n\n\n<figure class=\"wp-block-image size-large\"><a href=\"https:\/\/gorniknr.pl\/nr\/wp-content\/uploads\/2025\/07\/20250115_131534.webp\"><img loading=\"lazy\" decoding=\"async\" width=\"1024\" height=\"461\" data-id=\"3220\" src=\"https:\/\/gorniknr.pl\/nr\/wp-content\/uploads\/2025\/07\/20250115_131534-1024x461.webp\" alt=\"\" class=\"wp-image-3220\" srcset=\"https:\/\/gorniknr.pl\/nr\/wp-content\/uploads\/2025\/07\/20250115_131534-980x442.webp 980w, https:\/\/gorniknr.pl\/nr\/wp-content\/uploads\/2025\/07\/20250115_131534-480x216.webp 480w\" sizes=\"(min-width: 0px) and (max-width: 480px) 480px, (min-width: 481px) and (max-width: 980px) 980px, (min-width: 981px) 1024px, 100vw\" \/><\/a><\/figure>\n\n\n\n<figure class=\"wp-block-image size-large\"><a href=\"https:\/\/gorniknr.pl\/nr\/wp-content\/uploads\/2025\/07\/20250115_131539.webp\"><img loading=\"lazy\" decoding=\"async\" width=\"1024\" height=\"461\" data-id=\"3213\" src=\"https:\/\/gorniknr.pl\/nr\/wp-content\/uploads\/2025\/07\/20250115_131539-1024x461.webp\" alt=\"\" class=\"wp-image-3213\" srcset=\"https:\/\/gorniknr.pl\/nr\/wp-content\/uploads\/2025\/07\/20250115_131539-980x442.webp 980w, https:\/\/gorniknr.pl\/nr\/wp-content\/uploads\/2025\/07\/20250115_131539-480x216.webp 480w\" sizes=\"(min-width: 0px) and (max-width: 480px) 480px, (min-width: 481px) and (max-width: 980px) 980px, (min-width: 981px) 1024px, 100vw\" \/><\/a><\/figure>\n\n\n\n<figure class=\"wp-block-image size-large\"><a href=\"https:\/\/gorniknr.pl\/nr\/wp-content\/uploads\/2025\/07\/20250115_131551.webp\"><img loading=\"lazy\" decoding=\"async\" width=\"1024\" height=\"461\" data-id=\"3214\" src=\"https:\/\/gorniknr.pl\/nr\/wp-content\/uploads\/2025\/07\/20250115_131551-1024x461.webp\" alt=\"\" class=\"wp-image-3214\" srcset=\"https:\/\/gorniknr.pl\/nr\/wp-content\/uploads\/2025\/07\/20250115_131551-980x442.webp 980w, https:\/\/gorniknr.pl\/nr\/wp-content\/uploads\/2025\/07\/20250115_131551-480x216.webp 480w\" sizes=\"(min-width: 0px) and (max-width: 480px) 480px, (min-width: 481px) and (max-width: 980px) 980px, (min-width: 981px) 1024px, 100vw\" \/><\/a><\/figure>\n\n\n\n<figure class=\"wp-block-image size-large\"><a href=\"https:\/\/gorniknr.pl\/nr\/wp-content\/uploads\/2025\/07\/20250115_131557.webp\"><img loading=\"lazy\" decoding=\"async\" width=\"1024\" height=\"461\" data-id=\"3215\" src=\"https:\/\/gorniknr.pl\/nr\/wp-content\/uploads\/2025\/07\/20250115_131557-1024x461.webp\" alt=\"\" class=\"wp-image-3215\" srcset=\"https:\/\/gorniknr.pl\/nr\/wp-content\/uploads\/2025\/07\/20250115_131557-980x442.webp 980w, https:\/\/gorniknr.pl\/nr\/wp-content\/uploads\/2025\/07\/20250115_131557-480x216.webp 480w\" sizes=\"(min-width: 0px) and (max-width: 480px) 480px, (min-width: 481px) and (max-width: 980px) 980px, (min-width: 981px) 1024px, 100vw\" \/><\/a><\/figure>\n\n\n\n<figure class=\"wp-block-image size-large\"><a href=\"https:\/\/gorniknr.pl\/nr\/wp-content\/uploads\/2025\/07\/20250115_131603.webp\"><img loading=\"lazy\" decoding=\"async\" width=\"1024\" height=\"461\" data-id=\"3217\" src=\"https:\/\/gorniknr.pl\/nr\/wp-content\/uploads\/2025\/07\/20250115_131603-1024x461.webp\" alt=\"\" class=\"wp-image-3217\" srcset=\"https:\/\/gorniknr.pl\/nr\/wp-content\/uploads\/2025\/07\/20250115_131603-980x442.webp 980w, https:\/\/gorniknr.pl\/nr\/wp-content\/uploads\/2025\/07\/20250115_131603-480x216.webp 480w\" sizes=\"(min-width: 0px) and (max-width: 480px) 480px, (min-width: 481px) and (max-width: 980px) 980px, (min-width: 981px) 1024px, 100vw\" \/><\/a><\/figure>\n\n\n\n<figure class=\"wp-block-image size-large\"><a href=\"https:\/\/gorniknr.pl\/nr\/wp-content\/uploads\/2025\/07\/20250115_131636.webp\"><img loading=\"lazy\" decoding=\"async\" width=\"1024\" height=\"461\" data-id=\"3219\" src=\"https:\/\/gorniknr.pl\/nr\/wp-content\/uploads\/2025\/07\/20250115_131636-1024x461.webp\" alt=\"\" class=\"wp-image-3219\" srcset=\"https:\/\/gorniknr.pl\/nr\/wp-content\/uploads\/2025\/07\/20250115_131636-980x442.webp 980w, https:\/\/gorniknr.pl\/nr\/wp-content\/uploads\/2025\/07\/20250115_131636-480x216.webp 480w\" sizes=\"(min-width: 0px) and (max-width: 480px) 480px, (min-width: 481px) and (max-width: 980px) 980px, (min-width: 981px) 1024px, 100vw\" \/><\/a><\/figure>\n\n\n\n<figure class=\"wp-block-image size-large\"><a href=\"https:\/\/gorniknr.pl\/nr\/wp-content\/uploads\/2025\/07\/20250115_131646.webp\"><img loading=\"lazy\" decoding=\"async\" width=\"1024\" height=\"461\" data-id=\"3218\" src=\"https:\/\/gorniknr.pl\/nr\/wp-content\/uploads\/2025\/07\/20250115_131646-1024x461.webp\" alt=\"\" class=\"wp-image-3218\" srcset=\"https:\/\/gorniknr.pl\/nr\/wp-content\/uploads\/2025\/07\/20250115_131646-980x442.webp 980w, https:\/\/gorniknr.pl\/nr\/wp-content\/uploads\/2025\/07\/20250115_131646-480x216.webp 480w\" sizes=\"(min-width: 0px) and (max-width: 480px) 480px, (min-width: 481px) and (max-width: 980px) 980px, (min-width: 981px) 1024px, 100vw\" \/><\/a><\/figure>\n\n\n\n<figure class=\"wp-block-image size-large\"><a href=\"https:\/\/gorniknr.pl\/nr\/wp-content\/uploads\/2025\/07\/20250115_131716.webp\"><img loading=\"lazy\" decoding=\"async\" width=\"461\" height=\"1024\" data-id=\"3216\" src=\"https:\/\/gorniknr.pl\/nr\/wp-content\/uploads\/2025\/07\/20250115_131716-461x1024.webp\" alt=\"\" class=\"wp-image-3216\"\/><\/a><\/figure>\n<\/figure>\n","protected":false},"excerpt":{"rendered":"<p>przetarg w\u0119z\u0142y w.p 10SIWZ &#8211; za\u0142\u0105cznik 1 &#8211; formularz ofertowyw\u0119ze\u0142 10 przedmiarWP 10 DTwz\u00f3r umowy 1.WP102.WP 103.WP 104.WP 105.WP 10 6.WP 107.WP 108.WP 109.WP 10OT WP 10 KONIEC<\/p>\n","protected":false},"author":1001004,"featured_media":0,"parent":0,"menu_order":0,"comment_status":"closed","ping_status":"closed","template":"","meta":{"_et_pb_use_builder":"off","_et_pb_old_content":"","_et_gb_content_width":"","footnotes":""},"class_list":["post-3208","page","type-page","status-publish","hentry"],"_links":{"self":[{"href":"https:\/\/gorniknr.pl\/nr\/wp-json\/wp\/v2\/pages\/3208","targetHints":{"allow":["GET"]}}],"collection":[{"href":"https:\/\/gorniknr.pl\/nr\/wp-json\/wp\/v2\/pages"}],"about":[{"href":"https:\/\/gorniknr.pl\/nr\/wp-json\/wp\/v2\/types\/page"}],"author":[{"embeddable":true,"href":"https:\/\/gorniknr.pl\/nr\/wp-json\/wp\/v2\/users\/1001004"}],"replies":[{"embeddable":true,"href":"https:\/\/gorniknr.pl\/nr\/wp-json\/wp\/v2\/comments?post=3208"}],"version-history":[{"count":1,"href":"https:\/\/gorniknr.pl\/nr\/wp-json\/wp\/v2\/pages\/3208\/revisions"}],"predecessor-version":[{"id":3237,"href":"https:\/\/gorniknr.pl\/nr\/wp-json\/wp\/v2\/pages\/3208\/revisions\/3237"}],"wp:attachment":[{"href":"https:\/\/gorniknr.pl\/nr\/wp-json\/wp\/v2\/media?parent=3208"}],"curies":[{"name":"wp","href":"https:\/\/api.w.org\/{rel}","templated":true}]}}