{"id":3156,"date":"2025-07-02T09:36:07","date_gmt":"2025-07-02T07:36:07","guid":{"rendered":"https:\/\/gorniknr.pl\/nr\/?page_id=3156"},"modified":"2025-07-02T09:36:08","modified_gmt":"2025-07-02T07:36:08","slug":"przetarg-na-wezel-w-p-a8","status":"publish","type":"page","link":"https:\/\/gorniknr.pl\/nr\/przetarg-na-wezel-w-p-a8\/","title":{"rendered":"Przetarg na w\u0119ze\u0142 W.P a8"},"content":{"rendered":"\n<div class=\"wp-block-columns is-layout-flex wp-container-core-columns-is-layout-9d6595d7 wp-block-columns-is-layout-flex\">\n<div class=\"wp-block-column is-layout-flow wp-block-column-is-layout-flow\">\n<p><a href=\"https:\/\/gorniknr.pl\/nr\/wp-content\/uploads\/2025\/07\/przetarg-wezly-w.p-8a.pdf\">przetarg w\u0119z\u0142y w.p 8a<\/a><br><a href=\"https:\/\/gorniknr.pl\/nr\/wp-content\/uploads\/2025\/07\/SIWZ-zalacznik-1-formularz-ofertowy.pdf\">SIWZ &#8211; za\u0142\u0105cznik 1 &#8211; formularz ofertowy<\/a><br><a href=\"https:\/\/gorniknr.pl\/nr\/wp-content\/uploads\/2025\/07\/wezel-8a-przedmiar-1.pdf\">w\u0119ze\u0142 8a przedmiar<\/a><br><a href=\"https:\/\/gorniknr.pl\/nr\/wp-content\/uploads\/2025\/07\/WP-8A-DT.pdf\">WP 8A DT<\/a><br><a href=\"https:\/\/gorniknr.pl\/nr\/wp-content\/uploads\/2025\/07\/wzor-umowy.pdf\">wz\u00f3r umowy<\/a><br><a href=\"https:\/\/gorniknr.pl\/nr\/wp-content\/uploads\/2025\/07\/OT-WP-8A-KONIEC.pdf\">OT WP 8A KONIEC<\/a><\/p>\n<\/div>\n\n\n\n<div class=\"wp-block-column is-layout-flow wp-block-column-is-layout-flow\">\n<p><a href=\"https:\/\/gorniknr.pl\/nr\/wp-content\/uploads\/2025\/07\/1.WP-8A.pdf\">1.WP 8A<\/a><br><a href=\"https:\/\/gorniknr.pl\/nr\/wp-content\/uploads\/2025\/07\/2.WP-8A.pdf\">2.WP 8A<\/a><br><a href=\"https:\/\/gorniknr.pl\/nr\/wp-content\/uploads\/2025\/07\/3.WP-8A.pdf\">3.WP 8A<\/a><br><a href=\"https:\/\/gorniknr.pl\/nr\/wp-content\/uploads\/2025\/07\/4.WP-8A.pdf\">4.WP 8A<\/a><br><a href=\"https:\/\/gorniknr.pl\/nr\/wp-content\/uploads\/2025\/07\/5.WP-8A.pdf\">5.WP 8A<\/a><br><\/p>\n<\/div>\n\n\n\n<div class=\"wp-block-column is-layout-flow wp-block-column-is-layout-flow\">\n<p><a href=\"https:\/\/gorniknr.pl\/nr\/wp-content\/uploads\/2025\/07\/6.WP-8A.pdf\">6.WP 8A<\/a><br><a href=\"https:\/\/gorniknr.pl\/nr\/wp-content\/uploads\/2025\/07\/7.WP-8A.pdf\">7.WP 8A<\/a><br><a href=\"https:\/\/gorniknr.pl\/nr\/wp-content\/uploads\/2025\/07\/8.WP-8A.pdf\">8.WP 8A<\/a><br><a href=\"https:\/\/gorniknr.pl\/nr\/wp-content\/uploads\/2025\/07\/9.WP-8A.pdf\">9.WP 8A<\/a><br><a href=\"https:\/\/gorniknr.pl\/nr\/wp-content\/uploads\/2025\/07\/10.WP-8A.pdf\">10.WP 8A<\/a><br><\/p>\n<\/div>\n<\/div>\n\n\n\n<figure class=\"wp-block-gallery has-nested-images columns-default is-cropped wp-block-gallery-1 is-layout-flex wp-block-gallery-is-layout-flex\">\n<figure class=\"wp-block-image size-large\"><a href=\"https:\/\/gorniknr.pl\/nr\/wp-content\/uploads\/2025\/07\/20250115_125931.webp\"><img loading=\"lazy\" decoding=\"async\" width=\"1024\" height=\"462\" data-id=\"3137\" src=\"https:\/\/gorniknr.pl\/nr\/wp-content\/uploads\/2025\/07\/20250115_125931-1024x462.webp\" alt=\"\" class=\"wp-image-3137\" srcset=\"https:\/\/gorniknr.pl\/nr\/wp-content\/uploads\/2025\/07\/20250115_125931-980x442.webp 980w, https:\/\/gorniknr.pl\/nr\/wp-content\/uploads\/2025\/07\/20250115_125931-480x216.webp 480w\" sizes=\"(min-width: 0px) and (max-width: 480px) 480px, (min-width: 481px) and (max-width: 980px) 980px, (min-width: 981px) 1024px, 100vw\" \/><\/a><\/figure>\n\n\n\n<figure class=\"wp-block-image size-large\"><a href=\"https:\/\/gorniknr.pl\/nr\/wp-content\/uploads\/2025\/07\/20250115_130018.webp\"><img loading=\"lazy\" decoding=\"async\" width=\"1024\" height=\"462\" data-id=\"3136\" src=\"https:\/\/gorniknr.pl\/nr\/wp-content\/uploads\/2025\/07\/20250115_130018-1024x462.webp\" alt=\"\" class=\"wp-image-3136\" srcset=\"https:\/\/gorniknr.pl\/nr\/wp-content\/uploads\/2025\/07\/20250115_130018-980x442.webp 980w, https:\/\/gorniknr.pl\/nr\/wp-content\/uploads\/2025\/07\/20250115_130018-480x216.webp 480w\" sizes=\"(min-width: 0px) and (max-width: 480px) 480px, (min-width: 481px) and (max-width: 980px) 980px, (min-width: 981px) 1024px, 100vw\" \/><\/a><\/figure>\n\n\n\n<figure class=\"wp-block-image size-large\"><a href=\"https:\/\/gorniknr.pl\/nr\/wp-content\/uploads\/2025\/07\/20250115_125920.webp\"><img loading=\"lazy\" decoding=\"async\" width=\"1024\" height=\"462\" data-id=\"3132\" src=\"https:\/\/gorniknr.pl\/nr\/wp-content\/uploads\/2025\/07\/20250115_125920-1024x462.webp\" alt=\"\" class=\"wp-image-3132\" srcset=\"https:\/\/gorniknr.pl\/nr\/wp-content\/uploads\/2025\/07\/20250115_125920-980x442.webp 980w, https:\/\/gorniknr.pl\/nr\/wp-content\/uploads\/2025\/07\/20250115_125920-480x216.webp 480w\" sizes=\"(min-width: 0px) and (max-width: 480px) 480px, (min-width: 481px) and (max-width: 980px) 980px, (min-width: 981px) 1024px, 100vw\" \/><\/a><\/figure>\n\n\n\n<figure class=\"wp-block-image size-large\"><a href=\"https:\/\/gorniknr.pl\/nr\/wp-content\/uploads\/2025\/07\/20250115_125933-scaled.webp\"><img loading=\"lazy\" decoding=\"async\" width=\"1024\" height=\"462\" data-id=\"3133\" src=\"https:\/\/gorniknr.pl\/nr\/wp-content\/uploads\/2025\/07\/20250115_125933-1024x462.webp\" alt=\"\" class=\"wp-image-3133\" srcset=\"https:\/\/gorniknr.pl\/nr\/wp-content\/uploads\/2025\/07\/20250115_125933-980x442.webp 980w, https:\/\/gorniknr.pl\/nr\/wp-content\/uploads\/2025\/07\/20250115_125933-480x216.webp 480w\" sizes=\"(min-width: 0px) and (max-width: 480px) 480px, (min-width: 481px) and (max-width: 980px) 980px, (min-width: 981px) 1024px, 100vw\" \/><\/a><\/figure>\n\n\n\n<figure class=\"wp-block-image size-large\"><a href=\"https:\/\/gorniknr.pl\/nr\/wp-content\/uploads\/2025\/07\/20250115_125937.webp\"><img loading=\"lazy\" decoding=\"async\" width=\"1024\" height=\"462\" data-id=\"3134\" src=\"https:\/\/gorniknr.pl\/nr\/wp-content\/uploads\/2025\/07\/20250115_125937-1024x462.webp\" alt=\"\" class=\"wp-image-3134\" srcset=\"https:\/\/gorniknr.pl\/nr\/wp-content\/uploads\/2025\/07\/20250115_125937-980x442.webp 980w, https:\/\/gorniknr.pl\/nr\/wp-content\/uploads\/2025\/07\/20250115_125937-480x216.webp 480w\" sizes=\"(min-width: 0px) and (max-width: 480px) 480px, (min-width: 481px) and (max-width: 980px) 980px, (min-width: 981px) 1024px, 100vw\" \/><\/a><\/figure>\n\n\n\n<figure class=\"wp-block-image size-large\"><a href=\"https:\/\/gorniknr.pl\/nr\/wp-content\/uploads\/2025\/07\/20250115_130017.webp\"><img loading=\"lazy\" decoding=\"async\" width=\"1024\" height=\"462\" data-id=\"3135\" src=\"https:\/\/gorniknr.pl\/nr\/wp-content\/uploads\/2025\/07\/20250115_130017-1024x462.webp\" alt=\"\" class=\"wp-image-3135\" srcset=\"https:\/\/gorniknr.pl\/nr\/wp-content\/uploads\/2025\/07\/20250115_130017-980x442.webp 980w, https:\/\/gorniknr.pl\/nr\/wp-content\/uploads\/2025\/07\/20250115_130017-480x216.webp 480w\" sizes=\"(min-width: 0px) and (max-width: 480px) 480px, (min-width: 481px) and (max-width: 980px) 980px, (min-width: 981px) 1024px, 100vw\" \/><\/a><\/figure>\n\n\n\n<figure class=\"wp-block-image size-large\"><a href=\"https:\/\/gorniknr.pl\/nr\/wp-content\/uploads\/2025\/07\/20250115_125924.webp\"><img loading=\"lazy\" decoding=\"async\" width=\"1024\" height=\"462\" data-id=\"3130\" src=\"https:\/\/gorniknr.pl\/nr\/wp-content\/uploads\/2025\/07\/20250115_125924-1024x462.webp\" alt=\"\" class=\"wp-image-3130\" srcset=\"https:\/\/gorniknr.pl\/nr\/wp-content\/uploads\/2025\/07\/20250115_125924-980x442.webp 980w, https:\/\/gorniknr.pl\/nr\/wp-content\/uploads\/2025\/07\/20250115_125924-480x216.webp 480w\" sizes=\"(min-width: 0px) and (max-width: 480px) 480px, (min-width: 481px) and (max-width: 980px) 980px, (min-width: 981px) 1024px, 100vw\" \/><\/a><\/figure>\n\n\n\n<figure class=\"wp-block-image size-large\"><a href=\"https:\/\/gorniknr.pl\/nr\/wp-content\/uploads\/2025\/07\/20250115_125927.webp\"><img loading=\"lazy\" decoding=\"async\" width=\"1024\" height=\"462\" data-id=\"3131\" src=\"https:\/\/gorniknr.pl\/nr\/wp-content\/uploads\/2025\/07\/20250115_125927-1024x462.webp\" alt=\"\" class=\"wp-image-3131\" srcset=\"https:\/\/gorniknr.pl\/nr\/wp-content\/uploads\/2025\/07\/20250115_125927-980x442.webp 980w, https:\/\/gorniknr.pl\/nr\/wp-content\/uploads\/2025\/07\/20250115_125927-480x216.webp 480w\" sizes=\"(min-width: 0px) and (max-width: 480px) 480px, (min-width: 481px) and (max-width: 980px) 980px, (min-width: 981px) 1024px, 100vw\" \/><\/a><\/figure>\n<\/figure>\n","protected":false},"excerpt":{"rendered":"<p>przetarg w\u0119z\u0142y w.p 8aSIWZ &#8211; za\u0142\u0105cznik 1 &#8211; formularz ofertowyw\u0119ze\u0142 8a przedmiarWP 8A DTwz\u00f3r umowyOT WP 8A KONIEC 1.WP 8A2.WP 8A3.WP 8A4.WP 8A5.WP 8A 6.WP 8A7.WP 8A8.WP 8A9.WP 8A10.WP 8A<\/p>\n","protected":false},"author":1001004,"featured_media":0,"parent":0,"menu_order":0,"comment_status":"closed","ping_status":"closed","template":"","meta":{"_et_pb_use_builder":"off","_et_pb_old_content":"","_et_gb_content_width":"","footnotes":""},"class_list":["post-3156","page","type-page","status-publish","hentry"],"_links":{"self":[{"href":"https:\/\/gorniknr.pl\/nr\/wp-json\/wp\/v2\/pages\/3156","targetHints":{"allow":["GET"]}}],"collection":[{"href":"https:\/\/gorniknr.pl\/nr\/wp-json\/wp\/v2\/pages"}],"about":[{"href":"https:\/\/gorniknr.pl\/nr\/wp-json\/wp\/v2\/types\/page"}],"author":[{"embeddable":true,"href":"https:\/\/gorniknr.pl\/nr\/wp-json\/wp\/v2\/users\/1001004"}],"replies":[{"embeddable":true,"href":"https:\/\/gorniknr.pl\/nr\/wp-json\/wp\/v2\/comments?post=3156"}],"version-history":[{"count":1,"href":"https:\/\/gorniknr.pl\/nr\/wp-json\/wp\/v2\/pages\/3156\/revisions"}],"predecessor-version":[{"id":3158,"href":"https:\/\/gorniknr.pl\/nr\/wp-json\/wp\/v2\/pages\/3156\/revisions\/3158"}],"wp:attachment":[{"href":"https:\/\/gorniknr.pl\/nr\/wp-json\/wp\/v2\/media?parent=3156"}],"curies":[{"name":"wp","href":"https:\/\/api.w.org\/{rel}","templated":true}]}}