{"id":3057,"date":"2025-05-22T09:28:57","date_gmt":"2025-05-22T07:28:57","guid":{"rendered":"https:\/\/gorniknr.pl\/nr\/?page_id=3057"},"modified":"2025-06-25T13:48:05","modified_gmt":"2025-06-25T11:48:05","slug":"walne-zgromadzenie-2025","status":"publish","type":"page","link":"https:\/\/gorniknr.pl\/nr\/walne-zgromadzenie-2025\/","title":{"rendered":"Walne zgromadzenie 2025"},"content":{"rendered":"\n<p><strong><a href=\"https:\/\/gorniknr.pl\/nr\/wp-content\/uploads\/2025\/06\/protokol-Walnego-Zgromadzenia-z-13.06.2025r.pdf\">Protok\u00f3\u0142 Walnego Zgromadzenia z 13.06.2025r.<\/a><\/strong><br><a href=\"https:\/\/gorniknr.pl\/nr\/wp-content\/uploads\/2025\/05\/1.-Zawiadomienie-o-uzupelnieniu-porzadku-obrad.pdf\">1. Zawiadomienie o uzupe\u0142nieniu porz\u0105dku obrad.<\/a><\/p>\n\n\n\n<p><a href=\"https:\/\/gorniknr.pl\/nr\/wp-content\/uploads\/2025\/05\/2.-Zadanie-czlonka-spoldzielni.pdf\">2. \u017b\u0105danie cz\u0142onka sp\u00f3\u0142dzielni.<\/a><\/p>\n\n\n\n<p><a href=\"https:\/\/gorniknr.pl\/nr\/wp-content\/uploads\/2025\/05\/3.-Sprawozdanie-z-dzialalnosci-Zarzadu-Spoldzielni-Mieszkaniowej-\u201eGornik-w-Nowej-Rudzie-za-2024-r.pdf\">3. Sprawozdanie z dzia\u0142alno\u015bci Zarz\u0105du Sp\u00f3\u0142dzielni Mieszkaniowej \u201eG\u00f3rnik\u201d w Nowej&nbsp;Rudzie za 2024 r.<\/a><\/p>\n\n\n\n<p><a data-wplink-edit=\"true\" href=\"_wp_link_placeholder\">4. uchwa\u0142a WZ nr 1\/2025 w sprawie zatwierdzenia sprawozdania z dzia\u0142alno\u015bci Zarz\u0105du Sp\u00f3\u0142dzielni Mieszkaniowej \u201eG\u00f3rnik\u201d\u00a0 \u00a0 \u00a0 w Nowej Rudzie za 2024 r.<\/a><\/p>\n\n\n\n<p>5. Sprawozdanie finansowe Sp\u00f3\u0142dzielni Mieszkaniowej \u201eG\u00f3rnik\u201d w Nowej Rudzie za&nbsp;2024 r. (bilans, rachunek zysk\u00f3w i strat, wprowadzenie do sprawozdania finan., informacja dodatkowa)<\/p>\n\n\n\n<ul class=\"wp-block-list\">\n<li><a href=\"https:\/\/gorniknr.pl\/nr\/wp-content\/uploads\/2025\/05\/Wprowadzenie-do-Sprawozdania-finansowego-2024.pdf\">Wprowadzenie do Sprawozdania finansowego 2024<\/a><\/li>\n\n\n\n<li><a href=\"https:\/\/gorniknr.pl\/nr\/wp-content\/uploads\/2025\/05\/Rachunek-Zyskow-i-Strat-2024.pdf\">Rachunek Zysk\u00f3w i Strat 2024<\/a><\/li>\n\n\n\n<li><a href=\"https:\/\/gorniknr.pl\/nr\/wp-content\/uploads\/2025\/05\/Bilans-2024.pdf\">Bilans 2024<\/a><\/li>\n\n\n\n<li><a href=\"https:\/\/gorniknr.pl\/nr\/wp-content\/uploads\/2025\/05\/Informacja-dodatkowa-2024.pdf\">Informacja dodatkowa 2024<\/a><\/li>\n<\/ul>\n\n\n\n<p><a href=\"https:\/\/gorniknr.pl\/nr\/wp-content\/uploads\/2025\/06\/uchwala-WZ-nr-2.pdf\">6. uchwa\u0142a WZ nr 2\/2025 w sprawie zatwierdzenia sprawozdania finansowego Sp\u00f3\u0142dzielni Mieszkaniowej \u201eG\u00f3rnik\u201d w Nowej Rudzie za 2024 r.<\/a><\/p>\n\n\n\n<p><a href=\"https:\/\/gorniknr.pl\/nr\/wp-content\/uploads\/2025\/05\/7.-Sprawozdanie-z-dzialalnosci-Rady-Nadzorczej-Spoldzielni-Mieszkaniowej-\u201eGornik-w-Nowej-Rudzie-za-2024-r.pdf\">7. Sprawozdanie z dzia\u0142alno\u015bci Rady Nadzorczej Sp\u00f3\u0142dzielni Mieszkaniowej \u201eG\u00f3rnik\u201d w Nowej Rudzie za 2024 r.<\/a><\/p>\n\n\n\n<p><a href=\"https:\/\/gorniknr.pl\/nr\/wp-content\/uploads\/2025\/06\/uchwala-WZ-nr-3.pdf\">8. <a href=\"https:\/\/gorniknr.pl\/nr\/wp-content\/uploads\/2025\/06\/uchwala-WZ-nr-3.pdf\">uchwa\u0142a WZ nr 3<\/a>\/2025 w sprawie zatwierdzenia Sprawozdania z dzia\u0142alno\u015bci\u00a0Rady Nadzorczej Sp\u00f3\u0142dzielni Mieszkaniowej \u201eG\u00f3rnik\u201d w Nowej Rudzie za 2024 r.<\/a><\/p>\n\n\n\n<p><a href=\"https:\/\/gorniknr.pl\/nr\/wp-content\/uploads\/2025\/05\/9.-List-polustracyjny-za-lata-2019-2021r.pdf\">9. List polustracyjny za lata 2019-2021.<\/a><\/p>\n\n\n\n<p><a href=\"https:\/\/gorniknr.pl\/nr\/wp-content\/uploads\/2025\/05\/10.-Sprawozdanie-Zarzadu-Spoldzielni-z-realizacji-wnioskow-polustracyjnych-za-okres-od-01.01.2019-r.-do-31.12.2021-r.pdf\">10. Sprawozdanie Zarz\u0105du Sp\u00f3\u0142dzielni z realizacji wniosk\u00f3w polustracyjnych za okres&nbsp;od 01.01.2019 r. do 31.12.2021 r.<\/a><\/p>\n\n\n\n<p><a href=\"https:\/\/gorniknr.pl\/nr\/wp-content\/uploads\/2025\/05\/11.Projekt-uchwaly-w-sprawie-zatwierdzenia-sprawozdania-Zarzadu-z-realizacji-wnioskow-polustracyjnych.pdf\">11. uchwa\u0142a WZ nr 4\/2025 w sprawie zatwierdzenia sprawozdania Zarz\u0105du\u00a0Sp\u00f3\u0142dzielni z realizacji zalece\u0144 polustracyjnych\u00a0 \u00a0 \u00a0 \u00a0 \u00a0 \u00a0za okres od 01.01.2019 r. do 31.12.2021 r.<\/a><\/p>\n\n\n\n<p><a href=\"https:\/\/gorniknr.pl\/nr\/wp-content\/uploads\/2025\/05\/12.-Projekt-uchwaly-nr-5-2025-w-sprawie-absolutorium-dla-Prezesa-Zarzadu-Pana-Tomasza-Tylaka-za-2024-r.pdf\">12.uchwa\u0142a WZ nr 5\/2025 w sprawie absolutorium dla Prezesa Zarz\u0105du Pana\u00a0Tomasza Tylaka za 2024 r.<\/a><\/p>\n\n\n\n<p><a href=\"https:\/\/gorniknr.pl\/nr\/wp-content\/uploads\/2025\/05\/13.-Projekt-uchwaly-nr-6-2025-w-sprawie-absolutorium-dla-Z-cy-Prezesa-ds.-Finansowych-Pana-Roberta-Lorenca-za-2024-r.pdf\">13. uchwa\u0142a WZ nr 6\/2025 w sprawie absolutorium dla Z-cy Prezesa ds.\u00a0Finansowych Pana Roberta Lorenca za 2024 r.<\/a><\/p>\n\n\n\n<p><a href=\"https:\/\/gorniknr.pl\/nr\/wp-content\/uploads\/2025\/05\/14.-Projekt-uchwaly-nr-7-2025-w-sprawie-wprowadzenia-zmian-do-Statutu-Spoldzielni-Mieszkaniowej-\u201eGornik-w-Nowej-Rudzie.pdf\">14. uchwa\u0142a WZ nr 7\/2025 w sprawie wprowadzenia zmian do Statutu Sp\u00f3\u0142dzielni\u00a0Mieszkaniowej \u201eG\u00f3rnik\u201d w Nowej Rudzie.<\/a><\/p>\n\n\n\n<p><a href=\"https:\/\/gorniknr.pl\/nr\/wp-content\/uploads\/2025\/05\/15.-Projekt-uchwaly-nr-8-2025-w-sprawie-zmiany-przeznaczenia-nadwyzki-bilansowej-Spoldzielni-za-rok-2023.pdf\">15. uchwa\u0142a WZ nr 8\/2025 w sprawie zmiany przeznaczenia nadwy\u017cki bilansowej\u00a0Sp\u00f3\u0142dzielni za rok 2023.<\/a><\/p>\n\n\n\n<p><a href=\"https:\/\/gorniknr.pl\/nr\/wp-content\/uploads\/2025\/05\/16.-Projekt-uchwaly-nr-9-2025-w-sprawie-przeznaczenia-nadwyzki-bilansowej-Spoldzielni-za-rok-2024.pdf\">16. uchwa\u0142a WZ nr 9\/2025 w sprawie przeznaczenia nadwy\u017cki bilansowej\u00a0Sp\u00f3\u0142dzielni za rok 2024.<\/a><\/p>\n\n\n\n<p><a href=\"https:\/\/gorniknr.pl\/nr\/wp-content\/uploads\/2025\/05\/17.-Projekt-uchwaly-nr-10-2025-w-sprawie-zbycia-uzytkowania-wieczystego-czesci-nieruchomosci-gruntowej.pdf\">17. uchwa\u0142a WZ nr 10\/2025 w sprawie zbycia u\u017cytkowania wieczystego cz\u0119\u015bci<\/a><\/p>\n","protected":false},"excerpt":{"rendered":"<p>Protok\u00f3\u0142 Walnego Zgromadzenia z 13.06.2025r.1. Zawiadomienie o uzupe\u0142nieniu porz\u0105dku obrad. 2. \u017b\u0105danie cz\u0142onka sp\u00f3\u0142dzielni. 3. Sprawozdanie z dzia\u0142alno\u015bci Zarz\u0105du Sp\u00f3\u0142dzielni Mieszkaniowej \u201eG\u00f3rnik\u201d w Nowej&nbsp;Rudzie za 2024 r. 4. uchwa\u0142a WZ nr 1\/2025 w sprawie zatwierdzenia sprawozdania z dzia\u0142alno\u015bci Zarz\u0105du Sp\u00f3\u0142dzielni Mieszkaniowej \u201eG\u00f3rnik\u201d\u00a0 \u00a0 \u00a0 w Nowej Rudzie za 2024 r. 5. Sprawozdanie finansowe Sp\u00f3\u0142dzielni Mieszkaniowej [&hellip;]<\/p>\n","protected":false},"author":1001004,"featured_media":0,"parent":0,"menu_order":0,"comment_status":"closed","ping_status":"closed","template":"","meta":{"_et_pb_use_builder":"off","_et_pb_old_content":"","_et_gb_content_width":"","footnotes":""},"class_list":["post-3057","page","type-page","status-publish","hentry"],"_links":{"self":[{"href":"https:\/\/gorniknr.pl\/nr\/wp-json\/wp\/v2\/pages\/3057","targetHints":{"allow":["GET"]}}],"collection":[{"href":"https:\/\/gorniknr.pl\/nr\/wp-json\/wp\/v2\/pages"}],"about":[{"href":"https:\/\/gorniknr.pl\/nr\/wp-json\/wp\/v2\/types\/page"}],"author":[{"embeddable":true,"href":"https:\/\/gorniknr.pl\/nr\/wp-json\/wp\/v2\/users\/1001004"}],"replies":[{"embeddable":true,"href":"https:\/\/gorniknr.pl\/nr\/wp-json\/wp\/v2\/comments?post=3057"}],"version-history":[{"count":8,"href":"https:\/\/gorniknr.pl\/nr\/wp-json\/wp\/v2\/pages\/3057\/revisions"}],"predecessor-version":[{"id":3126,"href":"https:\/\/gorniknr.pl\/nr\/wp-json\/wp\/v2\/pages\/3057\/revisions\/3126"}],"wp:attachment":[{"href":"https:\/\/gorniknr.pl\/nr\/wp-json\/wp\/v2\/media?parent=3057"}],"curies":[{"name":"wp","href":"https:\/\/api.w.org\/{rel}","templated":true}]}}