{"id":2942,"date":"2025-03-31T11:11:47","date_gmt":"2025-03-31T09:11:47","guid":{"rendered":"https:\/\/gorniknr.pl\/nr\/?page_id=2942"},"modified":"2026-03-27T12:13:47","modified_gmt":"2026-03-27T10:13:47","slug":"uchwaly-rady-nadzorczej-2025","status":"publish","type":"page","link":"https:\/\/gorniknr.pl\/nr\/uchwaly-rady-nadzorczej-2025\/","title":{"rendered":"Uchwa\u0142y Rady Nadzorczej 2025"},"content":{"rendered":"\n<div class=\"wp-block-columns is-layout-flex wp-container-core-columns-is-layout-9d6595d7 wp-block-columns-is-layout-flex\">\n<div class=\"wp-block-column is-layout-flow wp-block-column-is-layout-flow\">\n<p><strong><a href=\"https:\/\/gorniknr.pl\/nr\/wp-content\/uploads\/2025\/03\/uchwala-nr-1-2.pdf\">uchwa\u0142a nr 1<\/a><\/strong><br><strong><a href=\"https:\/\/gorniknr.pl\/nr\/wp-content\/uploads\/2025\/03\/uchwala-nr-2-2.pdf\">uchwa\u0142a nr 2<\/a><\/strong><br><strong><a href=\"https:\/\/gorniknr.pl\/nr\/wp-content\/uploads\/2025\/03\/uchwala-nr-3-2.pdf\">uchwa\u0142a nr 3<\/a><\/strong><br><strong><a href=\"https:\/\/gorniknr.pl\/nr\/wp-content\/uploads\/2025\/03\/uchwala-nr-4-2.pdf\">uchwa\u0142a nr 4 <\/a><\/strong><br><strong><a href=\"https:\/\/gorniknr.pl\/nr\/wp-content\/uploads\/2025\/05\/uchwala-nr-5-2-1.pdf\">uchwa\u0142a nr 5<\/a><\/strong><br><strong><a href=\"https:\/\/gorniknr.pl\/nr\/wp-content\/uploads\/2025\/05\/Uchwala-nr-6.pdf\">Uchwa\u0142a nr 6<\/a><\/strong><br><strong><a href=\"https:\/\/gorniknr.pl\/nr\/wp-content\/uploads\/2025\/06\/uchwala-nr-7-2.pdf\">uchwa\u0142a nr 7 <\/a><\/strong><br><strong><a href=\"https:\/\/gorniknr.pl\/nr\/wp-content\/uploads\/2025\/06\/uchwala-nr-8-2.pdf\">uchwa\u0142a nr 8<\/a><\/strong><br><strong><a href=\"https:\/\/gorniknr.pl\/nr\/wp-content\/uploads\/2025\/06\/uchwala-nr-9-2.pdf\">uchwa\u0142a nr 9<\/a><\/strong><br><strong><a href=\"https:\/\/gorniknr.pl\/nr\/wp-content\/uploads\/2025\/06\/uchwala-nr-10-2.pdf\">uchwa\u0142a nr 10<\/a><\/strong><\/p>\n<\/div>\n\n\n\n<div class=\"wp-block-column is-layout-flow wp-block-column-is-layout-flow\">\n<p><a href=\"https:\/\/gorniknr.pl\/nr\/wp-content\/uploads\/2025\/10\/uchwala-nr-11.pdf\">uchwa\u0142a nr 11<\/a><br><a href=\"https:\/\/gorniknr.pl\/nr\/wp-content\/uploads\/2025\/10\/uchwala-nr-12-2.pdf\">uchwa\u0142a nr 12<\/a><br><a href=\"https:\/\/gorniknr.pl\/nr\/wp-content\/uploads\/2025\/10\/uchwala-nr-13.pdf\">uchwa\u0142a nr 13<\/a><br><a href=\"https:\/\/gorniknr.pl\/nr\/wp-content\/uploads\/2025\/10\/uchwala-nr-15.pdf\">uchwa\u0142a nr 15<\/a><br><a href=\"https:\/\/gorniknr.pl\/nr\/wp-content\/uploads\/2026\/03\/uchwala-RN-nr-16.pdf\">uchwa\u0142a nr 16<\/a><br><a href=\"https:\/\/gorniknr.pl\/nr\/wp-content\/uploads\/2026\/03\/uchwala-RN-nr-17.pdf\">uchwa\u0142a nr 17<\/a><br><a href=\"https:\/\/gorniknr.pl\/nr\/wp-content\/uploads\/2026\/03\/uchwala-RN-nr-18.pdf\">uchwa\u0142a nr 18<\/a><br><a href=\"https:\/\/gorniknr.pl\/nr\/wp-content\/uploads\/2026\/03\/uchwala-RN-nr-19.pdf\">uchwa\u0142a nr 19<\/a><br><br><br><br><\/p>\n<\/div>\n<\/div>\n","protected":false},"excerpt":{"rendered":"<p>uchwa\u0142a nr 1uchwa\u0142a nr 2uchwa\u0142a nr 3uchwa\u0142a nr 4 uchwa\u0142a nr 5Uchwa\u0142a nr 6uchwa\u0142a nr 7 uchwa\u0142a nr 8uchwa\u0142a nr 9uchwa\u0142a nr 10 uchwa\u0142a nr 11uchwa\u0142a nr 12uchwa\u0142a nr 13uchwa\u0142a nr 15uchwa\u0142a nr 16uchwa\u0142a nr 17uchwa\u0142a nr 18uchwa\u0142a nr 19<\/p>\n","protected":false},"author":1001004,"featured_media":0,"parent":0,"menu_order":0,"comment_status":"closed","ping_status":"closed","template":"","meta":{"_et_pb_use_builder":"off","_et_pb_old_content":"","_et_gb_content_width":"","footnotes":""},"class_list":["post-2942","page","type-page","status-publish","hentry"],"_links":{"self":[{"href":"https:\/\/gorniknr.pl\/nr\/wp-json\/wp\/v2\/pages\/2942","targetHints":{"allow":["GET"]}}],"collection":[{"href":"https:\/\/gorniknr.pl\/nr\/wp-json\/wp\/v2\/pages"}],"about":[{"href":"https:\/\/gorniknr.pl\/nr\/wp-json\/wp\/v2\/types\/page"}],"author":[{"embeddable":true,"href":"https:\/\/gorniknr.pl\/nr\/wp-json\/wp\/v2\/users\/1001004"}],"replies":[{"embeddable":true,"href":"https:\/\/gorniknr.pl\/nr\/wp-json\/wp\/v2\/comments?post=2942"}],"version-history":[{"count":13,"href":"https:\/\/gorniknr.pl\/nr\/wp-json\/wp\/v2\/pages\/2942\/revisions"}],"predecessor-version":[{"id":3516,"href":"https:\/\/gorniknr.pl\/nr\/wp-json\/wp\/v2\/pages\/2942\/revisions\/3516"}],"wp:attachment":[{"href":"https:\/\/gorniknr.pl\/nr\/wp-json\/wp\/v2\/media?parent=2942"}],"curies":[{"name":"wp","href":"https:\/\/api.w.org\/{rel}","templated":true}]}}