{"id":2565,"date":"2024-05-10T15:17:44","date_gmt":"2024-05-10T13:17:44","guid":{"rendered":"http:\/\/infotek.59.pl\/gorniknr\/?page_id=2565"},"modified":"2024-06-17T14:08:16","modified_gmt":"2024-06-17T12:08:16","slug":"walne-zgromadzenie-2024","status":"publish","type":"page","link":"https:\/\/gorniknr.pl\/nr\/walne-zgromadzenie-2024\/","title":{"rendered":"Walne Zgromadzenie 2024"},"content":{"rendered":"\n<ul class=\"wp-block-list\">\n<li><a href=\"https:\/\/gorniknr.pl\/nr\/wp-content\/uploads\/2024\/06\/Protokol-z-Walnego-Zgromadzenia-04.06.2024-r.pdf\">Protok\u00f3\u0142 z Walnego Zgromadzenia 04.06.2024 r.<\/a><\/li>\n<\/ul>\n\n\n\n<ol class=\"wp-block-list\">\n<li><a href=\"https:\/\/gorniknr.pl\/nr\/wp-content\/uploads\/2024\/05\/Sprawozdanie-Zarzadu-2023.pdf\" data-type=\"link\" data-id=\"https:\/\/gorniknr.pl\/nr\/wp-content\/uploads\/2024\/05\/Sprawozdanie-Zarzadu-2023.pdf\">Sprawozdanie z dzia\u0142alno\u015bci Zarz\u0105du Sp\u00f3\u0142dzielni Mieszkaniowej \u201eG\u00f3rnik\u201d w Nowej Rudzie za 2023 r.<\/a><\/li>\n\n\n\n<li><a href=\"https:\/\/gorniknr.pl\/nr\/wp-content\/uploads\/2024\/06\/uchwala-nr-1.pdf\" data-type=\"link\" data-id=\"https:\/\/gorniknr.pl\/nr\/wp-content\/uploads\/2024\/05\/projekt-uchwaly-nr-1.pdf\">Uchwa\u0142a nr 1\/2024 w sprawie zatwierdzenia sprawozdania z dzia\u0142alno\u015bci Zarz\u0105du Sp\u00f3\u0142dzielni Mieszkaniowej \u201eG\u00f3rnik\u201d w Nowej Rudzie za 2023 r.<\/a><\/li>\n\n\n\n<li><strong>Sprawozdanie finansowe Sp\u00f3\u0142dzielni Mieszkaniowej \u201eG\u00f3rnik\u201d w Nowej Rudzie za 2023 r.<\/strong>\n<ul class=\"wp-block-list\">\n<li><a href=\"https:\/\/gorniknr.pl\/nr\/wp-content\/uploads\/2024\/05\/Bilans-2023-2.pdf\" data-type=\"link\" data-id=\"https:\/\/gorniknr.pl\/nr\/wp-content\/uploads\/2024\/05\/Bilans-2023-2.pdf\">bilans<\/a><\/li>\n\n\n\n<li><a href=\"https:\/\/gorniknr.pl\/nr\/wp-content\/uploads\/2024\/05\/Rachunek-Zyskow-i-Strat-2023.pdf\" data-type=\"link\" data-id=\"https:\/\/gorniknr.pl\/nr\/wp-content\/uploads\/2024\/05\/Rachunek-Zyskow-i-Strat-2023.pdf\">rachunek zysk\u00f3w i strat<\/a><\/li>\n\n\n\n<li><a href=\"https:\/\/gorniknr.pl\/nr\/wp-content\/uploads\/2024\/05\/Wprowadzenie-do-Sprawozdania-2023.pdf\" data-type=\"link\" data-id=\"https:\/\/gorniknr.pl\/nr\/wp-content\/uploads\/2024\/05\/Wprowadzenie-do-Sprawozdania-2023.pdf\">sprawozdanie finansowe<\/a><\/li>\n\n\n\n<li><a href=\"https:\/\/gorniknr.pl\/nr\/wp-content\/uploads\/2024\/05\/Informacja-dodatkowa-2023.pdf\" data-type=\"link\" data-id=\"https:\/\/gorniknr.pl\/nr\/wp-content\/uploads\/2024\/05\/Informacja-dodatkowa-2023.pdf\">dodatkowe informacje i obja\u015bnienia<\/a><\/li>\n<\/ul>\n<\/li>\n\n\n\n<li><a href=\"https:\/\/gorniknr.pl\/nr\/wp-content\/uploads\/2024\/06\/uchwala-nr-2.pdf\" data-type=\"link\" data-id=\"https:\/\/gorniknr.pl\/nr\/wp-content\/uploads\/2024\/05\/projekt-uchwaly-nr-2.pdf\">Uchwa\u0142a nr 2\/2024 w sprawie zatwierdzenia sprawozdania finansowego Sp\u00f3\u0142dzielni Mieszkaniowej \u201eG\u00f3rnik\u201d w Nowej Rudzie za 2023 r.<\/a><\/li>\n\n\n\n<li><a href=\"https:\/\/gorniknr.pl\/nr\/wp-content\/uploads\/2024\/05\/Sprawozdanie-Rady-Nadzorczej-za-2023-r.pdf\" data-type=\"link\" data-id=\"https:\/\/gorniknr.pl\/nr\/wp-content\/uploads\/2024\/05\/Sprawozdanie-Rady-Nadzorczej-za-2023-r.pdf\">Sprawozdanie z dzia\u0142alno\u015bci Rady Nadzorczej Sp\u00f3\u0142dzielni Mieszkaniowej \u201eG\u00f3rnik\u201d w Nowej Rudzie za 2023 r.<\/a><\/li>\n\n\n\n<li><a href=\"https:\/\/gorniknr.pl\/nr\/wp-content\/uploads\/2024\/06\/uchwala-nr-3.pdf\" data-type=\"link\" data-id=\"https:\/\/gorniknr.pl\/nr\/wp-content\/uploads\/2024\/05\/projekt-uchwaly-nr-3.pdf\">Uchwa\u0142a nr 3\/2024 w sprawie zatwierdzenia Sprawozdania z dzia\u0142alno\u015bci Rady Nadzorczej Sp\u00f3\u0142dzielni Mieszkaniowej \u201eG\u00f3rnik\u201d w Nowej Rudzie za 2023 r.<\/a><\/li>\n\n\n\n<li><a href=\"https:\/\/gorniknr.pl\/pl\/wp-content\/uploads\/2023\/04\/list-polustracyjny-za-lata-2019-2021.pdf\" data-type=\"link\" data-id=\"https:\/\/gorniknr.pl\/pl\/wp-content\/uploads\/2023\/04\/list-polustracyjny-za-lata-2019-2021.pdf\">List polustracyjny za lata 2019-2021.<\/a><\/li>\n\n\n\n<li><a href=\"https:\/\/gorniknr.pl\/nr\/wp-content\/uploads\/2024\/05\/Sprawozdanie-Zarzadu-z-realizacji-wnioskow-polustracyjnych.pdf\" data-type=\"link\" data-id=\"https:\/\/gorniknr.pl\/nr\/wp-content\/uploads\/2024\/05\/Sprawozdanie-Zarzadu-z-realizacji-wnioskow-polustracyjnych.pdf\">Sprawozdanie Zarz\u0105du Sp\u00f3\u0142dzielni z realizacji wniosk\u00f3w polustracyjnych za okres od 01.01.2019 r. do 31.12.2021 r.<\/a><\/li>\n\n\n\n<li><a href=\"https:\/\/gorniknr.pl\/nr\/wp-content\/uploads\/2024\/06\/uchwala-nr-4.pdf\" data-type=\"link\" data-id=\"https:\/\/gorniknr.pl\/nr\/wp-content\/uploads\/2024\/05\/projekt-uchwaly-nr-4.pdf\">Uchwa\u0142a nr 4\/2024 w sprawie zatwierdzenia sprawozdania Zarz\u0105du Sp\u00f3\u0142dzielni z realizacji zalece\u0144 polustracyjnych za okres od 01.01.2019 r. do 31.12.2021 r.<\/a><\/li>\n\n\n\n<li><a href=\"https:\/\/gorniknr.pl\/nr\/wp-content\/uploads\/2024\/06\/uchwala-nr-5.pdf\" data-type=\"link\" data-id=\"https:\/\/gorniknr.pl\/nr\/wp-content\/uploads\/2024\/06\/uchwala-nr-5.pdf\">Uchwa\u0142a nr 5\/2024 w sprawie absolutorium dla Prezesa Zarz\u0105du Pana Tomasza Tylaka za 2023 r.<\/a><\/li>\n\n\n\n<li><a href=\"https:\/\/gorniknr.pl\/nr\/wp-content\/uploads\/2024\/06\/uchwala-nr-6.pdf\" data-type=\"link\" data-id=\"https:\/\/gorniknr.pl\/nr\/wp-content\/uploads\/2024\/05\/projekt-uchwaly-nr-6.pdf\">Uchwa\u0142a nr 6\/2024 w sprawie absolutorium dla Z-cy Prezesa ds. Finansowych Pana Roberta Lorenca za 2023 r.<\/a><\/li>\n\n\n\n<li><a href=\"https:\/\/gorniknr.pl\/nr\/wp-content\/uploads\/2024\/06\/uchwala-nr-7.pdf\" data-type=\"link\" data-id=\"https:\/\/gorniknr.pl\/nr\/wp-content\/uploads\/2024\/05\/projekt-uchwaly-nr-7.pdf\">Uchwa\u0142a nr 7\/2024 w sprawie wprowadzenia zmiany do Statutu Sp\u00f3\u0142dzielni Mieszkaniowej \u201eG\u00f3rnik\u201d w Nowej Rudzie.<\/a><\/li>\n\n\n\n<li><a href=\"https:\/\/gorniknr.pl\/nr\/wp-content\/uploads\/2024\/06\/uchwala-nr-8.pdf\" data-type=\"link\" data-id=\"https:\/\/gorniknr.pl\/nr\/wp-content\/uploads\/2024\/05\/projekt-uchwaly-nr-8.pdf\">Uchwa\u0142a nr 8\/2024 w sprawie wprowadzenia zmian do Regulaminu Rady Nadzorczej.<\/a><\/li>\n\n\n\n<li><a href=\"https:\/\/gorniknr.pl\/nr\/wp-content\/uploads\/2024\/06\/uchwala-nr-9.pdf\" data-type=\"link\" data-id=\"https:\/\/gorniknr.pl\/nr\/wp-content\/uploads\/2024\/05\/projekt-uchwaly-nr-9.pdf\">Uchwa\u0142a nr 9\/2024 w sprawie przeznaczenia \u015brodk\u00f3w z funduszu modernizacyjnego zwi\u0105zanego z gazyfikacj\u0105 na transformacj\u0119 energetyczn\u0105 oraz termomodernizacj\u0119 budynk\u00f3w mieszkalnych.<\/a><\/li>\n\n\n\n<li><a href=\"https:\/\/gorniknr.pl\/nr\/wp-content\/uploads\/2024\/06\/uchwala-nr-10.pdf\" data-type=\"link\" data-id=\"https:\/\/gorniknr.pl\/nr\/wp-content\/uploads\/2024\/05\/projekt-uchwaly-nr-10.pdf\">Uchwa\u0142a nr 10\/2024 w sprawie przeznaczenia nadwy\u017cki bilansowej Sp\u00f3\u0142dzielni za rok 2023.<\/a><\/li>\n<\/ol>\n","protected":false},"excerpt":{"rendered":"","protected":false},"author":1001004,"featured_media":0,"parent":0,"menu_order":0,"comment_status":"closed","ping_status":"closed","template":"","meta":{"_et_pb_use_builder":"off","_et_pb_old_content":"<!-- wp:list -->\n<ul><!-- wp:list-item -->\n<li><a href=\"https:\/\/gorniknr.pl\/nr\/wp-content\/uploads\/2024\/06\/pelnomocnictwo-na-WZ.pdf\">pe\u0142nomocnictwo na Walne Zgromadzenie<\/a><\/li>\n<!-- \/wp:list-item --><\/ul>\n<!-- \/wp:list -->\n\n<!-- wp:list {\"ordered\":true} -->\n<ol><!-- wp:list-item -->\n<li><a href=\"https:\/\/gorniknr.pl\/nr\/wp-content\/uploads\/2024\/05\/Sprawozdanie-Zarzadu-2023.pdf\" data-type=\"link\" data-id=\"https:\/\/gorniknr.pl\/nr\/wp-content\/uploads\/2024\/05\/Sprawozdanie-Zarzadu-2023.pdf\">Sprawozdanie z dzia\u0142alno\u015bci Zarz\u0105du Sp\u00f3\u0142dzielni Mieszkaniowej \u201eG\u00f3rnik\u201d w Nowej Rudzie za 2023 r.<\/a><\/li>\n<!-- \/wp:list-item -->\n\n<!-- wp:list-item -->\n<li><a href=\"https:\/\/gorniknr.pl\/nr\/wp-content\/uploads\/2024\/05\/projekt-uchwaly-nr-1.pdf\" data-type=\"link\" data-id=\"https:\/\/gorniknr.pl\/nr\/wp-content\/uploads\/2024\/05\/projekt-uchwaly-nr-1.pdf\">Projekt uchwa\u0142y nr 1\/2024 w sprawie zatwierdzenia sprawozdania z dzia\u0142alno\u015bci Zarz\u0105du Sp\u00f3\u0142dzielni Mieszkaniowej \u201eG\u00f3rnik\u201d w Nowej Rudzie za 2023 r.<\/a><\/li>\n<!-- \/wp:list-item -->\n\n<!-- wp:list-item -->\n<li><strong>Sprawozdanie finansowe Sp\u00f3\u0142dzielni Mieszkaniowej \u201eG\u00f3rnik\u201d w Nowej Rudzie za 2023 r.<\/strong><!-- wp:list -->\n<ul><!-- wp:list-item -->\n<li><a href=\"https:\/\/gorniknr.pl\/nr\/wp-content\/uploads\/2024\/05\/Bilans-2023-2.pdf\" data-type=\"link\" data-id=\"https:\/\/gorniknr.pl\/nr\/wp-content\/uploads\/2024\/05\/Bilans-2023-2.pdf\">bilans<\/a><\/li>\n<!-- \/wp:list-item -->\n\n<!-- wp:list-item -->\n<li><a href=\"https:\/\/gorniknr.pl\/nr\/wp-content\/uploads\/2024\/05\/Rachunek-Zyskow-i-Strat-2023.pdf\" data-type=\"link\" data-id=\"https:\/\/gorniknr.pl\/nr\/wp-content\/uploads\/2024\/05\/Rachunek-Zyskow-i-Strat-2023.pdf\">rachunek zysk\u00f3w i strat<\/a><\/li>\n<!-- \/wp:list-item -->\n\n<!-- wp:list-item -->\n<li><a href=\"https:\/\/gorniknr.pl\/nr\/wp-content\/uploads\/2024\/05\/Wprowadzenie-do-Sprawozdania-2023.pdf\" data-type=\"link\" data-id=\"https:\/\/gorniknr.pl\/nr\/wp-content\/uploads\/2024\/05\/Wprowadzenie-do-Sprawozdania-2023.pdf\">sprawozdanie finansowe<\/a><\/li>\n<!-- \/wp:list-item -->\n\n<!-- wp:list-item -->\n<li><a href=\"https:\/\/gorniknr.pl\/nr\/wp-content\/uploads\/2024\/05\/Informacja-dodatkowa-2023.pdf\" data-type=\"link\" data-id=\"https:\/\/gorniknr.pl\/nr\/wp-content\/uploads\/2024\/05\/Informacja-dodatkowa-2023.pdf\">dodatkowe informacje i obja\u015bnienia<\/a><\/li>\n<!-- \/wp:list-item --><\/ul>\n<!-- \/wp:list --><\/li>\n<!-- \/wp:list-item -->\n\n<!-- wp:list-item -->\n<li><a href=\"https:\/\/gorniknr.pl\/nr\/wp-content\/uploads\/2024\/05\/projekt-uchwaly-nr-2.pdf\" data-type=\"link\" data-id=\"https:\/\/gorniknr.pl\/nr\/wp-content\/uploads\/2024\/05\/projekt-uchwaly-nr-2.pdf\">Projekt uchwa\u0142y nr 2\/2024 w sprawie zatwierdzenia sprawozdania finansowego Sp\u00f3\u0142dzielni Mieszkaniowej \u201eG\u00f3rnik\u201d w Nowej Rudzie za 2023 r.<\/a><\/li>\n<!-- \/wp:list-item -->\n\n<!-- wp:list-item -->\n<li><a href=\"https:\/\/gorniknr.pl\/nr\/wp-content\/uploads\/2024\/05\/Sprawozdanie-Rady-Nadzorczej-za-2023-r.pdf\" data-type=\"link\" data-id=\"https:\/\/gorniknr.pl\/nr\/wp-content\/uploads\/2024\/05\/Sprawozdanie-Rady-Nadzorczej-za-2023-r.pdf\">Sprawozdanie z dzia\u0142alno\u015bci Rady Nadzorczej Sp\u00f3\u0142dzielni Mieszkaniowej \u201eG\u00f3rnik\u201d w Nowej Rudzie za 2023 r.<\/a><\/li>\n<!-- \/wp:list-item -->\n\n<!-- wp:list-item -->\n<li><a href=\"https:\/\/gorniknr.pl\/nr\/wp-content\/uploads\/2024\/05\/projekt-uchwaly-nr-3.pdf\" data-type=\"link\" data-id=\"https:\/\/gorniknr.pl\/nr\/wp-content\/uploads\/2024\/05\/projekt-uchwaly-nr-3.pdf\">Projekt uchwa\u0142y nr 3\/2024 w sprawie zatwierdzenia Sprawozdania z dzia\u0142alno\u015bci Rady Nadzorczej Sp\u00f3\u0142dzielni Mieszkaniowej \u201eG\u00f3rnik\u201d w Nowej Rudzie za 2023 r.<\/a><\/li>\n<!-- \/wp:list-item -->\n\n<!-- wp:list-item -->\n<li><a href=\"https:\/\/gorniknr.pl\/pl\/wp-content\/uploads\/2023\/04\/list-polustracyjny-za-lata-2019-2021.pdf\" data-type=\"link\" data-id=\"https:\/\/gorniknr.pl\/pl\/wp-content\/uploads\/2023\/04\/list-polustracyjny-za-lata-2019-2021.pdf\">List polustracyjny za lata 2019-2021.<\/a><\/li>\n<!-- \/wp:list-item -->\n\n<!-- wp:list-item -->\n<li><a href=\"https:\/\/gorniknr.pl\/nr\/wp-content\/uploads\/2024\/05\/Sprawozdanie-Zarzadu-z-realizacji-wnioskow-polustracyjnych.pdf\" data-type=\"link\" data-id=\"https:\/\/gorniknr.pl\/nr\/wp-content\/uploads\/2024\/05\/Sprawozdanie-Zarzadu-z-realizacji-wnioskow-polustracyjnych.pdf\">Sprawozdanie Zarz\u0105du Sp\u00f3\u0142dzielni z realizacji wniosk\u00f3w polustracyjnych za okres od 01.01.2019 r. do 31.12.2021 r.<\/a><\/li>\n<!-- \/wp:list-item -->\n\n<!-- wp:list-item -->\n<li><a href=\"https:\/\/gorniknr.pl\/nr\/wp-content\/uploads\/2024\/05\/projekt-uchwaly-nr-4.pdf\" data-type=\"link\" data-id=\"https:\/\/gorniknr.pl\/nr\/wp-content\/uploads\/2024\/05\/projekt-uchwaly-nr-4.pdf\">Projekt uchwa\u0142y nr 4\/2024 w sprawie zatwierdzenia sprawozdania Zarz\u0105du Sp\u00f3\u0142dzielni z realizacji zalece\u0144 polustracyjnych za okres od 01.01.2019 r. do 31.12.2021 r.<\/a><\/li>\n<!-- \/wp:list-item -->\n\n<!-- wp:list-item -->\n<li><a href=\"https:\/\/gorniknr.pl\/nr\/wp-content\/uploads\/2024\/05\/projekt-uchwaly-nr-5.pdf\" data-type=\"link\" data-id=\"https:\/\/gorniknr.pl\/nr\/wp-content\/uploads\/2024\/05\/projekt-uchwaly-nr-5.pdf\">Projekt uchwa\u0142y nr 5\/2024 w sprawie absolutorium dla Prezesa Zarz\u0105du Pana Tomasza Tylaka za 2023 r.<\/a><\/li>\n<!-- \/wp:list-item -->\n\n<!-- wp:list-item -->\n<li><a href=\"https:\/\/gorniknr.pl\/nr\/wp-content\/uploads\/2024\/05\/projekt-uchwaly-nr-6.pdf\" data-type=\"link\" data-id=\"https:\/\/gorniknr.pl\/nr\/wp-content\/uploads\/2024\/05\/projekt-uchwaly-nr-6.pdf\">Projekt uchwa\u0142y nr 6\/2024 w sprawie absolutorium dla Z-cy Prezesa ds. Finansowych Pana Roberta Lorenca za 2023 r.<\/a><\/li>\n<!-- \/wp:list-item -->\n\n<!-- wp:list-item -->\n<li><a href=\"https:\/\/gorniknr.pl\/nr\/wp-content\/uploads\/2024\/05\/projekt-uchwaly-nr-7.pdf\" data-type=\"link\" data-id=\"https:\/\/gorniknr.pl\/nr\/wp-content\/uploads\/2024\/05\/projekt-uchwaly-nr-7.pdf\">Projekt uchwa\u0142y nr 7\/2024 w sprawie wprowadzenia zmiany do Statutu Sp\u00f3\u0142dzielni Mieszkaniowej \u201eG\u00f3rnik\u201d w Nowej Rudzie.<\/a><\/li>\n<!-- \/wp:list-item -->\n\n<!-- wp:list-item -->\n<li><a href=\"https:\/\/gorniknr.pl\/nr\/wp-content\/uploads\/2024\/05\/projekt-uchwaly-nr-8.pdf\" data-type=\"link\" data-id=\"https:\/\/gorniknr.pl\/nr\/wp-content\/uploads\/2024\/05\/projekt-uchwaly-nr-8.pdf\">Projekt uchwa\u0142y nr 8\/2024 w sprawie wprowadzenia zmian do Regulaminu Rady Nadzorczej.<\/a><\/li>\n<!-- \/wp:list-item -->\n\n<!-- wp:list-item -->\n<li><a href=\"https:\/\/gorniknr.pl\/nr\/wp-content\/uploads\/2024\/05\/projekt-uchwaly-nr-9.pdf\" data-type=\"link\" data-id=\"https:\/\/gorniknr.pl\/nr\/wp-content\/uploads\/2024\/05\/projekt-uchwaly-nr-9.pdf\">Projekt uchwa\u0142y nr 9\/2024 w sprawie przeznaczenia \u015brodk\u00f3w z funduszu modernizacyjnego zwi\u0105zanego z gazyfikacj\u0105 na transformacj\u0119 energetyczn\u0105 oraz termomodernizacj\u0119 budynk\u00f3w mieszkalnych.<\/a><\/li>\n<!-- \/wp:list-item -->\n\n<!-- wp:list-item -->\n<li><a href=\"https:\/\/gorniknr.pl\/nr\/wp-content\/uploads\/2024\/05\/projekt-uchwaly-nr-10.pdf\" data-type=\"link\" data-id=\"https:\/\/gorniknr.pl\/nr\/wp-content\/uploads\/2024\/05\/projekt-uchwaly-nr-10.pdf\">Projekt uchwa\u0142y nr 10\/2024 w sprawie przeznaczenia nadwy\u017cki bilansowej Sp\u00f3\u0142dzielni za rok 2023.<\/a><\/li>\n<!-- \/wp:list-item --><\/ol>\n<!-- \/wp:list -->","_et_gb_content_width":"","footnotes":""},"class_list":["post-2565","page","type-page","status-publish","hentry"],"_links":{"self":[{"href":"https:\/\/gorniknr.pl\/nr\/wp-json\/wp\/v2\/pages\/2565","targetHints":{"allow":["GET"]}}],"collection":[{"href":"https:\/\/gorniknr.pl\/nr\/wp-json\/wp\/v2\/pages"}],"about":[{"href":"https:\/\/gorniknr.pl\/nr\/wp-json\/wp\/v2\/types\/page"}],"author":[{"embeddable":true,"href":"https:\/\/gorniknr.pl\/nr\/wp-json\/wp\/v2\/users\/1001004"}],"replies":[{"embeddable":true,"href":"https:\/\/gorniknr.pl\/nr\/wp-json\/wp\/v2\/comments?post=2565"}],"version-history":[{"count":13,"href":"https:\/\/gorniknr.pl\/nr\/wp-json\/wp\/v2\/pages\/2565\/revisions"}],"predecessor-version":[{"id":2690,"href":"https:\/\/gorniknr.pl\/nr\/wp-json\/wp\/v2\/pages\/2565\/revisions\/2690"}],"wp:attachment":[{"href":"https:\/\/gorniknr.pl\/nr\/wp-json\/wp\/v2\/media?parent=2565"}],"curies":[{"name":"wp","href":"https:\/\/api.w.org\/{rel}","templated":true}]}}