{"id":252,"date":"2013-11-07T09:46:22","date_gmt":"2013-11-07T09:46:22","guid":{"rendered":"http:\/\/gorniknr.pl\/pl\/?page_id=252"},"modified":"2025-02-21T13:57:53","modified_gmt":"2025-02-21T11:57:53","slug":"uchwaly-2","status":"publish","type":"page","link":"https:\/\/gorniknr.pl\/nr\/uchwaly-2\/","title":{"rendered":"Uchwa\u0142y Rady Nadzorczej"},"content":{"rendered":"\n<div class=\"wp-block-columns is-layout-flex wp-container-core-columns-is-layout-9d6595d7 wp-block-columns-is-layout-flex\">\n<div class=\"wp-block-column is-layout-flow wp-block-column-is-layout-flow\">\n<p> &#8211; <a href=\"https:\/\/gorniknr.pl\/nr\/wp-content\/uploads\/2024\/05\/uchwala-nr-1-z-30.01.2024-r.pdf\">uchwa\u0142a nr 1<\/a><\/p>\n\n\n\n<p>&#8211; <a href=\"https:\/\/gorniknr.pl\/nr\/wp-content\/uploads\/2024\/05\/uchwala-nr-3-z-27.02.2024-r.pdf\">uchwa\u0142a nr 3<\/a><\/p>\n\n\n\n<p>&#8211; <a href=\"https:\/\/gorniknr.pl\/nr\/wp-content\/uploads\/2024\/05\/uchwala-nr-4-z-27.02.2024-r.pdf\">uchwa\u0142a nr 4<\/a><\/p>\n\n\n\n<p>&#8211; <a href=\"https:\/\/gorniknr.pl\/nr\/wp-content\/uploads\/2024\/05\/uchwala-nr-5-z-27.02.2024-r.pdf\">uchwa\u0142a nr 5<\/a><\/p>\n\n\n\n<p>&#8211; <a href=\"https:\/\/gorniknr.pl\/nr\/wp-content\/uploads\/2024\/05\/uchwala-nr-6-z-27.02.2024-r.pdf\">uchwa\u0142a nr 6<\/a><\/p>\n\n\n\n<p>&#8211; <a href=\"https:\/\/gorniknr.pl\/nr\/wp-content\/uploads\/2024\/05\/uchwala-nr-7-z-27.02.2024-r.pdf\">uchwa\u0142a nr 7<\/a><\/p>\n\n\n\n<p>&#8211; <a href=\"https:\/\/gorniknr.pl\/nr\/wp-content\/uploads\/2024\/05\/uchwala-nr-8-z-05.03.2024-r.pdf\">uchwa\u0142a nr 8 <\/a><\/p>\n\n\n\n<p>&#8211; <a href=\"https:\/\/gorniknr.pl\/nr\/wp-content\/uploads\/2024\/05\/uchwala-nr-9-z-26.03.2024-r.pdf\">uchwa\u0142a nr 9<\/a><\/p>\n\n\n\n<p>&#8211; <a href=\"https:\/\/gorniknr.pl\/nr\/wp-content\/uploads\/2024\/05\/uchwala-nr-10-z-26.03.2024-r.pdf\">uchwa\u0142a nr 10<\/a><\/p>\n\n\n\n<p>&#8211; <a href=\"https:\/\/gorniknr.pl\/nr\/wp-content\/uploads\/2024\/05\/uchwala-nr-11-z-25.04.2024-r.pdf\">uchwa\u0142a nr 11<\/a><\/p>\n\n\n\n<p>&#8211; <a href=\"https:\/\/gorniknr.pl\/nr\/wp-content\/uploads\/2024\/05\/uchwala-nr-12-z-25.04.2024-r.pdf\">uchwa\u0142a nr 12<\/a><\/p>\n\n\n\n<p>&#8211;<a href=\"https:\/\/gorniknr.pl\/nr\/wp-content\/uploads\/2024\/10\/uchwala-nr-14.pdf\"> uchwa\u0142a nr 14<\/a><\/p>\n\n\n\n<p>&#8211;<a href=\"https:\/\/gorniknr.pl\/nr\/wp-content\/uploads\/2024\/10\/uchwala-nr-15.pdf\"> uchwa\u0142a nr 15<\/a><\/p>\n\n\n\n<p>&#8211;<a href=\"https:\/\/gorniknr.pl\/nr\/wp-content\/uploads\/2024\/10\/uchwala-nr-16.pdf\"> uchwa\u0142a nr 16<\/a><\/p>\n\n\n\n<p><a href=\"https:\/\/gorniknr.pl\/nr\/wp-content\/uploads\/2024\/10\/uchwala-nr-17.pdf\">&#8211; uchwa\u0142a nr 17<\/a><\/p>\n\n\n\n<p><a href=\"https:\/\/gorniknr.pl\/nr\/wp-content\/uploads\/2024\/10\/uchwala-nr-18.pdf\">&#8211; uchwa\u0142a nr 18<\/a><\/p>\n\n\n\n<p><a href=\"https:\/\/gorniknr.pl\/nr\/wp-content\/uploads\/2024\/10\/uhwala-nr-19.pdf\">&#8211; uchwa\u0142a nr 19<\/a><\/p>\n\n\n\n<p><a href=\"https:\/\/gorniknr.pl\/nr\/wp-content\/uploads\/2024\/10\/uchwala-nr-20.pdf\">&#8211; uchwa\u0142a nr 20<\/a><\/p>\n\n\n\n<p><a href=\"https:\/\/gorniknr.pl\/nr\/wp-content\/uploads\/2024\/10\/uchwala-nr-21.pdf\">&#8211; uchwa\u0142a nr 21<\/a><\/p>\n\n\n\n<p><a href=\"https:\/\/gorniknr.pl\/nr\/wp-content\/uploads\/2024\/10\/uchwala-nr-22.pdf\">&#8211; uchwa\u0142a nr 22<\/a><\/p>\n\n\n\n<p><a href=\"https:\/\/gorniknr.pl\/nr\/wp-content\/uploads\/2024\/10\/uchwala-nr-23.pdf\">&#8211; uchwa\u0142a nr 23<\/a><\/p>\n\n\n\n<p>&#8211; <a href=\"https:\/\/gorniknr.pl\/nr\/wp-content\/uploads\/2024\/10\/uchwala-nr-24.pdf\">uchwa\u0142a nr 24<\/a><\/p>\n\n\n\n<p>&#8211;<a href=\"https:\/\/gorniknr.pl\/nr\/wp-content\/uploads\/2024\/12\/uchwala-nr-25_compressed.pdf\" data-type=\"link\" data-id=\"https:\/\/gorniknr.pl\/nr\/wp-content\/uploads\/2024\/12\/uchwala-nr-25_compressed.pdf\"> uchwa\u0142a nr 25<\/a><\/p>\n\n\n\n<p><a href=\"https:\/\/gorniknr.pl\/nr\/wp-content\/uploads\/2024\/12\/uchwala-nr-26_compressed.pdf\" data-type=\"link\" data-id=\"https:\/\/gorniknr.pl\/nr\/wp-content\/uploads\/2024\/12\/uchwala-nr-26_compressed.pdf\">&#8211; uchwa\u0142a nr 26<\/a><\/p>\n<\/div>\n\n\n\n<div class=\"wp-block-column is-layout-flow wp-block-column-is-layout-flow\">\n<p><a href=\"https:\/\/gorniknr.pl\/nr\/wp-content\/uploads\/2025\/02\/uchwala27.pdf\" data-type=\"link\" data-id=\"https:\/\/gorniknr.pl\/nr\/wp-content\/uploads\/2025\/02\/uchwala27.pdf\">&#8211; uchwa\u0142a nr 27<\/a><\/p>\n\n\n\n<p><a href=\"https:\/\/gorniknr.pl\/nr\/wp-content\/uploads\/2025\/02\/uchwala28.pdf\">&#8211; uchwa\u0142a nr 28<\/a><\/p>\n\n\n\n<p><a href=\"https:\/\/gorniknr.pl\/nr\/wp-content\/uploads\/2025\/02\/uchwala29.pdf\" data-type=\"link\" data-id=\"https:\/\/gorniknr.pl\/nr\/wp-content\/uploads\/2025\/02\/uchwala29.pdf\">&#8211; uchwa\u0142a nr 29<\/a><\/p>\n\n\n\n<p><a href=\"https:\/\/gorniknr.pl\/nr\/wp-content\/uploads\/2025\/02\/uchwala30.pdf\" data-type=\"link\" data-id=\"https:\/\/gorniknr.pl\/nr\/wp-content\/uploads\/2025\/02\/uchwala30.pdf\">&#8211; uchwa\u0142a nr 30<\/a><\/p>\n\n\n\n<p><a href=\"https:\/\/gorniknr.pl\/nr\/wp-content\/uploads\/2025\/02\/uchwala31.pdf\" data-type=\"link\" data-id=\"https:\/\/gorniknr.pl\/nr\/wp-content\/uploads\/2025\/02\/uchwala31.pdf\">&#8211; uchwa\u0142a nr 31<\/a><\/p>\n\n\n\n<p><a href=\"https:\/\/gorniknr.pl\/nr\/wp-content\/uploads\/2025\/02\/uchwala32.pdf\" data-type=\"attachment\" data-id=\"2851\">&#8211; uchwa\u0142a nr 32<\/a><\/p>\n<\/div>\n<\/div>\n","protected":false},"excerpt":{"rendered":"<p>&#8211; uchwa\u0142a nr 1 &#8211; uchwa\u0142a nr 3 &#8211; uchwa\u0142a nr 4 &#8211; uchwa\u0142a nr 5 &#8211; uchwa\u0142a nr 6 &#8211; uchwa\u0142a nr 7 &#8211; uchwa\u0142a nr 8 &#8211; uchwa\u0142a nr 9 &#8211; uchwa\u0142a nr 10 &#8211; uchwa\u0142a nr 11 &#8211; uchwa\u0142a nr 12 &#8211; uchwa\u0142a nr 14 &#8211; uchwa\u0142a nr 15 &#8211; uchwa\u0142a nr [&hellip;]<\/p>\n","protected":false},"author":1001004,"featured_media":0,"parent":0,"menu_order":0,"comment_status":"closed","ping_status":"closed","template":"","meta":{"_et_pb_use_builder":"","_et_pb_old_content":"","_et_gb_content_width":"","footnotes":""},"class_list":["post-252","page","type-page","status-publish","hentry"],"_links":{"self":[{"href":"https:\/\/gorniknr.pl\/nr\/wp-json\/wp\/v2\/pages\/252","targetHints":{"allow":["GET"]}}],"collection":[{"href":"https:\/\/gorniknr.pl\/nr\/wp-json\/wp\/v2\/pages"}],"about":[{"href":"https:\/\/gorniknr.pl\/nr\/wp-json\/wp\/v2\/types\/page"}],"author":[{"embeddable":true,"href":"https:\/\/gorniknr.pl\/nr\/wp-json\/wp\/v2\/users\/1001004"}],"replies":[{"embeddable":true,"href":"https:\/\/gorniknr.pl\/nr\/wp-json\/wp\/v2\/comments?post=252"}],"version-history":[{"count":13,"href":"https:\/\/gorniknr.pl\/nr\/wp-json\/wp\/v2\/pages\/252\/revisions"}],"predecessor-version":[{"id":2858,"href":"https:\/\/gorniknr.pl\/nr\/wp-json\/wp\/v2\/pages\/252\/revisions\/2858"}],"wp:attachment":[{"href":"https:\/\/gorniknr.pl\/nr\/wp-json\/wp\/v2\/media?parent=252"}],"curies":[{"name":"wp","href":"https:\/\/api.w.org\/{rel}","templated":true}]}}