{"id":2046,"date":"2023-06-05T14:13:33","date_gmt":"2023-06-05T12:13:33","guid":{"rendered":"http:\/\/gorniknr.pl\/pl\/?page_id=2046"},"modified":"2023-07-06T09:37:19","modified_gmt":"2023-07-06T07:37:19","slug":"walne-zgromadzenie-2023","status":"publish","type":"page","link":"https:\/\/gorniknr.pl\/nr\/walne-zgromadzenie-2023\/","title":{"rendered":"Walne Zgromadzenie 2023"},"content":{"rendered":"<h4>ZARZ\u0104D SP\u00d3\u0141DZIELNI MIESZKANIOWEJ &#8222;G\u00d3RNIK&#8221; W NOWEJ RUDZIE INFORMUJE, \u017bE PROTOK\u00d3\u0141 Z WALNEGO ZGROMADZENIA Z DNIA 24 CZERWCA 2023 r. DOST\u0118PNY JEST W W BIURZE SP\u00d3\u0141DZIELNI (POK\u00d3J NR 4). DZI\u0118KUJEMY ZA AKTYWNY UDZIA\u0141 W WALNYM ZGROMADZENIU. PONI\u017bEJ WYKAZ PODJ\u0118TYCH UCHWA\u0141:<\/h4>\n<p><strong><a href=\"https:\/\/gorniknr.pl\/nr\/wp-content\/uploads\/2023\/06\/Zawiadomienie-WZ.odt\">Zawiadomienie WZ<\/a><br \/>\n<\/strong><\/p>\n<p><a href=\"https:\/\/gorniknr.pl\/nr\/wp-content\/uploads\/2023\/07\/uchwala-nr-1.pdf\">1. Uchwa\u0142a nr 1\/2023 w sprawie wyboru i zatwierdzenia Prezydium.<\/a><\/p>\n<p><a href=\"https:\/\/gorniknr.pl\/nr\/wp-content\/uploads\/2023\/06\/Porzadek-obrad.odt\">2. Porz\u0105dek obrad.<\/a><\/p>\n<p><a href=\"https:\/\/gorniknr.pl\/nr\/wp-content\/uploads\/2023\/07\/uchwala-nr-2.pdf\">3. Uchwa\u0142a nr 2\/2023 w sprawie przyj\u0119cia i zatwierdzenia porz\u0105dku obrad.<\/a><\/p>\n<p><a href=\"https:\/\/gorniknr.pl\/nr\/wp-content\/uploads\/2023\/07\/uchwala-nr-3.pdf\">4. Uchwa\u0142a nr 3\/2023 w sprawie wyboru i zatwierdzenia Komisji mandatowo-skrutacyjnej.<\/a><\/p>\n<p><a href=\"https:\/\/gorniknr.pl\/nr\/wp-content\/uploads\/2023\/06\/Sprawozdanie-Zarzadu-Spoldzielni-za-2022-r.pdf\">5. Sprawozdanie z dzia\u0142alno\u015bci Zarz\u0105du Sp\u00f3\u0142dzielni Mieszkaniowej \u201eG\u00f3rnik\u201d w Nowej Rudzie za 2022 r.<\/a><\/p>\n<p><a href=\"https:\/\/gorniknr.pl\/nr\/wp-content\/uploads\/2023\/07\/uchwala-nr-4.pdf\">6. Uchwa\u0142a nr 4\/2023 w sprawie zatwierdzenia sprawozdania z dzia\u0142alno\u015bci Zarz\u0105du Sp\u00f3\u0142dzielni Mieszkaniowej \u201eG\u00f3rnik\u201d w Nowej Rudzie za 2022 r.<\/a><\/p>\n<p><a href=\"https:\/\/gorniknr.pl\/nr\/wp-content\/uploads\/2023\/06\/Sprawozdanie-finansowe-Spoldzielni-Mieszkaniowej-Gornik-za-2022-.pdf\">7. Sprawozdanie finansowe Sp\u00f3\u0142dzielni Mieszkaniowej \u201eG\u00f3rnik\u201d w Nowej Rudzie za&nbsp;2022 r.<\/a><\/p>\n<p><a href=\"https:\/\/gorniknr.pl\/nr\/wp-content\/uploads\/2023\/07\/uchwala-nr-5.pdf\">8. Uchwa\u0142a nr 5\/2023 w sprawie zatwierdzenia sprawozdania finansowego Sp\u00f3\u0142dzielni Mieszkaniowej \u201eG\u00f3rnik\u201d w Nowej Rudzie za 2022 r.<\/a><\/p>\n<p><a href=\"https:\/\/gorniknr.pl\/nr\/wp-content\/uploads\/2023\/06\/sprawozdanie-Rady-Nadzorczej-za-2022-r-2.pdf\">9. Sprawozdanie z dzia\u0142alno\u015bci Rady Nadzorczej Sp\u00f3\u0142dzielni Mieszkaniowej \u201eG\u00f3rnik\u201d&nbsp;w Nowej Rudzie za 2022 r.<\/a><\/p>\n<p><a href=\"https:\/\/gorniknr.pl\/nr\/wp-content\/uploads\/2023\/07\/uchwala-nr-6.pdf\">10. Uchwa\u0142a nr 6\/2023 w sprawie zatwierdzenia Sprawozdania z dzia\u0142alno\u015bci Rady Nadzorczej Sp\u00f3\u0142dzielni Mieszkaniowej \u201eG\u00f3rnik\u201d w Nowej Rudzie za 2022 r.<\/a><\/p>\n<p><a href=\"https:\/\/gorniknr.pl\/nr\/wp-content\/uploads\/2023\/07\/Uchwala-nr-7.pdf\">11. Uchwa\u0142a nr 7\/2023 w sprawie absolutorium dla Prezesa Zarz\u0105du Pana Tomasza Tylaka za 2022 r.<\/a><\/p>\n<p><a href=\"https:\/\/gorniknr.pl\/nr\/wp-content\/uploads\/2023\/07\/uchwala-nr-8.pdf\">12. Uchwa\u0142a nr 8\/2023 w sprawie absolutorium dla Z-cy Prezesa ds. Finansowych Pana Roberta Lorenca za 2022 r.<\/a><\/p>\n<p><a href=\"https:\/\/gorniknr.pl\/nr\/wp-content\/uploads\/2023\/07\/uchwala-nr-9.pdf\">13. Uchwa\u0142a nr 9\/2023 w sprawie wyboru cz\u0142onk\u00f3w Rady Nadzorczej na kadencj\u0119 2023-2026.<\/a><\/p>\n<p><a href=\"https:\/\/gorniknr.pl\/nr\/wp-content\/uploads\/2023\/07\/uchwala-nr-10.pdf\">14. Uchwa\u0142a nr 10\/2023 w sprawie wprowadzenia zmian do Statutu Sp\u00f3\u0142dzielni Mieszkaniowej \u201eG\u00f3rnik\u201d w Nowej Rudzie.<\/a><\/p>\n<p><a href=\"https:\/\/gorniknr.pl\/nr\/wp-content\/uploads\/2023\/07\/Uchwala-nr-11.pdf\">15. Uchwa\u0142a nr 11\/2023 w sprawie zmiany przeznaczenia \u015brodk\u00f3w z funduszu modernizacyjnego \u2013 gazyfikacja &#8211; na transformacj\u0119 energetyczn\u0105.<\/a><\/p>\n<p><a href=\"https:\/\/gorniknr.pl\/nr\/wp-content\/uploads\/2023\/06\/Sprawozdanie-Zarzadu-z-realizacji-wnioskow-polustracyjnych-2016-2018.pdf\">16. Sprawozdanie Zarz\u0105du Sp\u00f3\u0142dzielni z realizacji zalece\u0144 polustracyjnych za okres od&nbsp;01.01.2016 r. do 31.12.2018 r.<\/a><\/p>\n<p><a href=\"https:\/\/gorniknr.pl\/nr\/wp-content\/uploads\/2023\/07\/uchwala-nr-12.pdf\">17. Uchwa\u0142a nr 12\/2023 w sprawie zatwierdzenia sprawozdania Zarz\u0105du Sp\u00f3\u0142dzielni z realizacji zalece\u0144 polustracyjnych za okres od&nbsp; 01.01.2016 r. do 31.12.2018 r.<\/a><\/p>\n<p><a href=\"https:\/\/gorniknr.pl\/nr\/wp-content\/uploads\/2023\/04\/list-polustracyjny-za-lata-2019-2021.pdf\">18. List polustracyjny za lata 2019-2021.<\/a><\/p>\n<p><a href=\"https:\/\/gorniknr.pl\/nr\/wp-content\/uploads\/2023\/07\/uchwala-nr-13.pdf\">19. Uchwa\u0142a nr 13\/2023 w sprawie realizacji wniosk\u00f3w polustracyjnych za lata 2019\u00f72021.<\/a><\/p>\n<p><a href=\"https:\/\/gorniknr.pl\/nr\/wp-content\/uploads\/2023\/07\/uchwala-nr-14.pdf\">20. Uchwa\u0142a nr 14\/2023 w sprawie przeznaczenia nadwy\u017cki bilansowej Sp\u00f3\u0142dzielni za rok 2022.<\/a><\/p>\n","protected":false},"excerpt":{"rendered":"<p>ZARZ\u0104D SP\u00d3\u0141DZIELNI MIESZKANIOWEJ &#8222;G\u00d3RNIK&#8221; W NOWEJ RUDZIE INFORMUJE, \u017bE PROTOK\u00d3\u0141 Z WALNEGO ZGROMADZENIA Z DNIA 24 CZERWCA 2023 r. DOST\u0118PNY JEST W W BIURZE SP\u00d3\u0141DZIELNI (POK\u00d3J NR 4). DZI\u0118KUJEMY ZA AKTYWNY UDZIA\u0141 W WALNYM ZGROMADZENIU. PONI\u017bEJ WYKAZ PODJ\u0118TYCH UCHWA\u0141: Zawiadomienie WZ 1. Uchwa\u0142a nr 1\/2023 w sprawie wyboru i zatwierdzenia Prezydium. 2. Porz\u0105dek obrad. 3. [&hellip;]<\/p>\n","protected":false},"author":1001004,"featured_media":0,"parent":0,"menu_order":0,"comment_status":"closed","ping_status":"closed","template":"","meta":{"_et_pb_use_builder":"","_et_pb_old_content":"","_et_gb_content_width":"","footnotes":""},"class_list":["post-2046","page","type-page","status-publish","hentry"],"_links":{"self":[{"href":"https:\/\/gorniknr.pl\/nr\/wp-json\/wp\/v2\/pages\/2046","targetHints":{"allow":["GET"]}}],"collection":[{"href":"https:\/\/gorniknr.pl\/nr\/wp-json\/wp\/v2\/pages"}],"about":[{"href":"https:\/\/gorniknr.pl\/nr\/wp-json\/wp\/v2\/types\/page"}],"author":[{"embeddable":true,"href":"https:\/\/gorniknr.pl\/nr\/wp-json\/wp\/v2\/users\/1001004"}],"replies":[{"embeddable":true,"href":"https:\/\/gorniknr.pl\/nr\/wp-json\/wp\/v2\/comments?post=2046"}],"version-history":[{"count":10,"href":"https:\/\/gorniknr.pl\/nr\/wp-json\/wp\/v2\/pages\/2046\/revisions"}],"predecessor-version":[{"id":2105,"href":"https:\/\/gorniknr.pl\/nr\/wp-json\/wp\/v2\/pages\/2046\/revisions\/2105"}],"wp:attachment":[{"href":"https:\/\/gorniknr.pl\/nr\/wp-json\/wp\/v2\/media?parent=2046"}],"curies":[{"name":"wp","href":"https:\/\/api.w.org\/{rel}","templated":true}]}}