{"id":1907,"date":"2022-06-08T09:53:47","date_gmt":"2022-06-08T07:53:47","guid":{"rendered":"http:\/\/gorniknr.pl\/pl\/?page_id=1907"},"modified":"2022-07-01T13:53:54","modified_gmt":"2022-07-01T11:53:54","slug":"walne-zgromadzenie-2022","status":"publish","type":"page","link":"https:\/\/gorniknr.pl\/nr\/walne-zgromadzenie-2022\/","title":{"rendered":"WALNE ZGROMADZENIE 2022"},"content":{"rendered":"<p style=\"text-align: center;\"><strong>WYNIKI G\u0141OSOWANIA NA PI\u015aMIE UCHWA\u0141 WALNEGO ZGROMADZENIA<\/strong><\/p>\n<ol>\n<li><a href=\"https:\/\/gorniknr.pl\/nr\/wp-content\/uploads\/2022\/07\/uchwala-nr-1-2022-WZCz.pdf\">uchwa\u0142a nr 1-2022 WZCz<\/a><\/li>\n<li><a href=\"https:\/\/gorniknr.pl\/nr\/wp-content\/uploads\/2022\/07\/uchwala-nr-2-2022-WZCz.pdf\">uchwa\u0142a nr 2-2022 WZCz<\/a><\/li>\n<li><a href=\"https:\/\/gorniknr.pl\/nr\/wp-content\/uploads\/2022\/07\/uchwala-nr-3-2022-WZCz.pdf\">uchwa\u0142a nr 3-2022 WZCz<\/a><\/li>\n<li><a href=\"https:\/\/gorniknr.pl\/nr\/wp-content\/uploads\/2022\/07\/uchwala-nr-4-2022-WZCz.pdf\">uchwa\u0142a nr 4-2022 WZCz<\/a><\/li>\n<li><a href=\"https:\/\/gorniknr.pl\/nr\/wp-content\/uploads\/2022\/07\/uchwala-nr-5-2022-WZCz.pdf\">uchwa\u0142a nr 5-2022 WZCz<\/a><\/li>\n<li><a href=\"https:\/\/gorniknr.pl\/nr\/wp-content\/uploads\/2022\/07\/uchwala-nr-6-2022-WZCz.pdf\">uchwa\u0142a nr 6-2022 WZCz<\/a><\/li>\n<li><a href=\"https:\/\/gorniknr.pl\/nr\/wp-content\/uploads\/2022\/07\/uchwala-nr-7-2022-WZCz.pdf\">uchwa\u0142a nr 7-2022 WZCz<\/a><\/li>\n<li><a href=\"https:\/\/gorniknr.pl\/nr\/wp-content\/uploads\/2022\/07\/uchwala-nr-8-2022-WZCz.pdf\">uchwa\u0142a nr 8-2022 WZCz<\/a><\/li>\n<li><a href=\"https:\/\/gorniknr.pl\/nr\/wp-content\/uploads\/2022\/07\/uchwala-nr-9-2022-WZCz.pdf\">uchwa\u0142a nr 9-2022 WZCz<\/a><\/li>\n<li><a href=\"https:\/\/gorniknr.pl\/nr\/wp-content\/uploads\/2022\/07\/uchwala-nr-10-2022-WZCz.pdf\">uchwa\u0142a nr 10-2022 WZCz<\/a><\/li>\n<\/ol>\n<hr>\n<p><strong><em>Zarz\u0105d Sp\u00f3\u0142dzielni dzi\u0119kuje bardzo cz\u0142onkom Sp\u00f3\u0142dzielni za udzia\u0142 w g\u0142osowaniu<\/em><\/strong><\/p>\n<hr>\n<p>&nbsp;<\/p>\n<p><strong>Wykaz materia\u0142\u00f3w do zapoznania przed g\u0142osowaniem na pi\u015bmie uchwa\u0142 Walnego Zgromadzenia w dniu 29 czerwca 2022 r.:<\/strong><\/p>\n<div><a href=\"https:\/\/gorniknr.pl\/nr\/wp-content\/uploads\/2022\/06\/1Uchwala-w-sprawie-zatwierdzenia-sprawozdania-Zarzadu-Spoldzielni-Mieszkaniowej-Gornik-za-2020-r..pdf\">1. Uchwa\u0142a nr 1\/2022 w sprawie zatwierdzenia sprawozdania Zarz\u0105du Sp\u00f3\u0142dzielni Mieszkaniowej \u201eG\u00f3rnik\u201d w Nowej Rudzie z dzia\u0142alno\u015bci za 2020 r.<\/a><br \/>\n<a href=\"https:\/\/gorniknr.pl\/nr\/wp-content\/uploads\/2022\/06\/2.Uchwala-w-sprawie-zatwierdzenia-sprawozdania-finansowego-Spoldzielni-za-2020-r..pdf\">2. Uchwa\u0142a nr 2\/2022 w sprawie zatwierdzenia sprawozdania finansowego Sp\u00f3\u0142dzielni za 2020 r.<\/a><br \/>\n<a href=\"https:\/\/gorniknr.pl\/nr\/wp-content\/uploads\/2022\/06\/3-Uchwala-w-zatwierdzenia-sprawozdania-Rady-Nadzorczej-Spoldzielni-Mieszkaniowej-Gornik-za-2020-r..pdf\">3. Uchwa\u0142a nr 3\/2022 w sprawie zatwierdzenia sprawozdania Rady Nadzorczej Sp\u00f3\u0142dzielni Mieszkaniowej \u201eG\u00f3rnik\u201d w Nowej Rudzie z dzia\u0142alno\u015bci za 2020 r.<\/a><br \/>\n<a href=\"https:\/\/gorniknr.pl\/nr\/wp-content\/uploads\/2022\/06\/4.-Uchwala-w-sprawie-przeznaczenia-nadwyzki-bilansowej-Spoldzielni-za-rok-2020.pdf\">4. Uchwa\u0142a nr 4\/2022 w sprawie przeznaczenia nadwy\u017cki bilansowej Sp\u00f3\u0142dzielni za rok 2020.<\/a><br \/>\n<a href=\"https:\/\/gorniknr.pl\/nr\/wp-content\/uploads\/2022\/06\/5.Uchwala-w-sprawie-zatwierdzenia-sprawozdania-Zarzadu-Spoldzielni-Mieszkaniowej-Gornik-w-Nowej-Rudzie-z-dzialalnosci-za-2021-r..pdf\">5. Uchwa\u0142a nr 5\/2022 w sprawie zatwierdzenia sprawozdania Zarz\u0105du Sp\u00f3\u0142dzielni Mieszkaniowej \u201eG\u00f3rnik\u201d w Nowej Rudzie z dzia\u0142alno\u015bci za 2021 r.<\/a><br \/>\n<a href=\"https:\/\/gorniknr.pl\/nr\/wp-content\/uploads\/2022\/06\/6.Uchwala-w-sprawie-zatwierdzenia-sprawozdania-finansowego-Spoldzielni-za-2021-r..pdf\">6. Uchwa\u0142a nr 6\/2022 w sprawie zatwierdzenia sprawozdania finansowego Sp\u00f3\u0142dzielni za 2021 r.<\/a><br \/>\n<a href=\"https:\/\/gorniknr.pl\/nr\/wp-content\/uploads\/2022\/06\/7.-Uchwala-w-sprawie-zatwierdzenia-sprawozdania-Rady-Nadzorczej-Spoldzielni-Mieszkaniowej-Gornik-za-2021-r..pdf\">7. Uchwa\u0142a nr 7\/2022 w sprawie zatwierdzenia sprawozdania Rady Nadzorczej Sp\u00f3\u0142dzielni Mieszkaniowej \u201eG\u00f3rnik\u201d w Nowej Rudzie z dzia\u0142alno\u015bci za 2021 r.<\/a><br \/>\n<a href=\"https:\/\/gorniknr.pl\/nr\/wp-content\/uploads\/2022\/06\/8.Uchwala-w-sprawie-przeznaczenia-nadwyzki-bilansowej-Spoldzielni-za-rok-2021.pdf\">8. Uchwa\u0142a nr 8\/2022 w sprawie przeznaczenia nadwy\u017cki bilansowej Sp\u00f3\u0142dzielni za rok 2021.<\/a><br \/>\n<a href=\"https:\/\/gorniknr.pl\/nr\/wp-content\/uploads\/2022\/06\/9.Uchwala-w-sprawie-zatwierdzenia-sprawozdania-Zarzadu-Spoldzielni-z-realizacji-zalecen-polustracyjnych-za-okres-od-01.01.2016-r.-do-31.12.2018-r..pdf\">9. Uchwa\u0142a nr 9\/2022 w sprawie zatwierdzenia sprawozdania Zarz\u0105du Sp\u00f3\u0142dzielni z realizacji zalece\u0144 polustracyjnych za okres od 01.01.2016 r. do 31.12.2018 r.<\/a><br \/>\n<a href=\"https:\/\/gorniknr.pl\/nr\/wp-content\/uploads\/2022\/06\/10.Uchwala-w-sprawie-wystapienia-Spoldzielni-Mieszkaniowej-Gornik-w-Nowej-Rudzie-ze-Zwiazku-Rewizyjnego-Spoldzielni-Mieszkaniowych-RP-w-Warszawie.pdf\">10. Uchwa\u0142a nr 10\/2022 w sprawie wyst\u0105pienia Sp\u00f3\u0142dzielni Mieszkaniowej \u201eG\u00f3rnik\u201d w Nowej Rudzie ze Zwi\u0105zku Rewizyjnego Sp\u00f3\u0142dzielni Mieszkaniowych RP w Warszawie.<\/a><br \/>\n<a href=\"https:\/\/gorniknr.pl\/nr\/wp-content\/uploads\/2022\/06\/Sprawozdanie-za-2020r.pdf\">11. Sprawozdanie z dzia\u0142alno\u015bci Zarz\u0105du Sp\u00f3\u0142dzielni Mieszkaniowej &#8222;G\u00f3rnik&#8221; za 2020 r. wraz ze sprawozdaniem finansowym Sp\u00f3\u0142dzielni za 2020 r.<\/a><br \/>\n<a href=\"https:\/\/gorniknr.pl\/nr\/wp-content\/uploads\/2022\/06\/12.-Sprawozdanie-Rady-Nadzorczej-Spoldzielni-Mieszkaniowej-Gornik-z-dzialalnosci-za-2020-r..pdf\">12. Sprawozdanie Rady Nadzorczej Sp\u00f3\u0142dzielni Mieszkaniowej &#8222;G\u00f3rnik&#8221; z dzia\u0142alno\u015bci za 2020 r.<\/a><br \/>\n<a href=\"https:\/\/gorniknr.pl\/nr\/wp-content\/uploads\/2022\/06\/13.Sprawozdanie-z-dzialalnosci-Zarzadu-Spoldzielni-Mieszkaniowej-Gornik-za-2021-r..pdf\">13. Sprawozdanie z dzia\u0142alno\u015bci Zarz\u0105du Sp\u00f3\u0142dzielni Mieszkaniowej &#8222;G\u00f3rnik&#8221; za 2021 r.<\/a><br \/>\n<a href=\"https:\/\/gorniknr.pl\/nr\/wp-content\/uploads\/2022\/06\/14.Sprawozdanie-finansowe-Spoldzielni-Mieszkaniowej-Gornik-za-2021-r..pdf\">14. Sprawozdanie finansowe Sp\u00f3\u0142dzielni Mieszkaniowej &#8222;G\u00f3rnik&#8221; za 2021 r.<\/a><br \/>\n<a href=\"https:\/\/gorniknr.pl\/nr\/wp-content\/uploads\/2022\/06\/15.-Sprawozdanie-Rady-Nadzorczej-Spoldzielni-Mieszkaniowej-Gornbik-z-dzialalnosci-za-2021-r..pdf\">15. Sprawozdanie Rady Nadzorczej Sp\u00f3\u0142dzielni Mieszkaniowej &#8222;G\u00f3rnik&#8221; z dzia\u0142alno\u015bci za 2021 r.<\/a><br \/>\n<a href=\"https:\/\/gorniknr.pl\/nr\/wp-content\/uploads\/2022\/06\/16.-Sprawozdanie-Zarzadu-z-realizacji-wnioskow-polustracyjnych-za-lata-2016-2018.pdf\">16. Sprawozdanie Zarz\u0105du z realizacji wniosk\u00f3w polustracyjnych za lata 2016-2018.<\/a><\/div>\n","protected":false},"excerpt":{"rendered":"<p>WYNIKI G\u0141OSOWANIA NA PI\u015aMIE UCHWA\u0141 WALNEGO ZGROMADZENIA uchwa\u0142a nr 1-2022 WZCz uchwa\u0142a nr 2-2022 WZCz uchwa\u0142a nr 3-2022 WZCz uchwa\u0142a nr 4-2022 WZCz uchwa\u0142a nr 5-2022 WZCz uchwa\u0142a nr 6-2022 WZCz uchwa\u0142a nr 7-2022 WZCz uchwa\u0142a nr 8-2022 WZCz uchwa\u0142a nr 9-2022 WZCz uchwa\u0142a nr 10-2022 WZCz Zarz\u0105d Sp\u00f3\u0142dzielni dzi\u0119kuje bardzo cz\u0142onkom Sp\u00f3\u0142dzielni za udzia\u0142 [&hellip;]<\/p>\n","protected":false},"author":1001004,"featured_media":0,"parent":0,"menu_order":0,"comment_status":"closed","ping_status":"closed","template":"","meta":{"_et_pb_use_builder":"","_et_pb_old_content":"","_et_gb_content_width":"","footnotes":""},"class_list":["post-1907","page","type-page","status-publish","hentry"],"_links":{"self":[{"href":"https:\/\/gorniknr.pl\/nr\/wp-json\/wp\/v2\/pages\/1907","targetHints":{"allow":["GET"]}}],"collection":[{"href":"https:\/\/gorniknr.pl\/nr\/wp-json\/wp\/v2\/pages"}],"about":[{"href":"https:\/\/gorniknr.pl\/nr\/wp-json\/wp\/v2\/types\/page"}],"author":[{"embeddable":true,"href":"https:\/\/gorniknr.pl\/nr\/wp-json\/wp\/v2\/users\/1001004"}],"replies":[{"embeddable":true,"href":"https:\/\/gorniknr.pl\/nr\/wp-json\/wp\/v2\/comments?post=1907"}],"version-history":[{"count":14,"href":"https:\/\/gorniknr.pl\/nr\/wp-json\/wp\/v2\/pages\/1907\/revisions"}],"predecessor-version":[{"id":1928,"href":"https:\/\/gorniknr.pl\/nr\/wp-json\/wp\/v2\/pages\/1907\/revisions\/1928"}],"wp:attachment":[{"href":"https:\/\/gorniknr.pl\/nr\/wp-json\/wp\/v2\/media?parent=1907"}],"curies":[{"name":"wp","href":"https:\/\/api.w.org\/{rel}","templated":true}]}}