{"id":1029,"date":"2018-05-24T13:46:21","date_gmt":"2018-05-24T13:46:21","guid":{"rendered":"http:\/\/gorniknr.pl\/pl\/?page_id=1029"},"modified":"2019-05-22T12:28:04","modified_gmt":"2019-05-22T10:28:04","slug":"walne-zgromadzenie-2018","status":"publish","type":"page","link":"https:\/\/gorniknr.pl\/nr\/walne-zgromadzenie-2018\/","title":{"rendered":"Walne zgromadzenie 2018"},"content":{"rendered":"<ol>\n<li><a href=\"https:\/\/gorniknr.pl\/nr\/wp-content\/uploads\/2018\/05\/zawiadomienie-WZCz-1.pdf\">Zawiadomienie WZCz<\/a><\/li>\n<li><a href=\"https:\/\/gorniknr.pl\/nr\/wp-content\/uploads\/2017\/05\/SP90017070410130regul.pdf\">Regulamin obrad WZCZ<\/a><\/li>\n<li><a href=\"https:\/\/gorniknr.pl\/nr\/wp-content\/uploads\/2018\/05\/Sprawozdanie-z-realizacji-wniosk\u00f3w-przyj\u0119tych-na-WZCz-w-2017r..pdf\">Sprawozdanie z realizacji wniosk\u00f3w przyj\u0119tych na WZCz w 2017r.<\/a><\/li>\n<li><a href=\"https:\/\/gorniknr.pl\/nr\/wp-content\/uploads\/2018\/05\/sprawozdanie-1.pdf\">Sprawozdanie Zarz\u0105du za 2017r.<\/a><\/li>\n<li><a href=\"https:\/\/gorniknr.pl\/nr\/wp-content\/uploads\/2018\/05\/uchwa\u0142a-RN-w-spr.-zaopiniowania-sprawozdania-finansowego.pdf\">Uchwa\u0142a RN w spr. zaopiniowania sprawozdania finansowego.<\/a><\/li>\n<li><a href=\"https:\/\/gorniknr.pl\/nr\/wp-content\/uploads\/2018\/05\/combinepdf.pdf\">Sprawozdanie Finansowe (bilans) za 2017r.<\/a><\/li>\n<li><a href=\"https:\/\/gorniknr.pl\/nr\/wp-content\/uploads\/2018\/05\/sprawozdanie.pdf\">Sprawozdanie Rady Nadzorczej za 2017 r.<\/a><\/li>\n<li><a href=\"https:\/\/gorniknr.pl\/nr\/wp-content\/uploads\/2018\/05\/Sprawozdanie-z-realizacji-wniosk\u00f3w-polustracyjnych..pdf\">Sprawozdanie z realizacji wniosk\u00f3w polustracyjnych.<\/a><\/li>\n<li><a href=\"\/pl\/wp-content\/uploads\/2019\/05\/protok\u00f3\u0142 z dnia 09.06.2018 r..pdf\" target=\"_blank\" rel=\"noopener noreferrer\">Protok\u00f3\u0142 z walnego zgromadzenia z dnia 09.06.2018<\/a><\/li>\n<li><a href=\"\/pl\/wp-content\/uploads\/2019\/05\/protok\u00f3\u0142 z dnia  01.09.2018 r..pdf\" target=\"_blank\" rel=\"noopener noreferrer\">Protok\u00f3\u0142 z nadzwyczajnego walnego zgromadzenia z dnia 01.09.2018.<\/a><\/li>\n<li>Podj\u0119te uchwa\u0142y:<br \/>\n<a href=\"https:\/\/gorniknr.pl\/nr\/wp-content\/uploads\/2018\/06\/uchwa\u0142a-nr-16.jpg\"><img loading=\"lazy\" decoding=\"async\" class=\"alignnone size-full wp-image-1091\" src=\"https:\/\/gorniknr.pl\/nr\/wp-content\/uploads\/2018\/06\/uchwa\u0142a-nr-16.jpg\" alt=\"\" width=\"1664\" height=\"2352\" srcset=\"https:\/\/gorniknr.pl\/nr\/wp-content\/uploads\/2018\/06\/uchwa\u0142a-nr-16.jpg 1664w, https:\/\/gorniknr.pl\/nr\/wp-content\/uploads\/2018\/06\/uchwa\u0142a-nr-16-212x300.jpg 212w, https:\/\/gorniknr.pl\/nr\/wp-content\/uploads\/2018\/06\/uchwa\u0142a-nr-16-768x1086.jpg 768w, https:\/\/gorniknr.pl\/nr\/wp-content\/uploads\/2018\/06\/uchwa\u0142a-nr-16-724x1024.jpg 724w\" sizes=\"(max-width: 1664px) 100vw, 1664px\" \/><\/a> <a href=\"https:\/\/gorniknr.pl\/nr\/wp-content\/uploads\/2018\/06\/uchwa\u0142a-nr-15.jpg\"><img loading=\"lazy\" decoding=\"async\" class=\"alignnone size-full wp-image-1090\" src=\"https:\/\/gorniknr.pl\/nr\/wp-content\/uploads\/2018\/06\/uchwa\u0142a-nr-15.jpg\" alt=\"\" width=\"1664\" height=\"2352\" srcset=\"https:\/\/gorniknr.pl\/nr\/wp-content\/uploads\/2018\/06\/uchwa\u0142a-nr-15.jpg 1664w, https:\/\/gorniknr.pl\/nr\/wp-content\/uploads\/2018\/06\/uchwa\u0142a-nr-15-212x300.jpg 212w, https:\/\/gorniknr.pl\/nr\/wp-content\/uploads\/2018\/06\/uchwa\u0142a-nr-15-768x1086.jpg 768w, https:\/\/gorniknr.pl\/nr\/wp-content\/uploads\/2018\/06\/uchwa\u0142a-nr-15-724x1024.jpg 724w\" sizes=\"(max-width: 1664px) 100vw, 1664px\" \/><\/a> <a href=\"https:\/\/gorniknr.pl\/nr\/wp-content\/uploads\/2018\/06\/uchwa\u0142a-nr-14.jpg\"><img loading=\"lazy\" decoding=\"async\" class=\"alignnone size-full wp-image-1089\" src=\"https:\/\/gorniknr.pl\/nr\/wp-content\/uploads\/2018\/06\/uchwa\u0142a-nr-14.jpg\" alt=\"\" width=\"1664\" height=\"2352\" srcset=\"https:\/\/gorniknr.pl\/nr\/wp-content\/uploads\/2018\/06\/uchwa\u0142a-nr-14.jpg 1664w, https:\/\/gorniknr.pl\/nr\/wp-content\/uploads\/2018\/06\/uchwa\u0142a-nr-14-212x300.jpg 212w, https:\/\/gorniknr.pl\/nr\/wp-content\/uploads\/2018\/06\/uchwa\u0142a-nr-14-768x1086.jpg 768w, https:\/\/gorniknr.pl\/nr\/wp-content\/uploads\/2018\/06\/uchwa\u0142a-nr-14-724x1024.jpg 724w\" sizes=\"(max-width: 1664px) 100vw, 1664px\" \/><\/a> <a href=\"https:\/\/gorniknr.pl\/nr\/wp-content\/uploads\/2018\/06\/uchwa\u0142a-nr-13.jpg\"><img loading=\"lazy\" decoding=\"async\" class=\"alignnone size-full wp-image-1088\" src=\"https:\/\/gorniknr.pl\/nr\/wp-content\/uploads\/2018\/06\/uchwa\u0142a-nr-13.jpg\" alt=\"\" width=\"1664\" height=\"2352\" srcset=\"https:\/\/gorniknr.pl\/nr\/wp-content\/uploads\/2018\/06\/uchwa\u0142a-nr-13.jpg 1664w, https:\/\/gorniknr.pl\/nr\/wp-content\/uploads\/2018\/06\/uchwa\u0142a-nr-13-212x300.jpg 212w, https:\/\/gorniknr.pl\/nr\/wp-content\/uploads\/2018\/06\/uchwa\u0142a-nr-13-768x1086.jpg 768w, https:\/\/gorniknr.pl\/nr\/wp-content\/uploads\/2018\/06\/uchwa\u0142a-nr-13-724x1024.jpg 724w\" sizes=\"(max-width: 1664px) 100vw, 1664px\" \/><\/a> <a href=\"https:\/\/gorniknr.pl\/nr\/wp-content\/uploads\/2018\/06\/uchwa\u0142a-nr-12.jpg\"><img loading=\"lazy\" decoding=\"async\" class=\"alignnone size-full wp-image-1087\" src=\"https:\/\/gorniknr.pl\/nr\/wp-content\/uploads\/2018\/06\/uchwa\u0142a-nr-12.jpg\" alt=\"\" width=\"1664\" height=\"2352\" srcset=\"https:\/\/gorniknr.pl\/nr\/wp-content\/uploads\/2018\/06\/uchwa\u0142a-nr-12.jpg 1664w, https:\/\/gorniknr.pl\/nr\/wp-content\/uploads\/2018\/06\/uchwa\u0142a-nr-12-212x300.jpg 212w, https:\/\/gorniknr.pl\/nr\/wp-content\/uploads\/2018\/06\/uchwa\u0142a-nr-12-768x1086.jpg 768w, https:\/\/gorniknr.pl\/nr\/wp-content\/uploads\/2018\/06\/uchwa\u0142a-nr-12-724x1024.jpg 724w\" sizes=\"(max-width: 1664px) 100vw, 1664px\" \/><\/a> <a href=\"https:\/\/gorniknr.pl\/nr\/wp-content\/uploads\/2018\/06\/uchwa\u0142a-nr-11.jpg\"><img loading=\"lazy\" decoding=\"async\" class=\"alignnone size-full wp-image-1086\" src=\"https:\/\/gorniknr.pl\/nr\/wp-content\/uploads\/2018\/06\/uchwa\u0142a-nr-11.jpg\" alt=\"\" width=\"1664\" height=\"2352\" srcset=\"https:\/\/gorniknr.pl\/nr\/wp-content\/uploads\/2018\/06\/uchwa\u0142a-nr-11.jpg 1664w, https:\/\/gorniknr.pl\/nr\/wp-content\/uploads\/2018\/06\/uchwa\u0142a-nr-11-212x300.jpg 212w, https:\/\/gorniknr.pl\/nr\/wp-content\/uploads\/2018\/06\/uchwa\u0142a-nr-11-768x1086.jpg 768w, https:\/\/gorniknr.pl\/nr\/wp-content\/uploads\/2018\/06\/uchwa\u0142a-nr-11-724x1024.jpg 724w\" sizes=\"(max-width: 1664px) 100vw, 1664px\" \/><\/a> <a href=\"https:\/\/gorniknr.pl\/nr\/wp-content\/uploads\/2018\/06\/uchwa\u0142a-nr-10.jpg\"><img loading=\"lazy\" decoding=\"async\" class=\"alignnone size-full wp-image-1085\" src=\"https:\/\/gorniknr.pl\/nr\/wp-content\/uploads\/2018\/06\/uchwa\u0142a-nr-10.jpg\" alt=\"\" width=\"1664\" height=\"2352\" srcset=\"https:\/\/gorniknr.pl\/nr\/wp-content\/uploads\/2018\/06\/uchwa\u0142a-nr-10.jpg 1664w, https:\/\/gorniknr.pl\/nr\/wp-content\/uploads\/2018\/06\/uchwa\u0142a-nr-10-212x300.jpg 212w, https:\/\/gorniknr.pl\/nr\/wp-content\/uploads\/2018\/06\/uchwa\u0142a-nr-10-768x1086.jpg 768w, https:\/\/gorniknr.pl\/nr\/wp-content\/uploads\/2018\/06\/uchwa\u0142a-nr-10-724x1024.jpg 724w\" sizes=\"(max-width: 1664px) 100vw, 1664px\" \/><\/a> <a href=\"https:\/\/gorniknr.pl\/nr\/wp-content\/uploads\/2018\/06\/uchwa\u0142a-nr-09.jpg\"><img loading=\"lazy\" decoding=\"async\" class=\"alignnone size-full wp-image-1084\" src=\"https:\/\/gorniknr.pl\/nr\/wp-content\/uploads\/2018\/06\/uchwa\u0142a-nr-09.jpg\" alt=\"\" width=\"1664\" height=\"2352\" srcset=\"https:\/\/gorniknr.pl\/nr\/wp-content\/uploads\/2018\/06\/uchwa\u0142a-nr-09.jpg 1664w, https:\/\/gorniknr.pl\/nr\/wp-content\/uploads\/2018\/06\/uchwa\u0142a-nr-09-212x300.jpg 212w, https:\/\/gorniknr.pl\/nr\/wp-content\/uploads\/2018\/06\/uchwa\u0142a-nr-09-768x1086.jpg 768w, https:\/\/gorniknr.pl\/nr\/wp-content\/uploads\/2018\/06\/uchwa\u0142a-nr-09-724x1024.jpg 724w\" sizes=\"(max-width: 1664px) 100vw, 1664px\" \/><\/a> <a href=\"https:\/\/gorniknr.pl\/nr\/wp-content\/uploads\/2018\/06\/uchwa\u0142a-nr-08.jpg\"><img loading=\"lazy\" decoding=\"async\" class=\"alignnone size-full wp-image-1083\" src=\"https:\/\/gorniknr.pl\/nr\/wp-content\/uploads\/2018\/06\/uchwa\u0142a-nr-08.jpg\" alt=\"\" width=\"1664\" height=\"2352\" srcset=\"https:\/\/gorniknr.pl\/nr\/wp-content\/uploads\/2018\/06\/uchwa\u0142a-nr-08.jpg 1664w, https:\/\/gorniknr.pl\/nr\/wp-content\/uploads\/2018\/06\/uchwa\u0142a-nr-08-212x300.jpg 212w, https:\/\/gorniknr.pl\/nr\/wp-content\/uploads\/2018\/06\/uchwa\u0142a-nr-08-768x1086.jpg 768w, https:\/\/gorniknr.pl\/nr\/wp-content\/uploads\/2018\/06\/uchwa\u0142a-nr-08-724x1024.jpg 724w\" sizes=\"(max-width: 1664px) 100vw, 1664px\" \/><\/a> <a href=\"https:\/\/gorniknr.pl\/nr\/wp-content\/uploads\/2018\/06\/uchwa\u0142a-nr-07.jpg\"><img loading=\"lazy\" decoding=\"async\" class=\"alignnone size-full wp-image-1082\" src=\"https:\/\/gorniknr.pl\/nr\/wp-content\/uploads\/2018\/06\/uchwa\u0142a-nr-07.jpg\" alt=\"\" width=\"1664\" height=\"2352\" srcset=\"https:\/\/gorniknr.pl\/nr\/wp-content\/uploads\/2018\/06\/uchwa\u0142a-nr-07.jpg 1664w, https:\/\/gorniknr.pl\/nr\/wp-content\/uploads\/2018\/06\/uchwa\u0142a-nr-07-212x300.jpg 212w, https:\/\/gorniknr.pl\/nr\/wp-content\/uploads\/2018\/06\/uchwa\u0142a-nr-07-768x1086.jpg 768w, https:\/\/gorniknr.pl\/nr\/wp-content\/uploads\/2018\/06\/uchwa\u0142a-nr-07-724x1024.jpg 724w\" sizes=\"(max-width: 1664px) 100vw, 1664px\" \/><\/a> <a href=\"https:\/\/gorniknr.pl\/nr\/wp-content\/uploads\/2018\/06\/uchwa\u0142a-nr-06.jpg\"><img loading=\"lazy\" decoding=\"async\" class=\"alignnone size-full wp-image-1081\" src=\"https:\/\/gorniknr.pl\/nr\/wp-content\/uploads\/2018\/06\/uchwa\u0142a-nr-06.jpg\" alt=\"\" width=\"1664\" height=\"2352\" srcset=\"https:\/\/gorniknr.pl\/nr\/wp-content\/uploads\/2018\/06\/uchwa\u0142a-nr-06.jpg 1664w, https:\/\/gorniknr.pl\/nr\/wp-content\/uploads\/2018\/06\/uchwa\u0142a-nr-06-212x300.jpg 212w, https:\/\/gorniknr.pl\/nr\/wp-content\/uploads\/2018\/06\/uchwa\u0142a-nr-06-768x1086.jpg 768w, https:\/\/gorniknr.pl\/nr\/wp-content\/uploads\/2018\/06\/uchwa\u0142a-nr-06-724x1024.jpg 724w\" sizes=\"(max-width: 1664px) 100vw, 1664px\" \/><\/a> <a href=\"https:\/\/gorniknr.pl\/nr\/wp-content\/uploads\/2018\/06\/uchwa\u0142a-nr-05.jpg\"><img loading=\"lazy\" decoding=\"async\" class=\"alignnone size-full wp-image-1080\" src=\"https:\/\/gorniknr.pl\/nr\/wp-content\/uploads\/2018\/06\/uchwa\u0142a-nr-05.jpg\" alt=\"\" width=\"1664\" height=\"2352\" srcset=\"https:\/\/gorniknr.pl\/nr\/wp-content\/uploads\/2018\/06\/uchwa\u0142a-nr-05.jpg 1664w, https:\/\/gorniknr.pl\/nr\/wp-content\/uploads\/2018\/06\/uchwa\u0142a-nr-05-212x300.jpg 212w, https:\/\/gorniknr.pl\/nr\/wp-content\/uploads\/2018\/06\/uchwa\u0142a-nr-05-768x1086.jpg 768w, https:\/\/gorniknr.pl\/nr\/wp-content\/uploads\/2018\/06\/uchwa\u0142a-nr-05-724x1024.jpg 724w\" sizes=\"(max-width: 1664px) 100vw, 1664px\" \/><\/a> <a href=\"https:\/\/gorniknr.pl\/nr\/wp-content\/uploads\/2018\/06\/uchwa\u0142a-nr-04.jpg\"><img loading=\"lazy\" decoding=\"async\" class=\"alignnone size-full wp-image-1079\" src=\"https:\/\/gorniknr.pl\/nr\/wp-content\/uploads\/2018\/06\/uchwa\u0142a-nr-04.jpg\" alt=\"\" width=\"1664\" height=\"2352\" srcset=\"https:\/\/gorniknr.pl\/nr\/wp-content\/uploads\/2018\/06\/uchwa\u0142a-nr-04.jpg 1664w, https:\/\/gorniknr.pl\/nr\/wp-content\/uploads\/2018\/06\/uchwa\u0142a-nr-04-212x300.jpg 212w, https:\/\/gorniknr.pl\/nr\/wp-content\/uploads\/2018\/06\/uchwa\u0142a-nr-04-768x1086.jpg 768w, https:\/\/gorniknr.pl\/nr\/wp-content\/uploads\/2018\/06\/uchwa\u0142a-nr-04-724x1024.jpg 724w\" sizes=\"(max-width: 1664px) 100vw, 1664px\" \/><\/a> <a href=\"https:\/\/gorniknr.pl\/nr\/wp-content\/uploads\/2018\/06\/uchwa\u0142a-nr-03.jpg\"><img loading=\"lazy\" decoding=\"async\" class=\"alignnone size-full wp-image-1078\" src=\"https:\/\/gorniknr.pl\/nr\/wp-content\/uploads\/2018\/06\/uchwa\u0142a-nr-03.jpg\" alt=\"\" width=\"1664\" height=\"2352\" srcset=\"https:\/\/gorniknr.pl\/nr\/wp-content\/uploads\/2018\/06\/uchwa\u0142a-nr-03.jpg 1664w, https:\/\/gorniknr.pl\/nr\/wp-content\/uploads\/2018\/06\/uchwa\u0142a-nr-03-212x300.jpg 212w, https:\/\/gorniknr.pl\/nr\/wp-content\/uploads\/2018\/06\/uchwa\u0142a-nr-03-768x1086.jpg 768w, https:\/\/gorniknr.pl\/nr\/wp-content\/uploads\/2018\/06\/uchwa\u0142a-nr-03-724x1024.jpg 724w\" sizes=\"(max-width: 1664px) 100vw, 1664px\" \/><\/a> <a href=\"https:\/\/gorniknr.pl\/nr\/wp-content\/uploads\/2018\/06\/uchwa\u0142a-nr-02.jpg\"><img loading=\"lazy\" decoding=\"async\" class=\"alignnone size-full wp-image-1077\" src=\"https:\/\/gorniknr.pl\/nr\/wp-content\/uploads\/2018\/06\/uchwa\u0142a-nr-02.jpg\" alt=\"\" width=\"1664\" height=\"2352\" srcset=\"https:\/\/gorniknr.pl\/nr\/wp-content\/uploads\/2018\/06\/uchwa\u0142a-nr-02.jpg 1664w, https:\/\/gorniknr.pl\/nr\/wp-content\/uploads\/2018\/06\/uchwa\u0142a-nr-02-212x300.jpg 212w, https:\/\/gorniknr.pl\/nr\/wp-content\/uploads\/2018\/06\/uchwa\u0142a-nr-02-768x1086.jpg 768w, https:\/\/gorniknr.pl\/nr\/wp-content\/uploads\/2018\/06\/uchwa\u0142a-nr-02-724x1024.jpg 724w\" sizes=\"(max-width: 1664px) 100vw, 1664px\" \/><\/a> <a href=\"https:\/\/gorniknr.pl\/nr\/wp-content\/uploads\/2018\/06\/uchwa\u0142a-nr-01.jpg\"><img loading=\"lazy\" decoding=\"async\" class=\"alignnone size-thumbnail wp-image-1076\" src=\"https:\/\/gorniknr.pl\/nr\/wp-content\/uploads\/2018\/06\/uchwa\u0142a-nr-01-150x150.jpg\" alt=\"\" width=\"150\" height=\"150\"><\/a><\/li>\n<\/ol>\n","protected":false},"excerpt":{"rendered":"<p>Zawiadomienie WZCz Regulamin obrad WZCZ Sprawozdanie z realizacji wniosk\u00f3w przyj\u0119tych na WZCz w 2017r. Sprawozdanie Zarz\u0105du za 2017r. Uchwa\u0142a RN w spr. zaopiniowania sprawozdania finansowego. Sprawozdanie Finansowe (bilans) za 2017r. Sprawozdanie Rady Nadzorczej za 2017 r. Sprawozdanie z realizacji wniosk\u00f3w polustracyjnych. Protok\u00f3\u0142 z walnego zgromadzenia z dnia 09.06.2018 Protok\u00f3\u0142 z nadzwyczajnego walnego zgromadzenia z dnia [&hellip;]<\/p>\n","protected":false},"author":1001004,"featured_media":0,"parent":0,"menu_order":0,"comment_status":"closed","ping_status":"closed","template":"","meta":{"_et_pb_use_builder":"","_et_pb_old_content":"","_et_gb_content_width":"","footnotes":""},"class_list":["post-1029","page","type-page","status-publish","hentry"],"_links":{"self":[{"href":"https:\/\/gorniknr.pl\/nr\/wp-json\/wp\/v2\/pages\/1029","targetHints":{"allow":["GET"]}}],"collection":[{"href":"https:\/\/gorniknr.pl\/nr\/wp-json\/wp\/v2\/pages"}],"about":[{"href":"https:\/\/gorniknr.pl\/nr\/wp-json\/wp\/v2\/types\/page"}],"author":[{"embeddable":true,"href":"https:\/\/gorniknr.pl\/nr\/wp-json\/wp\/v2\/users\/1001004"}],"replies":[{"embeddable":true,"href":"https:\/\/gorniknr.pl\/nr\/wp-json\/wp\/v2\/comments?post=1029"}],"version-history":[{"count":13,"href":"https:\/\/gorniknr.pl\/nr\/wp-json\/wp\/v2\/pages\/1029\/revisions"}],"predecessor-version":[{"id":1334,"href":"https:\/\/gorniknr.pl\/nr\/wp-json\/wp\/v2\/pages\/1029\/revisions\/1334"}],"wp:attachment":[{"href":"https:\/\/gorniknr.pl\/nr\/wp-json\/wp\/v2\/media?parent=1029"}],"curies":[{"name":"wp","href":"https:\/\/api.w.org\/{rel}","templated":true}]}}